{"id":208,"date":"2022-01-16T11:04:06","date_gmt":"2022-01-16T11:04:06","guid":{"rendered":"https:\/\/kaelberer-online.de\/services\/?page_id=208"},"modified":"2022-01-16T11:04:06","modified_gmt":"2022-01-16T11:04:06","slug":"sip-trunk-telefonanlage-3cx","status":"publish","type":"page","link":"https:\/\/www.kaelberer-online.de\/services\/telefonanlagen\/sip-trunk-telefonanlage-3cx\/","title":{"rendered":"SIP TRUNK TELEFONANLAGE 3CX Installation Telefon 07164 90 97 00"},"content":{"rendered":"<h2>\n<p>Kennen Sie die Vorgaben an Ihre neue <strong><strong>3CX<\/strong><\/strong> <strong><strong>Telefonanlage<\/strong><\/strong> schon?<\/p>\n<\/h2>\n<p><h3>Die aktuelle <strong>3CX<\/strong> <strong>TK-Anlage<\/strong> erleichtert die Firmenprozesse. Optimieren Sie Ihre Firma mit einer neusten und flexiblen <strong>3CX<\/strong> <strong>TK-Anlage<\/strong>. Eine <strong>3CX<\/strong> <strong>TK-Anlage<\/strong> die ma\u00dfgeschneidert auf Ihre Anforderungen zugeschnitten ist und mit dem Unternehmen gro\u00df werden kann.<\/h3>\n<\/p>\n<p>Eine neue Arbeitswelt die mobil unterwegs ist. Kommunizieren Sie mit dem Handy \u00fcber die <strong>3CX<\/strong> <strong>Telefonanlage<\/strong> mit Ihren Auftraggebern. Selbstverst\u00e4ndlich \u00fcber Ihre Festnetz-Rufnummer als Absender-Kennung. besch\u00fctzen Sie die Privatsph\u00e4re und beweisen Sie Seriosit\u00e4t.<\/p>\n<p>die <strong>3CX<\/strong> <strong>TK-Anlage<\/strong>n werden f\u00fcr flexibles arbeiten entwickelt. Als aktuelle Cloud <strong>3CX<\/strong> <strong>Telefonanlage<\/strong> oder auf Ihrer pers\u00f6nlichen Hardware hausintern gehostet. Eine Installation und die Konfiguration ist unkompliziert. Sie erhalten dadurch eine sichere, zuverl\u00e4ssige und vielseitige <strong>3CX<\/strong> TK-Anlage.<\/p>\n<h2>Faire Preise f\u00fcr Ihre brandneue 3CX <strong>Telefonanlage<\/strong><\/h2>\n<p>Ein tolles Preis- und Leistungsverh\u00e4ltnis. Richten Sie unendlich viele Nebenstellen ein, stets pr\u00e4zise da wo Sie sie gerade ben\u00f6tigen und sparen Sie Kosten.<\/p>\n<h2>St\u00e4rken Sie Ihr Personal.<\/h2>\n<p>Bei Anrufeingang genau wissen wer im Moment anruft. Informationen sind alles. F\u00fcr Besch\u00e4ftigte oder die Gesch\u00e4ftsleitung. Dadurch wissen Sie genau was l\u00e4uft. W\u00e4hlen Sie mit einem trivialen Click aus dem CRM oder Ihrer Firmensoftware jede Telefonnummer.<\/p>\n<p>W\u00e4re es nicht fantastisch, wenn Sie von einer zentralen Oberfl\u00e4che heraus s\u00e4mtliche Anrufe realisieren, empfangen sowie bearbeiten oder aber den Status Ihrer Mitarbeiter in Erfahrung bringen, eingehende Livechat-Nachrichten beantworten und Videoanrufe initiieren k\u00f6nnten? Mit einem Webclient als Softphone wie auch der Windows Desktop Applikation ist all das und noch jede Menge mehr m\u00f6glich.<\/p>\n<h2>MS 365 Zusammenf\u00fchrung<\/h2>\n<p>Nutzt Ihr Unternehmen Microsoft 365? Dann vernetzen Sie dieses bequem mit der <strong>3CX<\/strong> <strong>TK-Anlage<\/strong> und vereinen Sie s\u00e4mtliche Vorz\u00fcge beider Systeme! Benutzer k\u00f6nnen nahtlos mit beiden Apps arbeiten, Kontakte organisieren und Vorgehensweisen schlanker machen, um die Effizienz zu steigern und Kunden zu begeistern. <\/p>\n<h2>Kontakte mit dem <strong>3CX<\/strong> Telefonbuch abgleichen<\/h2>\n<h2>MS Teams Telefonie-Integration<\/h2>\n<ol>\n<li>Durchf\u00fchrung externer Telefongespr\u00e4che mittels <strong>3CX<\/strong> SIP-Trunks<\/li>\n<\/li>\n<li>Ausschalten Microsoft\u00b4s teurer Inlands-\/internationaler Tarife<\/li>\n<\/li>\n<li>Selektion eines eigenen preisg\u00fcnstigen SIP-Providers Ihrer Gegend<\/li>\n<\/li>\n<\/ol>\n<h3>Unsere Techniker informieren, organisieren Hardware sowie Softwarel\u00f6sungen, richten ein, konfigurieren, nehmen in Betrieb und Supporten Ihre neue <strong>3CX<\/strong> <strong>TK-Anlage<\/strong>. Sie haben Fragen, oder m\u00f6chten unsere derzeitige Preisliste anfordern? Sie erreichen uns unter Telefon 07164 909700 oder per E-Mail-Nachricht unter support@kaelberer-online.de<\/h3>\n<h2>Haben wir Sie neugierig gemacht?<\/h2>\n<p>Viele weitere interessante Features warten auf Sie.<\/p>\n<ul>\n<li>Freih\u00e4ndiges Sprechen mit Hilfe Siri wie auch Bluetooth-Integration<\/li>\n<li>Anrufe mit einem einzigen Click direkt aus CRM heraus initiieren<\/li>\n<li>Benutzerdefinierte Call Flows automatisieren Anfragen &#038; Arbeitsschritte<\/li>\n<li>Kontrolle \u00fcber Ihre Leitungen und Gespr\u00e4chskosten<\/li>\n<li>Perfekte Benutzerverwaltung reduziert jede Menge Stunden Arbeit<\/li>\n<li>Telefonrechnung um bis zu 80 % reduzieren mittels Wechsel zu <strong>3CX<\/strong><\/li>\n<li>Wechsel zwischen Server &#038; Cloud \u2013 integriertes Backup &#038; Restore<\/li>\n<li>Anrufweiterleitung aufbauend auf Kundennummer sowie Anfrage<\/li>\n<li>Wechsel zwischen Sprach- und Video-Telefonaten mit einem Fingertipp<\/li>\n<li>Abfrage von Kunden- sowie Fallnummern, um Agenten Zeit zu sparen<\/li>\n<li>Webkonferenzen, mobile Apps, Chat einbegriffen<\/li>\n<li>Identifikation von Anrufern dank CRM-Zusammenf\u00fchrung<\/li>\n<li>Nutzung der Unternehmens-Durchwahlnummer auf Ihrem Smartphone<\/li>\n<li>Keine Lizenzierung pro Nebenstelle, unendlich viele Nebenstellen<\/li>\n<li>Eigenst\u00e4ndig Hosten via Google, Amazon, Microsoft &#038; weitere<\/li>\n<li>Beginnen eines Videoanrufs von Ihrem Mobiltelefon aus<\/li>\n<li>Zeitgewinn mittels automatischer Bildschirmanzeige von Kundendaten<\/li>\n<li>Ab\u00e4ndern des eigenen Status sowie Ansicht der Verf\u00fcgbarkeit des Projektteams<\/li>\n<li>Lockdown-f\u00e4hig mit der kostenlosen Anwendung f\u00fcr Web, iOS &#038; Android<\/li>\n<li>Anmeldung am Webclient \u2013 Einzelheiten in der Willkommens-E-Mail<\/li>\n<li>Update des pers\u00f6nlichen Status &#038; Einsicht der Team-Verf\u00fcgbarkeit<\/li>\n<li>Verwaltung, Sicherheits-Patches &#038; Version-Upgrades durch <strong>3CX<\/strong><\/li>\n<\/ul>\n<h3>Bitte fordern Sie erg\u00e4nzende Informationen und ein Produktangebot bei unserer Firma an. Selbstverst\u00e4ndlich stellen wir Ihnen auch eine komplette Featureliste zur Verf\u00fcgung.<\/h3>\n<p>[contact-form-7 id=&#8220;5&#8243; title=&#8220;Contact form 1&#8243;]<\/p>\n","protected":false},"excerpt":{"rendered":"<p>Kennen Sie die Vorgaben an Ihre neue 3CX Telefonanlage schon? Die aktuelle 3CX TK-Anlage erleichtert die Firmenprozesse. Optimieren Sie Ihre Firma mit einer neusten und flexiblen 3CX TK-Anlage. Eine 3CX TK-Anlage die ma\u00dfgeschneidert auf Ihre Anforderungen zugeschnitten ist und mit dem Unternehmen gro\u00df werden kann. Eine neue Arbeitswelt die mobil unterwegs ist. Kommunizieren Sie mit &hellip; <a href=\"https:\/\/www.kaelberer-online.de\/services\/telefonanlagen\/sip-trunk-telefonanlage-3cx\/\" class=\"more-link\">Continue reading<span class=\"screen-reader-text\"> &#8222;SIP TRUNK TELEFONANLAGE 3CX Installation Telefon 07164 90 97 00&#8220;<\/span><\/a><\/p>\n","protected":false},"author":2,"featured_media":209,"parent":26,"menu_order":0,"comment_status":"closed","ping_status":"closed","template":"","meta":{"footnotes":""},"class_list":["post-208","page","type-page","status-publish","has-post-thumbnail","hentry"],"_links":{"self":[{"href":"https:\/\/www.kaelberer-online.de\/services\/wp-json\/wp\/v2\/pages\/208","targetHints":{"allow":["GET"]}}],"collection":[{"href":"https:\/\/www.kaelberer-online.de\/services\/wp-json\/wp\/v2\/pages"}],"about":[{"href":"https:\/\/www.kaelberer-online.de\/services\/wp-json\/wp\/v2\/types\/page"}],"author":[{"embeddable":true,"href":"https:\/\/www.kaelberer-online.de\/services\/wp-json\/wp\/v2\/users\/2"}],"replies":[{"embeddable":true,"href":"https:\/\/www.kaelberer-online.de\/services\/wp-json\/wp\/v2\/comments?post=208"}],"version-history":[{"count":0,"href":"https:\/\/www.kaelberer-online.de\/services\/wp-json\/wp\/v2\/pages\/208\/revisions"}],"up":[{"embeddable":true,"href":"https:\/\/www.kaelberer-online.de\/services\/wp-json\/wp\/v2\/pages\/26"}],"wp:featuredmedia":[{"embeddable":true,"href":"https:\/\/www.kaelberer-online.de\/services\/wp-json\/wp\/v2\/media\/209"}],"wp:attachment":[{"href":"https:\/\/www.kaelberer-online.de\/services\/wp-json\/wp\/v2\/media?parent=208"}],"curies":[{"name":"wp","href":"https:\/\/api.w.org\/{rel}","templated":true}]}}