{"id":206,"date":"2022-01-20T12:20:05","date_gmt":"2022-01-20T12:20:05","guid":{"rendered":"https:\/\/kaelberer-online.de\/services\/?page_id=206"},"modified":"2022-01-20T12:20:05","modified_gmt":"2022-01-20T12:20:05","slug":"voip-telefonanlage-kleine-unternehmen-3cx","status":"publish","type":"page","link":"https:\/\/www.kaelberer-online.de\/services\/telefonanlagen\/voip-telefonanlage-kleine-unternehmen-3cx\/","title":{"rendered":"VOIP TELEFONANLAGE KLEINE UNTERNEHMEN 3CX Beratung Telefon 07164 90 97 00"},"content":{"rendered":"<h2>\n<p>Wissen Sie die Vorgaben an Ihre neue <strong><strong>3CX<\/strong><\/strong> <strong><strong>TK-Anlage<\/strong><\/strong> bereits?<\/p>\n<\/h2>\n<p><h3>Eine moderne <strong>3CX<\/strong> <strong>Telefonanlage<\/strong> simplifiziert die Firmenprozesse. Optimieren Sie Ihre Firma mit der neuen und flexiblen <strong>3CX<\/strong> Telefonanlage. Die <strong>3CX<\/strong> <strong>Telefonanlage<\/strong> die individuell auf Ihre Anforderungen zugeschnitten ist und mit dem Unternehmen wachsen kann.<\/h3>\n<\/p>\n<p>Die neue Arbeitswelt die mobil unterwegs ist. Kommunizieren Sie mit dem Smartphone \u00fcber die <strong>3CX<\/strong> <strong>Telefonanlage<\/strong> mit Ihren Kunden. Selbstverst\u00e4ndlich mit Ihrer Festnetz-Telefonnummer als Absenderkennung. Wahren Sie die Privatsph\u00e4re und zeigen Sie Seriosit\u00e4t.<\/p>\n<p>Unsere <strong>3CX<\/strong> <strong>Telefonanlage<\/strong>n wurden f\u00fcr mobiles arbeiten designed. Als zeitgem\u00e4\u00dfe Cloud <strong>3CX<\/strong> <strong>Telefonanlage<\/strong> oder auf der privaten Hardware hausintern gehostet. Eine Installation und die Konfiguration ist einfach. Sie erhalten damit eine sichere, zuverl\u00e4ssige sowie vielseitige <strong>3CX<\/strong> TK-Anlage.<\/p>\n<h2>Gute Preise f\u00fcr Ihre brandneue 3CX <strong>TK-Anlage<\/strong><\/h2>\n<p>Ein tolles Preis- und Leistungsverh\u00e4ltnis. Richten Sie grenzenlos viele Nebenstellen ein, immer genau da wo Sie sie im Moment ben\u00f6tigen und sparen Sie Kosten.<\/p>\n<h2>St\u00e4rken Sie Ihr Verkaufspersonal.<\/h2>\n<p>Bei Anrufeingang pr\u00e4zise wissen wer gerade anruft. Infos sind alles. F\u00fcr Angestellte oder die Leitung. Dadurch wissen Sie exakt was l\u00e4uft. W\u00e4hlen Sie mit einem simplen Click aus Ihrem CRM oder Ihrer Firmensoftware jede Rufnummer.<\/p>\n<p>Ist es nicht super, wenn Sie von einer zentralen Oberfl\u00e4che heraus jegliche Anrufe t\u00e4tigen, entgegennehmen und bearbeiten oder aber den Status Ihrer Arbeitskollegen in Erfahrung bringen, eingehende Chat-News beantworten und Videoanrufe f\u00fchren k\u00f6nnten? Mit dem Webclient als Softphone und der Windows Desktop Applikation wird all das und noch reichlich mehr m\u00f6glich.<\/p>\n<h2>MS 365 Integration<\/h2>\n<p>Benutzt Ihr Unternehmen Microsoft 365? In diesem Fall verbinden Sie dieses unproblematisch mit der <strong>3CX<\/strong> <strong>TK-Anlage<\/strong> und kombinieren Sie s\u00e4mtliche Vorz\u00fcge beider Systeme! User k\u00f6nnen \u00fcbergangslos mit beiden Apps arbeiten, Kontakte verwalten und Vorg\u00e4nge schlanker machen, um ihre Effizienz zu erh\u00f6hen und Klienten zu inspirieren. <\/p>\n<h2>Kontakte mit Ihrem <strong>3CX<\/strong> Telefonbuch synchronisieren<\/h2>\n<h2>Microsoft Teams Telefonie-Zusammenf\u00fchrung<\/h2>\n<ol>\n<li>Selektion eines individuellen optimalen SIP-Dienstleisters Ihrer Gegend<\/li>\n<\/li>\n<li>Realisierung externer Telefongespr\u00e4che mittels <strong>3CX<\/strong> SIP-Trunks<\/li>\n<\/li>\n<li>Ausschalten Microsoft\u00b4s teurer Inlands-\/internationaler Tarife<\/li>\n<\/li>\n<\/ol>\n<h3>Wir unterst\u00fctzen, organisieren Hardware wie auch Software, installieren, konfigurieren, nehmen in Betrieb und Supporten Ihre neue <strong>3CX<\/strong> <strong>Telefonanlage<\/strong>. Sie haben Fragen, oder m\u00f6chten die aktuelle Preisliste anfordern? Sie erreichen uns unter Telefon 07164 909700 und per Mail unter support@kaelberer-online.de<\/h3>\n<h2>Konnten wir Sie neugierig machen?<\/h2>\n<p>Unz\u00e4hlige weitere tolle Features warten auf Sie.<\/p>\n<ul>\n<li>Anwendung \u00f6ffnen, QR Code scannen \u2013 im Nu sind Sie bereit!<\/li>\n<li>Auf g\u00fcnstigem Raspberry Pi sowie MiniPC als Telefonie-Appliance<\/li>\n<li>Anrufweiterleitung basierend auf Kundennummer sowie Anfrage<\/li>\n<li>Registrierung am Webclient \u2013 Einzelheiten in der Willkommens-E-Mail<\/li>\n<li>Beginnen eines Videoanrufs von Ihrem Handy aus<\/li>\n<li>\u00c4ndern des pers\u00f6nlichen Status und Ansicht der Verf\u00fcgbarkeit des Projektteams<\/li>\n<li>Verzicht auf kostspielige Mobilanrufe zwischen Mitarbeitern sowie Klienten<\/li>\n<li>Erstellung eines neuen Kundendatensatzes f\u00fcr neue Rufnummern<\/li>\n<li>Bereitstellung Ihrer Instanz bei einem Top-Cloud-Experten<\/li>\n<li>Bereitstellung per Google Marketplace, Amazon oder Azure<\/li>\n<li>Integrierte browserbasierte Videokonferenzen<\/li>\n<li>Wechsel zwischen Sprach- und Videoanrufen mit einem Fingertipp<\/li>\n<li>Verwaltung, Sicherheits-Patches &#038; Version-Upgrades durch <strong>3CX<\/strong><\/li>\n<li>Keine Lizenzierung je Nebenstelle, unbeschr\u00e4nkt viele Nebenstellen<\/li>\n<li>Keinerlei Tischtelefone vonn\u00f6ten \u2013 Nutzen Sie Ihr Mobiltelefon<\/li>\n<li>Perfekte Verbindung f\u00fcr nahtlosen Wechsel zwischen Netzen<\/li>\n<li>Verwaltung von System &#038; Benutzern von beliebigem Ort<\/li>\n<li>Vernetzen von remote B\u00fcros und interne Anrufkosten eliminieren<\/li>\n<li>Freih\u00e4ndiges Kommunizieren mit Hilfe Siri und Bluetooth-Einbindung<\/li>\n<li>Kontrolle \u00fcber Ihre Leitungen und Telefongespr\u00e4chskosten<\/li>\n<li>Automatische Anrufaufzeichnung eliminiert manuelle Eintragungen<\/li>\n<li>Virtualisieren durch VMware, Hyper-V oder KVM<\/li>\n<li>Bequemes Erstellen und Organisieren von Nebenstellen \u2013 auch remote<\/li>\n<\/ul>\n<h3>Bitte fordern Sie zus\u00e4tzliche Unterlagen sowie ein Angebot bei unserer Firma an. Selbstverst\u00e4ndlich stellen wir Ihnen auch eine vollst\u00e4ndige Leistungs\u00fcbersicht zur Verf\u00fcgung.<\/h3>\n<p>[contact-form-7 id=&#8220;5&#8243; title=&#8220;Contact form 1&#8243;]<\/p>\n","protected":false},"excerpt":{"rendered":"<p>Wissen Sie die Vorgaben an Ihre neue 3CX TK-Anlage bereits? Eine moderne 3CX Telefonanlage simplifiziert die Firmenprozesse. Optimieren Sie Ihre Firma mit der neuen und flexiblen 3CX Telefonanlage. Die 3CX Telefonanlage die individuell auf Ihre Anforderungen zugeschnitten ist und mit dem Unternehmen wachsen kann. Die neue Arbeitswelt die mobil unterwegs ist. Kommunizieren Sie mit dem &hellip; <a href=\"https:\/\/www.kaelberer-online.de\/services\/telefonanlagen\/voip-telefonanlage-kleine-unternehmen-3cx\/\" class=\"more-link\">Continue reading<span class=\"screen-reader-text\"> &#8222;VOIP TELEFONANLAGE KLEINE UNTERNEHMEN 3CX Beratung Telefon 07164 90 97 00&#8220;<\/span><\/a><\/p>\n","protected":false},"author":2,"featured_media":207,"parent":26,"menu_order":0,"comment_status":"closed","ping_status":"closed","template":"","meta":{"footnotes":""},"class_list":["post-206","page","type-page","status-publish","has-post-thumbnail","hentry"],"_links":{"self":[{"href":"https:\/\/www.kaelberer-online.de\/services\/wp-json\/wp\/v2\/pages\/206","targetHints":{"allow":["GET"]}}],"collection":[{"href":"https:\/\/www.kaelberer-online.de\/services\/wp-json\/wp\/v2\/pages"}],"about":[{"href":"https:\/\/www.kaelberer-online.de\/services\/wp-json\/wp\/v2\/types\/page"}],"author":[{"embeddable":true,"href":"https:\/\/www.kaelberer-online.de\/services\/wp-json\/wp\/v2\/users\/2"}],"replies":[{"embeddable":true,"href":"https:\/\/www.kaelberer-online.de\/services\/wp-json\/wp\/v2\/comments?post=206"}],"version-history":[{"count":0,"href":"https:\/\/www.kaelberer-online.de\/services\/wp-json\/wp\/v2\/pages\/206\/revisions"}],"up":[{"embeddable":true,"href":"https:\/\/www.kaelberer-online.de\/services\/wp-json\/wp\/v2\/pages\/26"}],"wp:featuredmedia":[{"embeddable":true,"href":"https:\/\/www.kaelberer-online.de\/services\/wp-json\/wp\/v2\/media\/207"}],"wp:attachment":[{"href":"https:\/\/www.kaelberer-online.de\/services\/wp-json\/wp\/v2\/media?parent=206"}],"curies":[{"name":"wp","href":"https:\/\/api.w.org\/{rel}","templated":true}]}}