{"id":204,"date":"2022-02-09T16:13:36","date_gmt":"2022-02-09T16:13:36","guid":{"rendered":"https:\/\/kaelberer-online.de\/services\/?page_id=204"},"modified":"2022-02-09T16:13:36","modified_gmt":"2022-02-09T16:13:36","slug":"cloud-pbx-kosten-3cx","status":"publish","type":"page","link":"https:\/\/www.kaelberer-online.de\/services\/telefonanlagen\/cloud-pbx-kosten-3cx\/","title":{"rendered":"CLOUD PBX KOSTEN 3CX Preise Telefon 07164 90 97 00"},"content":{"rendered":"<h2>\n<p>Wissen Sie die Vorgaben an Ihre neue <strong><strong>3CX<\/strong><\/strong> <strong><strong>TK-Anlage<\/strong><\/strong> bereits?<\/p>\n<\/h2>\n<p><h3>Die moderne <strong>3CX<\/strong> <strong>TK-Anlage<\/strong> erleichtert die Unternehmensprozesse. Optimieren Sie Ihre Firma mit der brandneuen und flexiblen <strong>3CX<\/strong> <strong>TK-Anlage<\/strong>. Eine <strong>3CX<\/strong> <strong>TK-Anlage<\/strong> die ma\u00dfgeschneidert auf Ihre Anforderungen angepasst ist und mit Ihrem Unternehmen gro\u00df werden kann.<\/h3>\n<\/p>\n<p>Eine neue Arbeitswelt die mobil unterwegs ist. Telefonieren Sie mit Ihrem Handy \u00fcber die <strong>3CX<\/strong> <strong>TK-Anlage<\/strong> mit Ihren Auftraggebern. Selbstverst\u00e4ndlich mit Ihrer Festnetz-Telefonnummer als Absender-Kennung. Wahren Sie die Privatsph\u00e4re und zeigen Sie Seriosit\u00e4t.<\/p>\n<p>die <strong>3CX<\/strong> <strong>Telefonanlage<\/strong>n wurden auch f\u00fcr mobiles arbeiten designed. Als aktuelle Cloud <strong>3CX<\/strong> <strong>Telefonanlage<\/strong> oder auf Ihrer pers\u00f6nlichen Hardware hausintern gehostet. Die Installation und die Konfiguration ist einfach. Sie erhalten damit eine sichere, verl\u00e4ssliche sowie flexible <strong>3CX<\/strong> TK-Anlage.<\/p>\n<h2>G\u00fcnstige Preise f\u00fcr Ihre neue 3CX <strong>TK-Anlage<\/strong><\/h2>\n<p>Ein tolles Preis- und Leistungsverh\u00e4ltnis. Richten Sie grenzenlos viele Nebenstellen ein, stets genau da wo Sie sie gerade w\u00fcnschen und sparen Sie Kosten.<\/p>\n<h2>Erkennen Sie die Anrufenden!<\/h2>\n<p>Bei Anrufeingang pr\u00e4zise wissen wer gerade anruft. Infos sind alles. F\u00fcr Mitarbeiter und die Gesch\u00e4ftsf\u00fchrung. Auf diese Weise wissen Sie exakt was l\u00e4uft. W\u00e4hlen Sie mit einem bequemen Klick aus Ihrem CRM oder Ihrer Firmensoftware jede Rufnummer.<\/p>\n<p>W\u00e4re es nicht cool, wenn Sie von einer zentralen Oberfl\u00e4che heraus s\u00e4mtliche Anrufe realisieren, empfangen und bearbeiten oder aber den Status Ihrer Arbeitskollegen in Erfahrung bringen, eingehende Chat-Nachrichten beantworten und Videoanrufe f\u00fchren k\u00f6nnten? Mit einem Webclient als Softphone und der Windows Desktop App ist all das wie auch noch jede Menge mehr machbar.<\/p>\n<h2>Microsoft 365 Integration<\/h2>\n<p>Nutzt Ihr Unternehmen MS 365? In diesem Fall vernetzen Sie dieses einfach mit der <strong>3CX<\/strong> <strong>TK-Anlage<\/strong> und kombinieren Sie s\u00e4mtliche Vorz\u00fcge beider Systeme! User k\u00f6nnen nahtlos mit beiden Applikationen arbeiten, Kontakte bearbeiten und Arbeitsschritte schlanker machen, um ihre Effizienz zu erh\u00f6hen und Klienten zu inspirieren. <\/p>\n<h2>Kontakte mit dem <strong>3CX<\/strong> Telefonbuch abgleichen<\/h2>\n<h2>Microsoft Teams Telefonie-Integration<\/h2>\n<ol>\n<li>Realisierung externer Telefonate \u00fcber <strong>3CX<\/strong> SIP-Trunks<\/li>\n<\/li>\n<li>Eliminieren Microsoft\u00b4s teurer Inlands-\/internationaler Tarife<\/li>\n<\/li>\n<li>Selektion eines speziellen preisg\u00fcnstigen SIP-Anbieters Ihrer Gegend<\/li>\n<\/li>\n<\/ol>\n<h3>Unsere Mitarbeiter beraten, organisieren Hardware wie auch Softwareanwendungen, richten ein, konfigurieren, nehmen in Betrieb und Supporten Ihre brandneue <strong>3CX<\/strong> <strong>Telefonanlage<\/strong>. Sie haben Fragen, oder m\u00f6chten unsere derzeitige Preisliste anfordern? Sie erreichen uns unter Telefon 07164 909700 und per Mail unter support@kaelberer-online.de<\/h3>\n<h2>Haben wir Sie neugierig gemacht?<\/h2>\n<p>Unz\u00e4hlige zus\u00e4tzliche tolle Features warten auf Sie.<\/p>\n<ul>\n<li>Zusammenf\u00fchrung von Onlinepr\u00e4senz-Livechat, Facebook-Messaging sowie Kurznachrichten<\/li>\n<li>Vernetzen von remote Firmenb\u00fcros und interne Anrufkosten beseitigen<\/li>\n<li>Selektieren Sie im Men\u00fc oben das QR-Code-Symbol f\u00fcr dessen Scan<\/li>\n<li>Direkter Kontakt mittels Anrufe, Video und Instant Messaging<\/li>\n<li>Laden Sie die App aus dem Google Play oder App Store herunter<\/li>\n<li>Beantwortung von Anfragen mittels Livechat, Facebook &#038; SMS via Apps<\/li>\n<li>4-stellige Kostenersparnis f\u00fcr Gespr\u00e4che mittels SIP-Trunk Ihrer Wahl<\/li>\n<li>Verwaltung von System &#038; Benutzern von beliebigem Ort<\/li>\n<li>Telefonrechnung um bis zu 80 % reduzieren mittels Wechsel zu <strong>3CX<\/strong><\/li>\n<li>Selbst\u00e4ndig Hosten \u00fcber Google, Amazon, Microsoft &#038; mehr<\/li>\n<li>Auf g\u00fcnstigem Raspberry Pi und MiniPC als Telefonie-Appliance<\/li>\n<li>Perfekte Skalierbarkeit der TK-Installation<\/li>\n<li>Tageszeit-basierte Anrufweiterleitung und Telefonumfragen<\/li>\n<li>Verwendung der Office-Durchwahlnummer auf Ihrem Mobiltelefon<\/li>\n<li>Lockdown-f\u00e4hig mit der kostenfreien App f\u00fcr Web, iOS &#038; Android<\/li>\n<li>Bequemes Erstellen und Verwalten von Nebenstellen \u2013 auch remote<\/li>\n<li>Einfaches Weiterreichen von Anrufen und Chatten mit Arbeitskollegen<\/li>\n<li>Erweiterte Erreichbarkeit f\u00fcr VIP-Klienten au\u00dferhalb der Gesch\u00e4ftszeiten<\/li>\n<\/ul>\n<h3>Bitte fordern Sie mehr Informationen sowie ein Produktangebot bei uns an. Selbstverst\u00e4ndlich stellen wir Ihnen auch eine vollst\u00e4ndige Featureliste zur Verf\u00fcgung.<\/h3>\n<p>[contact-form-7 id=&#8220;5&#8243; title=&#8220;Contact form 1&#8243;]<\/p>\n","protected":false},"excerpt":{"rendered":"<p>Wissen Sie die Vorgaben an Ihre neue 3CX TK-Anlage bereits? Die moderne 3CX TK-Anlage erleichtert die Unternehmensprozesse. Optimieren Sie Ihre Firma mit der brandneuen und flexiblen 3CX TK-Anlage. Eine 3CX TK-Anlage die ma\u00dfgeschneidert auf Ihre Anforderungen angepasst ist und mit Ihrem Unternehmen gro\u00df werden kann. Eine neue Arbeitswelt die mobil unterwegs ist. Telefonieren Sie mit &hellip; <a href=\"https:\/\/www.kaelberer-online.de\/services\/telefonanlagen\/cloud-pbx-kosten-3cx\/\" class=\"more-link\">Continue reading<span class=\"screen-reader-text\"> &#8222;CLOUD PBX KOSTEN 3CX Preise Telefon 07164 90 97 00&#8220;<\/span><\/a><\/p>\n","protected":false},"author":2,"featured_media":205,"parent":26,"menu_order":0,"comment_status":"closed","ping_status":"closed","template":"","meta":{"footnotes":""},"class_list":["post-204","page","type-page","status-publish","has-post-thumbnail","hentry"],"_links":{"self":[{"href":"https:\/\/www.kaelberer-online.de\/services\/wp-json\/wp\/v2\/pages\/204","targetHints":{"allow":["GET"]}}],"collection":[{"href":"https:\/\/www.kaelberer-online.de\/services\/wp-json\/wp\/v2\/pages"}],"about":[{"href":"https:\/\/www.kaelberer-online.de\/services\/wp-json\/wp\/v2\/types\/page"}],"author":[{"embeddable":true,"href":"https:\/\/www.kaelberer-online.de\/services\/wp-json\/wp\/v2\/users\/2"}],"replies":[{"embeddable":true,"href":"https:\/\/www.kaelberer-online.de\/services\/wp-json\/wp\/v2\/comments?post=204"}],"version-history":[{"count":0,"href":"https:\/\/www.kaelberer-online.de\/services\/wp-json\/wp\/v2\/pages\/204\/revisions"}],"up":[{"embeddable":true,"href":"https:\/\/www.kaelberer-online.de\/services\/wp-json\/wp\/v2\/pages\/26"}],"wp:featuredmedia":[{"embeddable":true,"href":"https:\/\/www.kaelberer-online.de\/services\/wp-json\/wp\/v2\/media\/205"}],"wp:attachment":[{"href":"https:\/\/www.kaelberer-online.de\/services\/wp-json\/wp\/v2\/media?parent=204"}],"curies":[{"name":"wp","href":"https:\/\/api.w.org\/{rel}","templated":true}]}}