{"id":202,"date":"2022-01-12T11:38:27","date_gmt":"2022-01-12T11:38:27","guid":{"rendered":"https:\/\/kaelberer-online.de\/services\/?page_id=202"},"modified":"2022-01-12T11:38:27","modified_gmt":"2022-01-12T11:38:27","slug":"3cx-easybell","status":"publish","type":"page","link":"https:\/\/www.kaelberer-online.de\/services\/telefonanlagen\/3cx-easybell\/","title":{"rendered":"EASYBELL 3CX Support Telefon 07164 90 97 00"},"content":{"rendered":"<h2>\n<p>Kennen Sie die Anforderungen an Ihre neue <strong><strong>3CX<\/strong><\/strong> <strong><strong>Telefonanlage<\/strong><\/strong> schon?<\/p>\n<\/h2>\n<p><h3>Eine aktuelle <strong>3CX<\/strong> <strong>Telefonanlage<\/strong> erleichtert Ihre Gesch\u00e4ftsprozesse. Optimieren Sie Ihre Firma mit einer brandneuen und flexiblen <strong>3CX<\/strong> <strong>TK-Anlage<\/strong>. Die <strong>3CX<\/strong> <strong>Telefonanlage<\/strong> die ma\u00dfgeschneidert auf Ihre Erwartungen abgestimmt ist und mit dem Unternehmen wachsen kann.<\/h3>\n<\/p>\n<p>Die neue Arbeitswelt ist mobil unterwegs. Telefonieren Sie mit dem Handy \u00fcber Ihre <strong>3CX<\/strong> <strong>Telefonanlage<\/strong> mit Ihren Kunden. Selbstverst\u00e4ndlich mit Ihrer Festnetz-Telefonnummer als Absender-Kennung. besch\u00fctzen Sie Ihre Privatsph\u00e4re und zeigen Sie Professionalit\u00e4t.<\/p>\n<p>die <strong>3CX<\/strong> <strong>TK-Anlage<\/strong>n wurden f\u00fcr mobiles arbeiten designed. Als aktuelle Cloud <strong>3CX<\/strong> <strong>TK-Anlage<\/strong> oder auf der pers\u00f6nlichen Hardware hausintern gehostet. Eine Installation und die Konfiguration ist unkompliziert. Sie bekommen damit eine sichere, verl\u00e4ssliche sowie flexible <strong>3CX<\/strong> TK-Anlage.<\/p>\n<h2>Eine preisg\u00fcnstige, anpassbare L\u00f6sung<\/h2>\n<p>Ein tolles Preis- und Leistungsverh\u00e4ltnis. Richten Sie grenzenlos viele Nebenstellen ein, stets exakt da wo Sie sie im Moment w\u00fcnschen und sparen Sie Kosten.<\/p>\n<h2>Erkennen Sie Ihre Anrufenden!<\/h2>\n<p>Bei Eingang eines Anrufs pr\u00e4zise wissen wer gerade anruft. Informationen sind alles. F\u00fcr Besch\u00e4ftigte oder die Gesch\u00e4ftsleitung. Auf diese Weise wissen Sie pr\u00e4zise was l\u00e4uft. W\u00e4hlen Sie mit einem trivialen Click aus dem CRM oder Ihrer Firmensoftware jede Rufnummer.<\/p>\n<p>W\u00e4re es nicht toll, wenn Sie von einer zentralen Oberfl\u00e4che heraus jegliche Anrufe t\u00e4tigen, empfangen und bearbeiten oder aber den Status Ihrer Arbeitskollegen in Erfahrung bringen, eingehende Chat-Nachrichten beantworten und Videoanrufe f\u00fchren k\u00f6nnten? Mit einem Webclient als Softphone sowie der Windows Desktop App ist all das und noch viel mehr m\u00f6glich.<\/p>\n<h2>Microsoft 365 Verzahnung<\/h2>\n<p>Benutzt Ihre Firma MS 365? Dann verkn\u00fcpfen Sie dieses direkt mit der <strong>3CX<\/strong> <strong>TK-Anlage<\/strong> und verschmelzen Sie alle Vorz\u00fcge beider Systeme! Benutzer k\u00f6nnen \u00fcbergangslos \u00fcber beide Apps arbeiten, Kontakte bearbeiten und Vorg\u00e4nge schlanker machen, um die Effizienz zu erh\u00f6hen und Klienten zu begeistern. <\/p>\n<h2>Kontakte mit dem <strong>3CX<\/strong> Telefonbuch abgleichen<\/h2>\n<h2>Microsoft Teams Telefonie-Verzahnung<\/h2>\n<ol>\n<li>Ausschalten Microsoft\u00b4s kostspieliger Inlands-\/globaler Tarife<\/li>\n<\/li>\n<li>Durchf\u00fchrung externer Telefonate via <strong>3CX<\/strong> SIP-Trunks<\/li>\n<\/li>\n<\/ol>\n<h3>Unsere Techniker unterst\u00fctzen, organisieren Hardware und Softwarel\u00f6sungen, installieren, konfigurieren, nehmen in Betrieb und Supporten Ihre brandneue <strong>3CX<\/strong> <strong>TK-Anlage<\/strong>. Sie haben Fragen, oder m\u00f6chten die aktuelle Liste der Preise anfordern? Sie erreichen uns unter Telefon 07164 909700 und per E-Mail-Nachricht unter support@kaelberer-online.de<\/h3>\n<h2>Konnten wir Ihr Interesse wecken?<\/h2>\n<p>Jede Menge weitere tolle Funktionen warten auf Sie.<\/p>\n<ul>\n<li>Aktualisierung des eigenen Status &#038; Einsicht der Personal-Verf\u00fcgbarkeit<\/li>\n<li>In Minuten Nutzer aktualisieren\/hinzuf\u00fcgen sowie Mailboxen konfigurieren<\/li>\n<li>Konferenzen, mobile Apps, Livechat eingeschlossen<\/li>\n<li>Einfaches Implementieren und Verwalten ohne Schulungsbedarf<\/li>\n<li>Automatisierte Konfiguration von Firewall-Regeln<\/li>\n<li>Verzicht auf hochpreisige Mobilanrufe zwischen Besch\u00e4ftigten wie auch Kunden<\/li>\n<li>Verwaltung, Sicherheits-Patches &#038; Version-Upgrades durch <strong>3CX<\/strong><\/li>\n<li>Inklusive Sicherungen \u00fcber Nacht und 24\/7-\u00dcberwachung<\/li>\n<li>Selbst\u00e4ndig Hosten via Google, Amazon, Microsoft &#038; weitere<\/li>\n<li>Verbesserte Erreichbarkeit f\u00fcr VIP-Kunden au\u00dferhalb der Gesch\u00e4ftszeiten<\/li>\n<li>Anmeldung am Webclient \u2013 Details in der Willkommens-E-Mail<\/li>\n<li>Identifikation von Anrufern mit Hilfe CRM-Zusammenf\u00fchrung<\/li>\n<li>Selektieren Sie im Men\u00fc oben das QR-Code-Symbol f\u00fcr dessen Scan<\/li>\n<li>Lockdown-f\u00e4hig mit der kostenlosen Applikation f\u00fcr Web, iOS &#038; Android<\/li>\n<li>PBX Express bootet Ihre <strong>3CX<\/strong>-Instanz in wenigen Minuten<\/li>\n<li>Erstellung eines neuen Kundendatensatzes f\u00fcr neue Rufnummern<\/li>\n<li>Anrufe mit einem einzigen Mausklick unmittelbar aus CRM heraus initiieren<\/li>\n<li>Virtualisieren mit VMware, Hyper-V oder KVM<\/li>\n<li>Keine Lizenzierung pro Nebenstelle, grenzenlos viele Nebenstellen<\/li>\n<\/ul>\n<h3>Bitte fordern Sie zus\u00e4tzliche Informationen oder ein Angebot bei uns an. Gerne stellen wir Ihnen auch eine komplette Featureliste zur Verf\u00fcgung.<\/h3>\n<p>[contact-form-7 id=&#8220;5&#8243; title=&#8220;Contact form 1&#8243;]<\/p>\n","protected":false},"excerpt":{"rendered":"<p>Kennen Sie die Anforderungen an Ihre neue 3CX Telefonanlage schon? Eine aktuelle 3CX Telefonanlage erleichtert Ihre Gesch\u00e4ftsprozesse. Optimieren Sie Ihre Firma mit einer brandneuen und flexiblen 3CX TK-Anlage. Die 3CX Telefonanlage die ma\u00dfgeschneidert auf Ihre Erwartungen abgestimmt ist und mit dem Unternehmen wachsen kann. Die neue Arbeitswelt ist mobil unterwegs. Telefonieren Sie mit dem Handy &hellip; <a href=\"https:\/\/www.kaelberer-online.de\/services\/telefonanlagen\/3cx-easybell\/\" class=\"more-link\">Continue reading<span class=\"screen-reader-text\"> &#8222;EASYBELL 3CX Support Telefon 07164 90 97 00&#8220;<\/span><\/a><\/p>\n","protected":false},"author":2,"featured_media":203,"parent":26,"menu_order":0,"comment_status":"closed","ping_status":"closed","template":"","meta":{"footnotes":""},"class_list":["post-202","page","type-page","status-publish","has-post-thumbnail","hentry"],"_links":{"self":[{"href":"https:\/\/www.kaelberer-online.de\/services\/wp-json\/wp\/v2\/pages\/202","targetHints":{"allow":["GET"]}}],"collection":[{"href":"https:\/\/www.kaelberer-online.de\/services\/wp-json\/wp\/v2\/pages"}],"about":[{"href":"https:\/\/www.kaelberer-online.de\/services\/wp-json\/wp\/v2\/types\/page"}],"author":[{"embeddable":true,"href":"https:\/\/www.kaelberer-online.de\/services\/wp-json\/wp\/v2\/users\/2"}],"replies":[{"embeddable":true,"href":"https:\/\/www.kaelberer-online.de\/services\/wp-json\/wp\/v2\/comments?post=202"}],"version-history":[{"count":0,"href":"https:\/\/www.kaelberer-online.de\/services\/wp-json\/wp\/v2\/pages\/202\/revisions"}],"up":[{"embeddable":true,"href":"https:\/\/www.kaelberer-online.de\/services\/wp-json\/wp\/v2\/pages\/26"}],"wp:featuredmedia":[{"embeddable":true,"href":"https:\/\/www.kaelberer-online.de\/services\/wp-json\/wp\/v2\/media\/203"}],"wp:attachment":[{"href":"https:\/\/www.kaelberer-online.de\/services\/wp-json\/wp\/v2\/media?parent=202"}],"curies":[{"name":"wp","href":"https:\/\/api.w.org\/{rel}","templated":true}]}}