{"id":200,"date":"2022-01-22T20:20:25","date_gmt":"2022-01-22T20:20:25","guid":{"rendered":"https:\/\/kaelberer-online.de\/services\/?page_id=200"},"modified":"2022-01-22T20:20:25","modified_gmt":"2022-01-22T20:20:25","slug":"cti-telefonanlage-3cx","status":"publish","type":"page","link":"https:\/\/www.kaelberer-online.de\/services\/telefonanlagen\/cti-telefonanlage-3cx\/","title":{"rendered":"CTI TELEFONANLAGE 3CX Support Tel. 07164 90 97 00"},"content":{"rendered":"<h2>\n<p>Kennen Sie die Anspr\u00fcche an Ihre neue <strong><strong>3CX<\/strong><\/strong> <strong><strong>Telefonanlage<\/strong><\/strong> bereits?<\/p>\n<\/h2>\n<p><h3>Eine moderne <strong>3CX<\/strong> <strong>Telefonanlage<\/strong> simplifiziert Ihre Gesch\u00e4ftsprozesse. Optimieren Sie Ihre Firma mit der neuen und flexiblen <strong>3CX<\/strong> Telefonanlage. Eine <strong>3CX<\/strong> <strong>TK-Anlage<\/strong> die ma\u00dfgeschneidert auf Ihre Anforderungen angepasst ist und mit dem Unternehmen wachsen kann.<\/h3>\n<\/p>\n<p>Eine neue Arbeitswelt die mobil unterwegs ist. Telefonieren Sie mit Ihrem Smartphone \u00fcber die <strong>3CX<\/strong> <strong>Telefonanlage<\/strong> mit Ihren Auftraggebern. Nat\u00fcrlich \u00fcber Ihre Festnetz-Rufnummer als Absender-Kennung. besch\u00fctzen Sie Ihre Privatsph\u00e4re und beweisen Sie Professionalit\u00e4t.<\/p>\n<p>Unsere <strong>3CX<\/strong> <strong>Telefonanlage<\/strong>n wurden f\u00fcr mobiles arbeiten entwickelt. Als zeitgem\u00e4\u00dfe Cloud <strong>3CX<\/strong> <strong>Telefonanlage<\/strong> oder auf Ihrer eigenen Hardware hausintern gehostet. Die Installation und die Verwaltung ist unkompliziert. Sie bekommen dadurch eine sichere, verl\u00e4ssliche und flexible <strong>3CX<\/strong> TK-Anlage.<\/p>\n<h2>Eine preiswerte, vielseitige L\u00f6sung<\/h2>\n<p>Ein einmaliges Preis- und Leistungsverh\u00e4ltnis. Richten Sie unendlich viele Nebenstellen ein, stets exakt da wo Sie sie gerade w\u00fcnschen und sparen Sie Kosten.<\/p>\n<h2>Erkennen Sie die Anrufer!<\/h2>\n<p>Bei Anrufeingang genau wissen wer gerade anruft. Informationen sind alles. F\u00fcr Besch\u00e4ftigte und die Direktion. Auf diese Weise wissen Sie genau was geht. W\u00e4hlen Sie mit einem einfachen Mausklick aus dem CRM oder Ihrer Firmensoftware jede Rufnummer.<\/p>\n<p>Ist es nicht klasse, wenn Sie von einer zentralen Oberfl\u00e4che heraus alle Anrufe realisieren, entgegen nehmen sowie bearbeiten oder aber den Status Ihrer Mitarbeiter in Erfahrung bringen, eingehende Livechat-Nachrichten beantworten und Videoanrufe f\u00fchren k\u00f6nnten? Mit einem Webclient als Softphone und der Windows Desktop App wird all das und noch reichlich mehr m\u00f6glich.<\/p>\n<h2>MS 365 Einbeziehung<\/h2>\n<p>Benutzt Ihr Unternehmen MS 365? In diesem Fall verbinden Sie dieses einfach mit der <strong>3CX<\/strong> <strong>Telefonanlage<\/strong> und vereinen Sie jegliche Vorz\u00fcge beider Systeme! User k\u00f6nnen nahtlos mit beiden Applikationen arbeiten, Kontakte bearbeiten und Arbeitsschritte verschlanken, um die Effektivit\u00e4t zu erh\u00f6hen und Auftraggeber zu begeistern. <\/p>\n<h2>Kontakte mit Ihrem <strong>3CX<\/strong> Telefonbuch abgleichen<\/h2>\n<h2>Microsoft Teams Telefonie-Zusammenf\u00fchrung<\/h2>\n<ol>\n<li>Auswahl eines speziellen preisg\u00fcnstigen SIP-Providers Ihrer Region<\/li>\n<\/li>\n<li>Realisierung externer Telefongespr\u00e4che \u00fcber <strong>3CX<\/strong> SIP-Trunks<\/li>\n<\/li>\n<li>Eliminieren Microsoft\u00b4s teurer Inlands-\/internationaler Tarife<\/li>\n<\/li>\n<\/ol>\n<h3>Unsere Techniker beraten, organisieren Hardware und Softwareanwendungen, richten ein, konfigurieren, nehmen in Betrieb und Supporten Ihre brandneue <strong>3CX<\/strong> <strong>TK-Anlage<\/strong>. Sie haben Fragen, oder m\u00f6chten die derzeitige Liste der Preise anfordern? Sie erreichen uns unter Telefon 07164 909700 oder per E-Mail-Nachricht unter support@kaelberer-online.de<\/h3>\n<h2>Haben wir Sie neugierig gemacht?<\/h2>\n<p>Viele zus\u00e4tzliche tolle Features warten auf Sie.<\/p>\n<ul>\n<li>Verwaltung von System &#038; Nutzern von beliebigem Standort<\/li>\n<li>Eigenst\u00e4ndig Hosten via Google, Amazon, Microsoft &#038; weitere<\/li>\n<li>Ver\u00e4ndern des pers\u00f6nlichen Status und Ansicht der Verf\u00fcgbarkeit des Teams<\/li>\n<li>Wechsel zwischen Server &#038; Cloud \u2013 integriertes Backup &#038; Restore<\/li>\n<li>Keinerlei Tischtelefone notwendig \u2013 Nutzen Sie Ihr Mobiltelefon<\/li>\n<li>Jederzeit zwischen <strong>3CX<\/strong>-Hosting, on-Premise &#038; Ihrer Cloud wechseln<\/li>\n<li>In Minuten Anwender updaten\/hinzuf\u00fcgen wie auch Mailboxen konfigurieren<\/li>\n<li>Plug &#038; Play mit IP-Telefonen, Gateways &#038; SIP-Trunks<\/li>\n<li>Erweiterte Erreichbarkeit f\u00fcr VIP-Kunden au\u00dferhalb der Gesch\u00e4ftszeiten<\/li>\n<li>Verbinden von remote B\u00fcros und interne Anrufkosten beseitigen<\/li>\n<li>Abfrage von Kunden- sowie Fallnummern, um Agenten Zeit zu sparen<\/li>\n<li>Freih\u00e4ndiges Telefonieren dank Siri und Bluetooth-Integration<\/li>\n<li>Zuteilung der Anrufer-ID zu einem Datensatz in Ihrem CRM<\/li>\n<li>Einfaches Weiterleiten von Anrufen und Chatten mit Kollegen<\/li>\n<li>Inbegriffen Datensicherungen \u00fcber Nacht und 24\/7-\u00dcberwachung<\/li>\n<li>Beginnen eines Videoanrufs von Ihrem Handy aus<\/li>\n<li>Intelligente Verbindung f\u00fcr nahtlosen Wechsel zwischen Netzen<\/li>\n<li>Tageszeit-basierte Anrufweiterleitung und Telefonumfragen<\/li>\n<li>Verzicht auf \u00fcberteuerte Mobilanrufe zwischen Mitarbeitern sowie Kunden<\/li>\n<\/ul>\n<h3>Fordern Sie erg\u00e4nzende Unterlagen oder ein Produktangebot bei uns an. Gerne stellen wir Ihnen auch eine komplette Featureliste zur Verf\u00fcgung.<\/h3>\n<p>[contact-form-7 id=&#8220;5&#8243; title=&#8220;Contact form 1&#8243;]<\/p>\n","protected":false},"excerpt":{"rendered":"<p>Kennen Sie die Anspr\u00fcche an Ihre neue 3CX Telefonanlage bereits? Eine moderne 3CX Telefonanlage simplifiziert Ihre Gesch\u00e4ftsprozesse. Optimieren Sie Ihre Firma mit der neuen und flexiblen 3CX Telefonanlage. Eine 3CX TK-Anlage die ma\u00dfgeschneidert auf Ihre Anforderungen angepasst ist und mit dem Unternehmen wachsen kann. Eine neue Arbeitswelt die mobil unterwegs ist. Telefonieren Sie mit Ihrem &hellip; <a href=\"https:\/\/www.kaelberer-online.de\/services\/telefonanlagen\/cti-telefonanlage-3cx\/\" class=\"more-link\">Continue reading<span class=\"screen-reader-text\"> &#8222;CTI TELEFONANLAGE 3CX Support Tel. 07164 90 97 00&#8220;<\/span><\/a><\/p>\n","protected":false},"author":2,"featured_media":201,"parent":26,"menu_order":0,"comment_status":"closed","ping_status":"closed","template":"","meta":{"footnotes":""},"class_list":["post-200","page","type-page","status-publish","has-post-thumbnail","hentry"],"_links":{"self":[{"href":"https:\/\/www.kaelberer-online.de\/services\/wp-json\/wp\/v2\/pages\/200","targetHints":{"allow":["GET"]}}],"collection":[{"href":"https:\/\/www.kaelberer-online.de\/services\/wp-json\/wp\/v2\/pages"}],"about":[{"href":"https:\/\/www.kaelberer-online.de\/services\/wp-json\/wp\/v2\/types\/page"}],"author":[{"embeddable":true,"href":"https:\/\/www.kaelberer-online.de\/services\/wp-json\/wp\/v2\/users\/2"}],"replies":[{"embeddable":true,"href":"https:\/\/www.kaelberer-online.de\/services\/wp-json\/wp\/v2\/comments?post=200"}],"version-history":[{"count":0,"href":"https:\/\/www.kaelberer-online.de\/services\/wp-json\/wp\/v2\/pages\/200\/revisions"}],"up":[{"embeddable":true,"href":"https:\/\/www.kaelberer-online.de\/services\/wp-json\/wp\/v2\/pages\/26"}],"wp:featuredmedia":[{"embeddable":true,"href":"https:\/\/www.kaelberer-online.de\/services\/wp-json\/wp\/v2\/media\/201"}],"wp:attachment":[{"href":"https:\/\/www.kaelberer-online.de\/services\/wp-json\/wp\/v2\/media?parent=200"}],"curies":[{"name":"wp","href":"https:\/\/api.w.org\/{rel}","templated":true}]}}