{"id":192,"date":"2022-02-09T03:00:52","date_gmt":"2022-02-09T03:00:52","guid":{"rendered":"https:\/\/kaelberer-online.de\/services\/?page_id=192"},"modified":"2022-02-09T03:00:52","modified_gmt":"2022-02-09T03:00:52","slug":"telefonanlagen-shop-3cx","status":"publish","type":"page","link":"https:\/\/www.kaelberer-online.de\/services\/telefonanlagen\/telefonanlagen-shop-3cx\/","title":{"rendered":"TELEFONANLAGEN SHOP 3CX Support Telefon 07164 90 97 00"},"content":{"rendered":"<h2>\n<p>Kennen Sie die Anspr\u00fcche an Ihre neue <strong><strong>3CX<\/strong><\/strong> <strong><strong>Telefonanlage<\/strong><\/strong> schon?<\/p>\n<\/h2>\n<p><h3>Die aktuelle <strong>3CX<\/strong> <strong>Telefonanlage<\/strong> simplifiziert Ihre Firmenprozesse. Optimieren Sie Ihr Unternehmen mit der aktuellen und flexiblen <strong>3CX<\/strong> Telefonanlage. Eine <strong>3CX<\/strong> <strong>TK-Anlage<\/strong> die individuell auf Ihre Anspr\u00fcche zugeschnitten ist und mit Ihrem Unternehmen gro\u00df werden kann.<\/h3>\n<\/p>\n<p>Eine neue Arbeitswelt die mobil unterwegs ist. Kommunizieren Sie mit einem Mobiltelefon \u00fcber die <strong>3CX<\/strong> <strong>TK-Anlage<\/strong> mit Ihren Klienten. Selbstverst\u00e4ndlich \u00fcber Ihre Festnetz-Telefonnummer als Absender-Kennung. besch\u00fctzen Sie Ihre Privatsph\u00e4re und zeigen Sie Seriosit\u00e4t.<\/p>\n<p>die <strong>3CX<\/strong> <strong>Telefonanlage<\/strong>n wurden auch f\u00fcr flexibles arbeiten konzipiert. Als aktuelle Cloud <strong>3CX<\/strong> <strong>TK-Anlage<\/strong> oder auf Ihrer eigenen Hardware hausintern gehostet. Eine Installation und die Verwaltung ist einfach. Sie bekommen damit eine sichere, zuverl\u00e4ssige wie auch variable <strong>3CX<\/strong> <strong>Telefonanlage<\/strong>.<\/p>\n<h2>Faire Preise f\u00fcr Ihre neue 3CX <strong>Telefonanlage<\/strong><\/h2>\n<p>Ein hervorragendes Preis- und Leistungsverh\u00e4ltnis. Richten Sie unendlich viele Nebenstellen ein, immer genau da wo Sie sie gerade w\u00fcnschen und sparen Sie Kosten.<\/p>\n<h2>Identifizieren Sie die Anrufenden!<\/h2>\n<p>Bei Eingang eines Telefonanrufs genau wissen wer im Moment anruft. Infos sind alles. F\u00fcr Angestellte oder die Leitung. Auf diese Weise wissen Sie genau was l\u00e4uft. W\u00e4hlen Sie mit einem bequemen Mausklick aus Ihrem CRM oder Ihrer Firmensoftware jede Telefonnummer.<\/p>\n<p>Ist es nicht cool, wenn Sie von einer zentralen Oberfl\u00e4che heraus alle Anrufe realisieren, annehmen sowie bearbeiten oder aber den Status Ihrer Arbeitskollegen in Erfahrung bringen, eingehende Livechat-News beantworten und Videoanrufe f\u00fchren k\u00f6nnten? Mit dem Webclient als Softphone wie auch der Windows Desktop App wird alles das wie auch noch jede Menge mehr realisierbar.<\/p>\n<h2>Microsoft 365 Zusammenf\u00fchrung<\/h2>\n<p>Nutzt Ihr Unternehmen MS 365? In diesem Fall vernetzen Sie dieses unkompliziert mit der <strong>3CX<\/strong> <strong>TK-Anlage<\/strong> und kombinieren Sie s\u00e4mtliche Vorz\u00fcge beider Systeme! Anwender k\u00f6nnen nahtlos mit beiden Applikationen arbeiten, Kontakte organisieren und Arbeitsschritte verschlanken, um die Effizienz zu steigern und Auftraggeber zu begeistern. <\/p>\n<h2>Kontakte mit dem <strong>3CX<\/strong> Telefonbuch abgleichen<\/h2>\n<ol>\n<li>Aktualisierung gemeinsamer Mailbox-Kontakte mit dem <strong>3CX<\/strong>-Telefonbuch<\/li>\n<li>Anwendungs-\u00fcbergreifende Administration aller Kontakte in MS 365<\/li>\n<li>Anruf synchronisierter Kontakte per Webclient oder portabler Apps<\/li>\n<\/ol>\n<h2>Microsoft Teams Telefonie-Verzahnung<\/h2>\n<ol>\n<li>Ausschalten Microsoft\u00b4s teurer Inlands-\/internationaler Tarife<\/li>\n<\/li>\n<li>Selektion eines speziellen preisg\u00fcnstigen SIP-Dienstleisters Ihrer Region<\/li>\n<\/li>\n<\/ol>\n<h3>Wir informieren, organisieren Hardware sowie Software, richten ein, konfigurieren, nehmen in Betrieb und Supporten Ihre neue <strong>3CX<\/strong> <strong>TK-Anlage<\/strong>. Sie haben Fragen, oder m\u00f6chten die derzeitige Liste der Preise anfordern? Sie erreichen uns unter Telefon 07164 909700 sowie per E-Mail-Nachricht unter support@kaelberer-online.de<\/h3>\n<h2>Konnten wir Sie neugierig machen?<\/h2>\n<p>Viele weitere tolle Features warten auf Sie.<\/p>\n<ul>\n<li>Verwaltung von System &#038; Nutzern von beliebigem Ort<\/li>\n<li>Schnellkonfiguration mit IP-Telefonen, Gateways &#038; SIP-Trunks<\/li>\n<li>Beantwortung von Nachfragen via Livechat, Facebook &#038; SMS via Apps<\/li>\n<li>Konferenzen, mobile Apps, Livechat inbegriffen<\/li>\n<li>Vernetzen von remote Firmenb\u00fcros und interne Anrufkosten beseitigen<\/li>\n<li>Automatische Anrufaufzeichnung bereinigt manuelle Eintragungen<\/li>\n<li>PBX Express bootet Ihre <strong>3CX<\/strong>-Instanz in ein paar Minuten<\/li>\n<li>Verbesserte Erreichbarkeit f\u00fcr Promi-Klienten au\u00dferhalb der B\u00fcrozeiten<\/li>\n<li>Update des eigenen Status &#038; Einsicht der Team-Verf\u00fcgbarkeit<\/li>\n<li>M\u00fcheloses Weiterleiten von Kunden an die richtige Abteilung<\/li>\n<li>Kontrolle \u00fcber Ihre Telefonleitungen und Telefongespr\u00e4chskosten<\/li>\n<li>Eigenst\u00e4ndig Hosten \u00fcber Google, Amazon, Microsoft &#038; weitere<\/li>\n<li>Jederzeit zwischen <strong>3CX<\/strong>-Hosting, on-Premise &#038; Ihrer Cloud wechseln<\/li>\n<li>Abfrage von Klienten- oder Fallnummern, um Agenten Zeit zu sparen<\/li>\n<li>Verzicht auf \u00fcberteuerte Mobilanrufe zwischen Besch\u00e4ftigten sowie Klienten<\/li>\n<li>Keine Lizenzierung pro Nebenstelle, grenzenlos viele Nebenstellen<\/li>\n<li>Auf g\u00fcnstigem Raspberry Pi oder MiniPC als Telefonie-Appliance<\/li>\n<li>Anwendung \u00f6ffnen, QR Code scannen \u2013 im Nu sind Sie bereit!<\/li>\n<li>Freih\u00e4ndiges Kommunizieren dank Siri und Bluetooth-Integration<\/li>\n<\/ul>\n<h3>Fragen Sie weitere Infos sowie ein Produktangebot bei uns an. Selbstverst\u00e4ndlich stellen wir Ihnen auch eine vollst\u00e4ndige Leistungs\u00fcbersicht zur Verf\u00fcgung.<\/h3>\n<p>[contact-form-7 id=&#8220;5&#8243; title=&#8220;Contact form 1&#8243;]<\/p>\n","protected":false},"excerpt":{"rendered":"<p>Kennen Sie die Anspr\u00fcche an Ihre neue 3CX Telefonanlage schon? Die aktuelle 3CX Telefonanlage simplifiziert Ihre Firmenprozesse. Optimieren Sie Ihr Unternehmen mit der aktuellen und flexiblen 3CX Telefonanlage. Eine 3CX TK-Anlage die individuell auf Ihre Anspr\u00fcche zugeschnitten ist und mit Ihrem Unternehmen gro\u00df werden kann. Eine neue Arbeitswelt die mobil unterwegs ist. Kommunizieren Sie mit &hellip; <a href=\"https:\/\/www.kaelberer-online.de\/services\/telefonanlagen\/telefonanlagen-shop-3cx\/\" class=\"more-link\">Continue reading<span class=\"screen-reader-text\"> &#8222;TELEFONANLAGEN SHOP 3CX Support Telefon 07164 90 97 00&#8220;<\/span><\/a><\/p>\n","protected":false},"author":2,"featured_media":193,"parent":26,"menu_order":0,"comment_status":"closed","ping_status":"closed","template":"","meta":{"footnotes":""},"class_list":["post-192","page","type-page","status-publish","has-post-thumbnail","hentry"],"_links":{"self":[{"href":"https:\/\/www.kaelberer-online.de\/services\/wp-json\/wp\/v2\/pages\/192","targetHints":{"allow":["GET"]}}],"collection":[{"href":"https:\/\/www.kaelberer-online.de\/services\/wp-json\/wp\/v2\/pages"}],"about":[{"href":"https:\/\/www.kaelberer-online.de\/services\/wp-json\/wp\/v2\/types\/page"}],"author":[{"embeddable":true,"href":"https:\/\/www.kaelberer-online.de\/services\/wp-json\/wp\/v2\/users\/2"}],"replies":[{"embeddable":true,"href":"https:\/\/www.kaelberer-online.de\/services\/wp-json\/wp\/v2\/comments?post=192"}],"version-history":[{"count":0,"href":"https:\/\/www.kaelberer-online.de\/services\/wp-json\/wp\/v2\/pages\/192\/revisions"}],"up":[{"embeddable":true,"href":"https:\/\/www.kaelberer-online.de\/services\/wp-json\/wp\/v2\/pages\/26"}],"wp:featuredmedia":[{"embeddable":true,"href":"https:\/\/www.kaelberer-online.de\/services\/wp-json\/wp\/v2\/media\/193"}],"wp:attachment":[{"href":"https:\/\/www.kaelberer-online.de\/services\/wp-json\/wp\/v2\/media?parent=192"}],"curies":[{"name":"wp","href":"https:\/\/api.w.org\/{rel}","templated":true}]}}