{"id":188,"date":"2021-12-11T14:02:39","date_gmt":"2021-12-11T14:02:39","guid":{"rendered":"https:\/\/kaelberer-online.de\/services\/?page_id=188"},"modified":"2021-12-11T14:02:39","modified_gmt":"2021-12-11T14:02:39","slug":"telefonanlage-kleine-unternehmen-3cx","status":"publish","type":"page","link":"https:\/\/www.kaelberer-online.de\/services\/telefonanlagen\/telefonanlage-kleine-unternehmen-3cx\/","title":{"rendered":"TELEFONANLAGE KLEINE UNTERNEHMEN 3CX Support Telefon 07164 90 97 00"},"content":{"rendered":"<h2>\n<p>Kennen Sie die Vorgaben an Ihre neue <strong><strong>3CX<\/strong><\/strong> <strong><strong>Telefonanlage<\/strong><\/strong> schon?<\/p>\n<\/h2>\n<p><h3>Eine moderne <strong>3CX<\/strong> <strong>Telefonanlage<\/strong> erleichtert die Firmenprozesse. Optimieren Sie Ihr Unternehmen mit einer neuen und flexiblen <strong>3CX<\/strong> <strong>TK-Anlage<\/strong>. Eine <strong>3CX<\/strong> <strong>TK-Anlage<\/strong> die individuell auf Ihre Erwartungen angepasst ist und mit dem Unternehmen wachsen kann.<\/h3>\n<\/p>\n<p>Die neue Arbeitswelt die mobil unterwegs ist. Kommunizieren Sie mit Ihrem Smartphone \u00fcber Ihre <strong>3CX<\/strong> <strong>TK-Anlage<\/strong> mit Ihren Kunden. Selbstverst\u00e4ndlich \u00fcber Ihre Festnetz-Rufnummer als Absenderkennung. besch\u00fctzen Sie die Privatsph\u00e4re und zeigen Sie Seriosit\u00e4t.<\/p>\n<p>Unsere <strong>3CX<\/strong> <strong>TK-Anlage<\/strong>n wurden auch f\u00fcr mobiles arbeiten konzipiert. Als moderne Cloud <strong>3CX<\/strong> <strong>Telefonanlage<\/strong> oder auf Ihrer pers\u00f6nlichen Hardware hausintern gehostet. Eine Installation und die Verwaltung ist unkompliziert. Sie erhalten dadurch eine sichere, verl\u00e4ssliche sowie vielseitige <strong>3CX<\/strong> TK-Anlage.<\/p>\n<h2>Die preisg\u00fcnstige, vielseitige L\u00f6sung<\/h2>\n<p>Ein tolles Preis- und Leistungsverh\u00e4ltnis. Richten Sie unbegrenzt viele Nebenstellen ein, stets pr\u00e4zise da wo Sie sie gerade ben\u00f6tigen und sparen Sie Kosten.<\/p>\n<h2>St\u00e4rken Sie Ihr Personal.<\/h2>\n<p>Bei Eingang eines Anrufs exakt wissen wer gerade anruft. Infos sind alles. F\u00fcr Angestellte sowie die Gesch\u00e4ftsleitung. Auf diese Weise wissen Sie genau was geht. W\u00e4hlen Sie mit einem einfachen Mausklick aus dem CRM oder Ihrer Firmensoftware jede Telefonnummer.<\/p>\n<p>W\u00e4re es nicht toll, wenn Sie von einer zentralen Oberfl\u00e4che heraus jegliche Anrufe t\u00e4tigen, entgegennehmen und bearbeiten oder aber den Status Ihrer Kollegen in Erfahrung bringen, eingehende Chat-Nachrichten beantworten und Videoanrufe initiieren k\u00f6nnten? Mit dem Webclient als Softphone und der Windows Desktop Applikation ist alles das wie auch noch reichlich mehr realisierbar.<\/p>\n<h2>Microsoft 365 Zusammenf\u00fchrung<\/h2>\n<p>Benutzt Ihr Unternehmen Microsoft 365? Dann vernetzen Sie dieses bequem mit der <strong>3CX<\/strong> <strong>Telefonanlage<\/strong> und verschmelzen Sie s\u00e4mtliche Vorz\u00fcge beider Systeme! Benutzer k\u00f6nnen \u00fcbergangslos mit beiden Applikationen arbeiten, Kontakte organisieren und Prozesse schlanker machen, um ihre Effizienz zu erh\u00f6hen und Klienten zu begeistern. <\/p>\n<h2>Kontakte mit dem <strong>3CX<\/strong> Telefonbuch abgleichen<\/h2>\n<h2>MS Teams Telefonie-Verzahnung<\/h2>\n<ol>\n<li>Auswahl eines eigenen preiswerten SIP-Dienstleisters Ihrer Region<\/li>\n<\/li>\n<li>Realisierung externer Telefongespr\u00e4che \u00fcber <strong>3CX<\/strong> SIP-Trunks<\/li>\n<\/li>\n<\/ol>\n<h3>Unsere Mitarbeiter informieren, organisieren Hardware und Software, richten ein, konfigurieren, nehmen in Betrieb und Supporten Ihre brandneue <strong>3CX<\/strong> <strong>TK-Anlage<\/strong>. Sie haben Fragen, oder m\u00f6chten die aktuelle Preisliste anfordern? Sie erreichen uns unter Telefon 07164 909700 sowie per E-Mail-Nachricht unter support@kaelberer-online.de<\/h3>\n<h2>Konnten wir Ihr Aufmerksamkeit wecken?<\/h2>\n<p>Viele weitere top Funktionen warten auf Sie.<\/p>\n<ul>\n<li>Einleiten eines Videoanrufs von Ihrem Smartphone aus<\/li>\n<li>Kostenlose Office-Anrufe f\u00fcr remote &#038; reisende Angestellte<\/li>\n<li>Zufriedene Kunden und weniger Aufwand f\u00fcr Ihre Kollegen<\/li>\n<li>Kontrolle \u00fcber die Leitungen und Gespr\u00e4chskosten<\/li>\n<li>Bequemes Weiterleiten von Kunden an die korrekte Abteilung<\/li>\n<li>PBX Express startet Ihre <strong>3CX<\/strong>-Instanz in wenigen Minuten<\/li>\n<li>Ab\u00e4ndern des eigenen Status wie auch Ansicht der Verf\u00fcgbarkeit des Teams<\/li>\n<li>Benutzerdefinierte Call Flows automatisieren Anfragen &#038; Vorgehensweisen<\/li>\n<li>Intelligente Nutzerverwaltung reduziert jede Menge Stunden Arbeit<\/li>\n<li>Eingebundene browserbasierte Videokonferenzen<\/li>\n<li>Verzahnung von Website-Livechat, Facebook-Messaging wie auch SMS<\/li>\n<li>Tageszeit-basierte Anrufweiterleitung und Telefonumfragen<\/li>\n<li>Perfekte Skalierbarkeit der <strong>Telefonanlage<\/strong>n-Installation<\/li>\n<li>M\u00fcheloses Implementieren und Verwalten ohne Schulungsbedarf<\/li>\n<li>Absolut keine Schulung notwendig \u2013 direkt starten<\/li>\n<li>Unbegrenzte Anzahl von Anwendern kostenlos in <strong>3CX<\/strong> enthalten<\/li>\n<li>Automatische Anrufaufzeichnung bereinigt manuelle Eintragungen<\/li>\n<li>Telefonrechnung um bis zu 80 % senken durch Wechsel zu <strong>3CX<\/strong><\/li>\n<li>In Minuten Benutzer updaten\/hinzuf\u00fcgen und Mailboxen konfigurieren<\/li>\n<\/ul>\n<h3>Bitte fordern Sie erg\u00e4nzende Unterlagen oder ein Produktangebot bei unserer Firma an. Nat\u00fcrlich stellen wir Ihnen auch eine komplette Featureliste zur Verf\u00fcgung.<\/h3>\n<p>[contact-form-7 id=&#8220;5&#8243; title=&#8220;Contact form 1&#8243;]<\/p>\n","protected":false},"excerpt":{"rendered":"<p>Kennen Sie die Vorgaben an Ihre neue 3CX Telefonanlage schon? Eine moderne 3CX Telefonanlage erleichtert die Firmenprozesse. Optimieren Sie Ihr Unternehmen mit einer neuen und flexiblen 3CX TK-Anlage. Eine 3CX TK-Anlage die individuell auf Ihre Erwartungen angepasst ist und mit dem Unternehmen wachsen kann. Die neue Arbeitswelt die mobil unterwegs ist. Kommunizieren Sie mit Ihrem &hellip; <a href=\"https:\/\/www.kaelberer-online.de\/services\/telefonanlagen\/telefonanlage-kleine-unternehmen-3cx\/\" class=\"more-link\">Continue reading<span class=\"screen-reader-text\"> &#8222;TELEFONANLAGE KLEINE UNTERNEHMEN 3CX Support Telefon 07164 90 97 00&#8220;<\/span><\/a><\/p>\n","protected":false},"author":2,"featured_media":189,"parent":26,"menu_order":0,"comment_status":"closed","ping_status":"closed","template":"","meta":{"footnotes":""},"class_list":["post-188","page","type-page","status-publish","has-post-thumbnail","hentry"],"_links":{"self":[{"href":"https:\/\/www.kaelberer-online.de\/services\/wp-json\/wp\/v2\/pages\/188","targetHints":{"allow":["GET"]}}],"collection":[{"href":"https:\/\/www.kaelberer-online.de\/services\/wp-json\/wp\/v2\/pages"}],"about":[{"href":"https:\/\/www.kaelberer-online.de\/services\/wp-json\/wp\/v2\/types\/page"}],"author":[{"embeddable":true,"href":"https:\/\/www.kaelberer-online.de\/services\/wp-json\/wp\/v2\/users\/2"}],"replies":[{"embeddable":true,"href":"https:\/\/www.kaelberer-online.de\/services\/wp-json\/wp\/v2\/comments?post=188"}],"version-history":[{"count":0,"href":"https:\/\/www.kaelberer-online.de\/services\/wp-json\/wp\/v2\/pages\/188\/revisions"}],"up":[{"embeddable":true,"href":"https:\/\/www.kaelberer-online.de\/services\/wp-json\/wp\/v2\/pages\/26"}],"wp:featuredmedia":[{"embeddable":true,"href":"https:\/\/www.kaelberer-online.de\/services\/wp-json\/wp\/v2\/media\/189"}],"wp:attachment":[{"href":"https:\/\/www.kaelberer-online.de\/services\/wp-json\/wp\/v2\/media?parent=188"}],"curies":[{"name":"wp","href":"https:\/\/api.w.org\/{rel}","templated":true}]}}