{"id":184,"date":"2022-02-05T17:58:24","date_gmt":"2022-02-05T17:58:24","guid":{"rendered":"https:\/\/kaelberer-online.de\/services\/?page_id=184"},"modified":"2022-02-05T17:58:24","modified_gmt":"2022-02-05T17:58:24","slug":"telefonanlage-online-3cx","status":"publish","type":"page","link":"https:\/\/www.kaelberer-online.de\/services\/telefonanlagen\/telefonanlage-online-3cx\/","title":{"rendered":"TELEFONANLAGE ONLINE 3CX Preise Tel. 07164 90 97 00"},"content":{"rendered":"<h2>\n<p>Wissen Sie die Anforderungen an Ihre neue <strong><strong>3CX<\/strong><\/strong> <strong><strong>Telefonanlage<\/strong><\/strong> schon?<\/p>\n<\/h2>\n<p><h3>Eine aktuelle <strong>3CX<\/strong> <strong>TK-Anlage<\/strong> vereinfacht Ihre Gesch\u00e4ftsprozesse. Optimieren Sie Ihr Unternehmen mit einer aktuellen und flexiblen <strong>3CX<\/strong> Telefonanlage. Eine <strong>3CX<\/strong> <strong>Telefonanlage<\/strong> die ma\u00dfgeschneidert auf Ihre Erwartungen zugeschnitten ist und mit dem Unternehmen wachsen kann.<\/h3>\n<\/p>\n<p>Eine neue Arbeitswelt die mobil unterwegs ist. Kommunizieren Sie mit einem Mobiltelefon \u00fcber Ihre <strong>3CX<\/strong> <strong>TK-Anlage<\/strong> mit Ihren Auftraggebern. Selbstverst\u00e4ndlich \u00fcber Ihre Festnetz-Rufnummer als Absenderkennung. besch\u00fctzen Sie Ihre Privatsph\u00e4re und zeigen Sie Seriosit\u00e4t.<\/p>\n<p>die <strong>3CX<\/strong> <strong>TK-Anlage<\/strong>n werden f\u00fcr mobiles arbeiten entwickelt. Als aktuelle Cloud <strong>3CX<\/strong> <strong>Telefonanlage<\/strong> oder auf der privaten Hardware hausintern gehostet. Die Installation und die Verwaltung ist unkompliziert. Sie bekommen dadurch eine sichere, zuverl\u00e4ssige und anpassbare <strong>3CX<\/strong> <strong>Telefonanlage<\/strong>.<\/p>\n<h2>Gute Preise f\u00fcr Ihre brandneue 3CX <strong>Telefonanlage<\/strong><\/h2>\n<p>Ein hervorragendes Preis- und Leistungsverh\u00e4ltnis. Richten Sie unendlich viele Nebenstellen ein, immer pr\u00e4zise da wo Sie sie im Moment w\u00fcnschen und sparen Sie Kosten.<\/p>\n<h2>St\u00fctzen Sie Ihr Verkaufspersonal.<\/h2>\n<p>Bei Eingang eines Anrufs exakt wissen wer gerade anruft. Infos sind alles. F\u00fcr Mitarbeiter oder die Gesch\u00e4ftsf\u00fchrung. Somit wissen Sie genau was geht. W\u00e4hlen Sie mit einem bequemen Klick aus Ihrem CRM oder Ihrer Firmensoftware jede Telefonnummer.<\/p>\n<p>W\u00e4re es nicht genial, wenn Sie von einer zentralen Oberfl\u00e4che heraus alle Anrufe t\u00e4tigen, entgegennehmen wie auch bearbeiten oder aber den Status Ihrer Kollegen in Erfahrung bringen, eingehende Chat-Nachrichten beantworten und Videoanrufe initiieren k\u00f6nnten? Mit dem Webclient als Softphone und der Windows Desktop Applikation ist all das und noch jede Menge mehr machbar.<\/p>\n<h2>Microsoft 365 Zusammenf\u00fchrung<\/h2>\n<p>Nutzt Ihr Unternehmen MS 365? In diesem Fall vernetzen Sie dieses ganz leicht mit der <strong>3CX<\/strong> <strong>TK-Anlage<\/strong> und kombinieren Sie alle Vorz\u00fcge beider Systeme! User k\u00f6nnen nahtlos mit beiden Applikationen arbeiten, Kontakte organisieren und Arbeitsschritte verschlanken, um die Effizienz zu steigern und Kunden zu inspirieren. <\/p>\n<h2>Kontakte mit dem <strong>3CX<\/strong> Telefonbuch abgleichen<\/h2>\n<h2>MS Teams Telefonie-Zusammenf\u00fchrung<\/h2>\n<ol>\n<li>Durchf\u00fchrung externer Telefonate \u00fcber <strong>3CX<\/strong> SIP-Trunks<\/li>\n<\/li>\n<li>Auswahl eines speziellen g\u00fcnstigen SIP-Anbieters Ihrer Gegend<\/li>\n<\/li>\n<\/ol>\n<h3>Unsere Mitarbeiter unterst\u00fctzen, beschaffen Hardware und Software, installieren, konfigurieren, nehmen in Betrieb und Supporten Ihre brandneue <strong>3CX<\/strong> <strong>Telefonanlage<\/strong>. Sie haben Fragen, oder wollen die derzeitige Preisliste anfordern? Sie erreichen uns unter Telefon 07164 909700 sowie per E-Mail-Nachricht unter support@kaelberer-online.de<\/h3>\n<h2>Haben wir Sie neugierig gemacht?<\/h2>\n<p>Viele weitere top Features warten auf Sie.<\/p>\n<ul>\n<li>M\u00fcheloses Erstellen und Verwalten von Nebenstellen \u2013 auch remote<\/li>\n<li>Anruf-Protokolle im Kundendatensatz f\u00fcr transparente Anrufhistorie<\/li>\n<li>M\u00fcheloses Implementieren und Verwalten ohne Schulungsbedarf<\/li>\n<li>Kontrolle \u00fcber Ihre Telefonleitungen und Gespr\u00e4chskosten<\/li>\n<li>Anrufweiterleitung basierend auf Kundennummer oder Anfrage<\/li>\n<li>Registrierung am Webclient \u2013 Einzelheiten in der Willkommens-E-Mail<\/li>\n<li>Kinderleichte Benutzerverwaltung reduziert jede Menge Arbeitsstunden<\/li>\n<li>M\u00fcheloses Weiterreichen von Kunden an die korrekte Abteilung<\/li>\n<li>Direkter Kontakt mittels Anrufe, Video sowie Instant Messaging<\/li>\n<li>Keinerlei Schulung notwendig \u2013 direkt einsteigen<\/li>\n<li>Virtualisieren durch VMware, Hyper-V oder KVM<\/li>\n<li>Integration von Website-Livechat, Facebook-Messaging wie auch SMS<\/li>\n<li>Integrierte browserbasierte Videokonferenzen<\/li>\n<li>Einfaches Weitersenden von Anrufen und Chatten mit Arbeitskollegen<\/li>\n<li>Verbinden von remote Firmenb\u00fcros und interne Anrufkosten eliminieren<\/li>\n<li>Zeitersparung durch automatische Anzeige von Kundendaten<\/li>\n<li>Einleiten eines Videoanrufs von Ihrem Handy aus<\/li>\n<li>Wechsel zwischen Sprach- und Videoanrufen mit einem Fingertipp<\/li>\n<li>App \u00f6ffnen, QR Code scannen \u2013 im Nu sind Sie bereit!<\/li>\n<li>Vielseitige hereinkommende\/hinausgehende Vorgaben, DIDs &#038; Ring Groups<\/li>\n<li>Identifizierung von Anrufern mit Hilfe CRM-Zusammenf\u00fchrung<\/li>\n<li>W\u00e4hlen Sie im Men\u00fc oben das QR-Code-Symbol f\u00fcr dessen Scan<\/li>\n<li>Laden Sie die Applikation aus dem Google Play oder App Store herunter<\/li>\n<li>Ver\u00e4ndern des pers\u00f6nlichen Status sowie Ansicht der Verf\u00fcgbarkeit des Projektteams<\/li>\n<\/ul>\n<h3>Fordern Sie erg\u00e4nzende Unterlagen und ein Angebot bei uns an. Selbstverst\u00e4ndlich stellen wir Ihnen auch eine komplette Leistungs\u00fcbersicht zur Verf\u00fcgung.<\/h3>\n<p>[contact-form-7 id=&#8220;5&#8243; title=&#8220;Contact form 1&#8243;]<\/p>\n","protected":false},"excerpt":{"rendered":"<p>Wissen Sie die Anforderungen an Ihre neue 3CX Telefonanlage schon? Eine aktuelle 3CX TK-Anlage vereinfacht Ihre Gesch\u00e4ftsprozesse. Optimieren Sie Ihr Unternehmen mit einer aktuellen und flexiblen 3CX Telefonanlage. Eine 3CX Telefonanlage die ma\u00dfgeschneidert auf Ihre Erwartungen zugeschnitten ist und mit dem Unternehmen wachsen kann. Eine neue Arbeitswelt die mobil unterwegs ist. Kommunizieren Sie mit einem &hellip; <a href=\"https:\/\/www.kaelberer-online.de\/services\/telefonanlagen\/telefonanlage-online-3cx\/\" class=\"more-link\">Continue reading<span class=\"screen-reader-text\"> &#8222;TELEFONANLAGE ONLINE 3CX Preise Tel. 07164 90 97 00&#8220;<\/span><\/a><\/p>\n","protected":false},"author":2,"featured_media":185,"parent":26,"menu_order":0,"comment_status":"closed","ping_status":"closed","template":"","meta":{"footnotes":""},"class_list":["post-184","page","type-page","status-publish","has-post-thumbnail","hentry"],"_links":{"self":[{"href":"https:\/\/www.kaelberer-online.de\/services\/wp-json\/wp\/v2\/pages\/184","targetHints":{"allow":["GET"]}}],"collection":[{"href":"https:\/\/www.kaelberer-online.de\/services\/wp-json\/wp\/v2\/pages"}],"about":[{"href":"https:\/\/www.kaelberer-online.de\/services\/wp-json\/wp\/v2\/types\/page"}],"author":[{"embeddable":true,"href":"https:\/\/www.kaelberer-online.de\/services\/wp-json\/wp\/v2\/users\/2"}],"replies":[{"embeddable":true,"href":"https:\/\/www.kaelberer-online.de\/services\/wp-json\/wp\/v2\/comments?post=184"}],"version-history":[{"count":0,"href":"https:\/\/www.kaelberer-online.de\/services\/wp-json\/wp\/v2\/pages\/184\/revisions"}],"up":[{"embeddable":true,"href":"https:\/\/www.kaelberer-online.de\/services\/wp-json\/wp\/v2\/pages\/26"}],"wp:featuredmedia":[{"embeddable":true,"href":"https:\/\/www.kaelberer-online.de\/services\/wp-json\/wp\/v2\/media\/185"}],"wp:attachment":[{"href":"https:\/\/www.kaelberer-online.de\/services\/wp-json\/wp\/v2\/media?parent=184"}],"curies":[{"name":"wp","href":"https:\/\/api.w.org\/{rel}","templated":true}]}}