{"id":182,"date":"2021-10-19T04:11:11","date_gmt":"2021-10-19T04:11:11","guid":{"rendered":"https:\/\/kaelberer-online.de\/services\/?page_id=182"},"modified":"2021-10-19T04:11:11","modified_gmt":"2021-10-19T04:11:11","slug":"sipgate-telefonanlage-3cx","status":"publish","type":"page","link":"https:\/\/www.kaelberer-online.de\/services\/telefonanlagen\/sipgate-telefonanlage-3cx\/","title":{"rendered":"SIPGATE TELEFONANLAGE 3CX Angebot Tel. 07164 90 97 00"},"content":{"rendered":"<h2>\n<p>Kennen Sie die Vorgaben an Ihre neue <strong><strong>3CX<\/strong><\/strong> <strong><strong>Telefonanlage<\/strong><\/strong> bereits?<\/p>\n<\/h2>\n<p><h3>Eine aktuelle <strong>3CX<\/strong> <strong>TK-Anlage<\/strong> vereinfacht die Unternehmensprozesse. Optimieren Sie Ihre Firma mit der neuen und flexiblen <strong>3CX<\/strong> <strong>TK-Anlage<\/strong>. Die <strong>3CX<\/strong> <strong>Telefonanlage<\/strong> die ma\u00dfgeschneidert auf Ihre Erwartungen angepasst ist und mit dem Unternehmen wachsen kann.<\/h3>\n<\/p>\n<p>Eine neue Arbeitswelt die mobil unterwegs ist. Kommunizieren Sie mit einem Smartphone \u00fcber die <strong>3CX<\/strong> <strong>TK-Anlage<\/strong> mit Ihren Klienten. Nat\u00fcrlich mit Ihrer Festnetz-Telefonnummer als Absender-Kennung. Wahren Sie die Privatsph\u00e4re und zeigen Sie Seriosit\u00e4t.<\/p>\n<p>Unsere <strong>3CX<\/strong> <strong>Telefonanlage<\/strong>n wurden f\u00fcr mobiles arbeiten konzipiert. Als aktuelle Cloud <strong>3CX<\/strong> <strong>Telefonanlage<\/strong> oder auf Ihrer privaten Hardware hausintern gehostet. Eine Installation und die Konfiguration ist unkompliziert. Sie erhalten dadurch eine sichere, verl\u00e4ssliche sowie hochflexible <strong>3CX<\/strong> <strong>Telefonanlage<\/strong>.<\/p>\n<h2>Eine preiswerte, hochflexible L\u00f6sung<\/h2>\n<p>Ein unschlagbares Preis- und Leistungsverh\u00e4ltnis. Richten Sie unbegrenzt viele Nebenstellen ein, stets pr\u00e4zise da wo Sie sie im Moment ben\u00f6tigen und sparen Sie Kosten.<\/p>\n<h2>Erkennen Sie die Anrufenden!<\/h2>\n<p>Bei Eingang eines Anrufs pr\u00e4zise wissen wer gerade anruft. Infos sind alles. F\u00fcr Mitarbeiter und die Direktion. Auf diese Weise wissen Sie exakt was geht. W\u00e4hlen Sie mit einem simplen Click aus dem CRM oder Ihrer Firmensoftware jede Rufnummer.<\/p>\n<p>Ist es nicht prima, wenn Sie von einer zentralen Oberfl\u00e4che heraus s\u00e4mtliche Anrufe t\u00e4tigen, entgegen nehmen und bearbeiten oder aber den Status Ihrer Arbeitskollegen abfragen, eingehende Livechat-Nachrichten beantworten und Videoanrufe initiieren k\u00f6nnten? Mit dem Webclient als Softphone und der Windows Desktop App wird alles das sowie noch reichlich mehr m\u00f6glich.<\/p>\n<h2>Microsoft 365 Einbindung<\/h2>\n<p>Benutzt Ihre Firma Microsoft 365? In diesem Fall vernetzen Sie dieses unproblematisch mit der <strong>3CX<\/strong> <strong>TK-Anlage<\/strong> und vereinen Sie s\u00e4mtliche Vorz\u00fcge beider Systeme! Anwender k\u00f6nnen \u00fcbergangslos mit beiden Applikationen arbeiten, Kontakte organisieren und Verfahren schlanker machen, um die Effektivit\u00e4t zu steigern und Kunden zu begeistern. <\/p>\n<h2>Kontakte mit Ihrem <strong>3CX<\/strong> Teilnehmerverzeichnis abgleichen<\/h2>\n<h2>Microsoft Teams Telefonie-Verzahnung<\/h2>\n<ol>\n<li>Ausschalten Microsoft\u00b4s teurer Inlands-\/globaler Tarife<\/li>\n<\/li>\n<li>Selektion eines individuellen g\u00fcnstigen SIP-Anbieters Ihrer Region<\/li>\n<\/li>\n<\/ol>\n<h3>Unsere Mitarbeiter unterst\u00fctzen, beschaffen Hardware sowie Softwareanwendungen, richten ein, konfigurieren, nehmen in Betrieb und Supporten Ihre brandneue <strong>3CX<\/strong> <strong>Telefonanlage<\/strong>. Sie haben Fragen, oder wollen die derzeitige Liste der Preise anfordern? Sie erreichen uns unter Telefon 07164 909700 sowie per Mail unter support@kaelberer-online.de<\/h3>\n<h2>Haben wir Sie neugierig gemacht?<\/h2>\n<p>Unz\u00e4hlige weitere interessante Features warten auf Sie.<\/p>\n<ul>\n<li>Absolut keine Schulung erforderlich \u2013 schnell loslegen<\/li>\n<li>Verzicht auf hochpreisige Mobilanrufe zwischen Besch\u00e4ftigten und Klienten<\/li>\n<li>Identifizierung von Anrufern dank CRM-Integration<\/li>\n<li>Bequemes Implementieren und Verwalten ohne Schulungsbedarf<\/li>\n<li>Anrufweiterleitung aufbauend auf Kundennummer oder Anfrage<\/li>\n<li>Lockdown-f\u00e4hig mit der kostenlosen Applikation f\u00fcr Web, iOS &#038; Android<\/li>\n<li>Telefonrechnung um bis zu 80 % reduzieren durch Wechsel zu <strong>3CX<\/strong><\/li>\n<li>Ab\u00e4ndern des eigenen Status und Ansicht der Verf\u00fcgbarkeit des Teams<\/li>\n<li>PBX Express startet Ihre <strong>3CX<\/strong>-Instanz in ein paar Minuten<\/li>\n<li>Anruf-Protokolle im Kundendatensatz f\u00fcr transparente Anrufhistorie<\/li>\n<li>Virtualisieren mit VMware, Hyper-V oder KVM<\/li>\n<li>Vernetzen von remote B\u00fcros und interne Anrufkosten beseitigen<\/li>\n<li>Starten eines Videoanrufs von Ihrem Handy aus<\/li>\n<li>Bietet mobile Apps f\u00fcr Windows, Web, iOS &#038; Android<\/li>\n<li>SIP-Forking \u2013 simultane Nutzung von <strong>3CX<\/strong> Anwendung und Tischtelefon<\/li>\n<li>Erstellung eines neuen Kundendatensatzes f\u00fcr neue Rufnummern<\/li>\n<\/ul>\n<h3>Fordern Sie zus\u00e4tzliche Informationen sowie ein Produktangebot bei unserer Firma an. Selbstverst\u00e4ndlich stellen wir Ihnen auch eine komplette Leistungs\u00fcbersicht zur Verf\u00fcgung.<\/h3>\n<p>[contact-form-7 id=&#8220;5&#8243; title=&#8220;Contact form 1&#8243;]<\/p>\n","protected":false},"excerpt":{"rendered":"<p>Kennen Sie die Vorgaben an Ihre neue 3CX Telefonanlage bereits? Eine aktuelle 3CX TK-Anlage vereinfacht die Unternehmensprozesse. Optimieren Sie Ihre Firma mit der neuen und flexiblen 3CX TK-Anlage. Die 3CX Telefonanlage die ma\u00dfgeschneidert auf Ihre Erwartungen angepasst ist und mit dem Unternehmen wachsen kann. Eine neue Arbeitswelt die mobil unterwegs ist. Kommunizieren Sie mit einem &hellip; <a href=\"https:\/\/www.kaelberer-online.de\/services\/telefonanlagen\/sipgate-telefonanlage-3cx\/\" class=\"more-link\">Continue reading<span class=\"screen-reader-text\"> &#8222;SIPGATE TELEFONANLAGE 3CX Angebot Tel. 07164 90 97 00&#8220;<\/span><\/a><\/p>\n","protected":false},"author":2,"featured_media":183,"parent":26,"menu_order":0,"comment_status":"closed","ping_status":"closed","template":"","meta":{"footnotes":""},"class_list":["post-182","page","type-page","status-publish","has-post-thumbnail","hentry"],"_links":{"self":[{"href":"https:\/\/www.kaelberer-online.de\/services\/wp-json\/wp\/v2\/pages\/182","targetHints":{"allow":["GET"]}}],"collection":[{"href":"https:\/\/www.kaelberer-online.de\/services\/wp-json\/wp\/v2\/pages"}],"about":[{"href":"https:\/\/www.kaelberer-online.de\/services\/wp-json\/wp\/v2\/types\/page"}],"author":[{"embeddable":true,"href":"https:\/\/www.kaelberer-online.de\/services\/wp-json\/wp\/v2\/users\/2"}],"replies":[{"embeddable":true,"href":"https:\/\/www.kaelberer-online.de\/services\/wp-json\/wp\/v2\/comments?post=182"}],"version-history":[{"count":0,"href":"https:\/\/www.kaelberer-online.de\/services\/wp-json\/wp\/v2\/pages\/182\/revisions"}],"up":[{"embeddable":true,"href":"https:\/\/www.kaelberer-online.de\/services\/wp-json\/wp\/v2\/pages\/26"}],"wp:featuredmedia":[{"embeddable":true,"href":"https:\/\/www.kaelberer-online.de\/services\/wp-json\/wp\/v2\/media\/183"}],"wp:attachment":[{"href":"https:\/\/www.kaelberer-online.de\/services\/wp-json\/wp\/v2\/media?parent=182"}],"curies":[{"name":"wp","href":"https:\/\/api.w.org\/{rel}","templated":true}]}}