{"id":180,"date":"2022-01-04T08:05:19","date_gmt":"2022-01-04T08:05:19","guid":{"rendered":"https:\/\/kaelberer-online.de\/services\/?page_id=180"},"modified":"2022-01-04T08:05:19","modified_gmt":"2022-01-04T08:05:19","slug":"telefonanlage-hausgebrauch-3cx","status":"publish","type":"page","link":"https:\/\/www.kaelberer-online.de\/services\/telefonanlagen\/telefonanlage-hausgebrauch-3cx\/","title":{"rendered":"TELEFONANLAGE HAUSGEBRAUCH 3CX Support Tel. 07164 90 97 00"},"content":{"rendered":"<h2>\n<p>Kennen Sie die Anspr\u00fcche an Ihre neue <strong><strong>3CX<\/strong><\/strong> <strong><strong>TK-Anlage<\/strong><\/strong> bereits?<\/p>\n<\/h2>\n<p><h3>Die aktuelle <strong>3CX<\/strong> <strong>TK-Anlage<\/strong> vereinfacht Ihre Gesch\u00e4ftsprozesse. Optimieren Sie Ihr Unternehmen mit der brandneuen und flexiblen <strong>3CX<\/strong> <strong>TK-Anlage<\/strong>. Die <strong>3CX<\/strong> <strong>TK-Anlage<\/strong> die individuell auf Ihre Vorgaben angepasst ist und mit dem Unternehmen gro\u00df werden kann.<\/h3>\n<\/p>\n<p>Eine neue Arbeitswelt ist mobil unterwegs. Telefonieren Sie mit einem Handy \u00fcber die <strong>3CX<\/strong> <strong>TK-Anlage<\/strong> mit Ihren Kunden. Nat\u00fcrlich mit Ihrer Festnetz-Telefonnummer als Absenderkennung. bewahren Sie die Privatsph\u00e4re und zeigen Sie Seriosit\u00e4t.<\/p>\n<p>Unsere <strong>3CX<\/strong> <strong>TK-Anlage<\/strong>n wurden auch f\u00fcr flexibles arbeiten entworfen. Als aktuelle Cloud <strong>3CX<\/strong> <strong>TK-Anlage<\/strong> oder auf der eigenen Hardware hausintern gehostet. Eine Installation und die Konfiguration ist einfach. Sie erhalten damit eine sichere, zuverl\u00e4ssige und anpassungsf\u00e4hige <strong>3CX<\/strong> TK-Anlage.<\/p>\n<h2>Die gute, variable L\u00f6sung<\/h2>\n<p>Ein unschlagbares Preis- und Leistungsverh\u00e4ltnis. Richten Sie grenzenlos viele Nebenstellen ein, immer exakt da wo Sie sie gerade ben\u00f6tigen und sparen Sie Kosten.<\/p>\n<h2>Erkennen Sie die Anrufer!<\/h2>\n<p>Bei Eingang eines Anrufs pr\u00e4zise wissen wer im Moment anruft. Informationen sind alles. F\u00fcr Mitarbeiter oder die Direktion. So wissen Sie genau was geht. W\u00e4hlen Sie mit einem trivialen Klick aus Ihrem CRM oder Ihrer Business Software jede Telefonnummer.<\/p>\n<p>Ist es nicht genial, wenn Sie von einer zentralen Oberfl\u00e4che heraus jegliche Anrufe realisieren, empfangen und bearbeiten oder aber den Status Ihrer Kollegen abfragen, eingehende Livechat-Nachrichten beantworten und Videoanrufe f\u00fchren k\u00f6nnten? Mit dem Webclient als Softphone sowie der Windows Desktop App ist alles das wie auch noch viel mehr m\u00f6glich.<\/p>\n<h2>Microsoft 365 Einbeziehung<\/h2>\n<p>Nutzt Ihre Firma MS 365? In diesem Fall verbinden Sie dieses ganz leicht mit der <strong>3CX<\/strong> <strong>Telefonanlage<\/strong> und kombinieren Sie jegliche Vorteile beider Systeme! Anwender k\u00f6nnen nahtlos mit beiden Apps arbeiten, Kontakte verwalten und Vorgehensweisen schlanker machen, um die Effektivit\u00e4t zu steigern und Kunden zu inspirieren. <\/p>\n<h2>Kontakte mit dem <strong>3CX<\/strong> Teilnehmerverzeichnis abgleichen<\/h2>\n<ol>\n<li>Aktualisierung gemeinschaftlicher Mailbox-Kontakte mit dem <strong>3CX<\/strong>-Teilnehmerverzeichnis<\/li>\n<li>Applikation-\u00fcbergreifende Administration s\u00e4mtlicher Kontakte in MS 365<\/li>\n<li>Automatische Synchronisation Ihrer eigenen Kontakte<\/li>\n<\/ol>\n<h2>MS Teams Telefonie-Verzahnung<\/h2>\n<ol>\n<li>Auswahl eines individuellen preiswerten SIP-Anbieters Ihrer Region<\/li>\n<\/li>\n<li>Ausschalten Microsoft\u00b4s kostspieliger Inlands-\/internationaler Tarife<\/li>\n<\/li>\n<li>Durchf\u00fchrung externer Telefonate mittels <strong>3CX<\/strong> SIP-Trunks<\/li>\n<\/li>\n<\/ol>\n<h3>Wir informieren, beschaffen Hardware und Softwareanwendungen, richten ein, konfigurieren, nehmen in Betrieb und Supporten Ihre brandneue <strong>3CX<\/strong> <strong>Telefonanlage<\/strong>. Sie haben Fragen, oder m\u00f6chten unsere aktuelle Preisliste anfordern? Sie erreichen uns unter Telefon 07164 909700 oder per E-Mail-Nachricht unter support@kaelberer-online.de<\/h3>\n<h2>Konnten wir Ihr Aufmerksamkeit wecken?<\/h2>\n<p>Jede Menge weitere tolle Features warten auf Sie.<\/p>\n<ul>\n<li>Eingebundene browserbasierte Videokonferenzen<\/li>\n<li>Konferenzen, mobile Apps, Chat einbegriffen<\/li>\n<li>PBX Express bootet Ihre <strong>3CX<\/strong>-Instanz in wenigen Minuten<\/li>\n<li>Zufriedene Kunden wie auch weniger Aufwand f\u00fcr Ihre Arbeitnehmer<\/li>\n<li>Benutzerdefinierte Call Flows automatisieren Anfragen &#038; Abl\u00e4ufe<\/li>\n<li>Update des pers\u00f6nlichen Status &#038; Einsicht der Team-Verf\u00fcgbarkeit<\/li>\n<li>In Augenblicken Anwender aktualisieren\/hinzuf\u00fcgen und Mailboxen konfigurieren<\/li>\n<li>Wechsel zwischen Server &#038; Cloud \u2013 integriertes Backup &#038; Restore<\/li>\n<li>Fernkonfiguration \u00fcber QR-Code statt umst\u00e4ndliche Einrichtung<\/li>\n<li>Ab\u00e4ndern des eigenen Status wie auch Ansicht der Verf\u00fcgbarkeit des Projektteams<\/li>\n<li>Verbesserte Erreichbarkeit f\u00fcr VIP-Kunden au\u00dferhalb der B\u00fcrozeiten<\/li>\n<li>Zeitersparnis mittels automatischer Bildschirmanzeige von Kundendaten<\/li>\n<li>Applikation \u00f6ffnen, QR Code scannen \u2013 im Nu sind Sie bereit!<\/li>\n<li>Anrufweiterleitung basierend auf Kundennummer und Anfrage<\/li>\n<li>Vollautomatische Anpassung von Firewall-Regularien<\/li>\n<li>Verwaltung von System &#038; Benutzern von beliebigem Ort<\/li>\n<li>Direkter Kontakt via Anrufe, Video und Instant Messaging<\/li>\n<li>Verwaltung, Sicherheits-Patches &#038; Version-Upgrades durch <strong>3CX<\/strong><\/li>\n<li>Enth\u00e4lt mobile Apps f\u00fcr Windows, Web, iOS &#038; Android<\/li>\n<li>Kontrolle \u00fcber die Telefonleitungen und Gespr\u00e4chskosten<\/li>\n<li>Verwendung der Unternehmens-Durchwahlnummer auf Ihrem Handy<\/li>\n<li>Schnellkonfiguration mit IP-Telefonen, Gateways &#038; SIP-Trunks<\/li>\n<\/ul>\n<h3>Fragen Sie mehr Infos und ein Produktangebot bei unserer Firma an. Gerne stellen wir Ihnen auch eine vollst\u00e4ndige Featureliste zur Verf\u00fcgung.<\/h3>\n<p>[contact-form-7 id=&#8220;5&#8243; title=&#8220;Contact form 1&#8243;]<\/p>\n","protected":false},"excerpt":{"rendered":"<p>Kennen Sie die Anspr\u00fcche an Ihre neue 3CX TK-Anlage bereits? Die aktuelle 3CX TK-Anlage vereinfacht Ihre Gesch\u00e4ftsprozesse. Optimieren Sie Ihr Unternehmen mit der brandneuen und flexiblen 3CX TK-Anlage. Die 3CX TK-Anlage die individuell auf Ihre Vorgaben angepasst ist und mit dem Unternehmen gro\u00df werden kann. Eine neue Arbeitswelt ist mobil unterwegs. Telefonieren Sie mit einem &hellip; <a href=\"https:\/\/www.kaelberer-online.de\/services\/telefonanlagen\/telefonanlage-hausgebrauch-3cx\/\" class=\"more-link\">Continue reading<span class=\"screen-reader-text\"> &#8222;TELEFONANLAGE HAUSGEBRAUCH 3CX Support Tel. 07164 90 97 00&#8220;<\/span><\/a><\/p>\n","protected":false},"author":2,"featured_media":181,"parent":26,"menu_order":0,"comment_status":"closed","ping_status":"closed","template":"","meta":{"footnotes":""},"class_list":["post-180","page","type-page","status-publish","has-post-thumbnail","hentry"],"_links":{"self":[{"href":"https:\/\/www.kaelberer-online.de\/services\/wp-json\/wp\/v2\/pages\/180","targetHints":{"allow":["GET"]}}],"collection":[{"href":"https:\/\/www.kaelberer-online.de\/services\/wp-json\/wp\/v2\/pages"}],"about":[{"href":"https:\/\/www.kaelberer-online.de\/services\/wp-json\/wp\/v2\/types\/page"}],"author":[{"embeddable":true,"href":"https:\/\/www.kaelberer-online.de\/services\/wp-json\/wp\/v2\/users\/2"}],"replies":[{"embeddable":true,"href":"https:\/\/www.kaelberer-online.de\/services\/wp-json\/wp\/v2\/comments?post=180"}],"version-history":[{"count":0,"href":"https:\/\/www.kaelberer-online.de\/services\/wp-json\/wp\/v2\/pages\/180\/revisions"}],"up":[{"embeddable":true,"href":"https:\/\/www.kaelberer-online.de\/services\/wp-json\/wp\/v2\/pages\/26"}],"wp:featuredmedia":[{"embeddable":true,"href":"https:\/\/www.kaelberer-online.de\/services\/wp-json\/wp\/v2\/media\/181"}],"wp:attachment":[{"href":"https:\/\/www.kaelberer-online.de\/services\/wp-json\/wp\/v2\/media?parent=180"}],"curies":[{"name":"wp","href":"https:\/\/api.w.org\/{rel}","templated":true}]}}