{"id":174,"date":"2021-11-06T11:43:41","date_gmt":"2021-11-06T11:43:41","guid":{"rendered":"https:\/\/kaelberer-online.de\/services\/?page_id=174"},"modified":"2021-11-06T11:43:41","modified_gmt":"2021-11-06T11:43:41","slug":"tk-anlage-voip-3cx","status":"publish","type":"page","link":"https:\/\/www.kaelberer-online.de\/services\/telefonanlagen\/tk-anlage-voip-3cx\/","title":{"rendered":"TK ANLAGE VOIP 3CX Support Tel. 07164 90 97 00"},"content":{"rendered":"<h2>\n<p>Kennen Sie die Anspr\u00fcche an Ihre neue <strong><strong>3CX<\/strong><\/strong> <strong><strong>TK-Anlage<\/strong><\/strong> bereits?<\/p>\n<\/h2>\n<p><h3>Eine aktuelle <strong>3CX<\/strong> <strong>TK-Anlage<\/strong> erleichtert Ihre Unternehmensprozesse. Optimieren Sie Ihre Firma mit der aktuellen und flexiblen <strong>3CX<\/strong> <strong>TK-Anlage<\/strong>. Die <strong>3CX<\/strong> <strong>Telefonanlage<\/strong> die ma\u00dfgeschneidert auf Ihre Anspr\u00fcche zugeschnitten ist und mit dem Unternehmen gro\u00df werden kann.<\/h3>\n<\/p>\n<p>Eine neue Arbeitswelt ist mobil unterwegs. Telefonieren Sie mit dem Mobiltelefon \u00fcber die <strong>3CX<\/strong> <strong>TK-Anlage<\/strong> mit Ihren Klienten. Selbstverst\u00e4ndlich mit Ihrer Festnetz-Rufnummer als Absenderkennung. bewahren Sie Ihre Privatsph\u00e4re und zeigen Sie Seriosit\u00e4t.<\/p>\n<p>Unsere <strong>3CX<\/strong> <strong>TK-Anlage<\/strong>n werden f\u00fcr flexibles arbeiten konzipiert. Als zeitgem\u00e4\u00dfe Cloud <strong>3CX<\/strong> <strong>Telefonanlage<\/strong> oder auf der eigenen Hardware hausintern gehostet. Die Installation und die Konfiguration ist unkompliziert. Sie bekommen dadurch eine sichere, zuverl\u00e4ssige wie auch anpassbare <strong>3CX<\/strong> <strong>Telefonanlage<\/strong>.<\/p>\n<h2>Eine preiswerte, hochflexible L\u00f6sung<\/h2>\n<p>Ein tolles Preis- und Leistungsverh\u00e4ltnis. Richten Sie unendlich viele Nebenstellen ein, stets genau da wo Sie sie im Moment ben\u00f6tigen und sparen Sie Kosten.<\/p>\n<h2>Identifizieren Sie die Anrufer!<\/h2>\n<p>Bei Eingang eines Telefonanrufs genau wissen wer gerade anruft. Infos sind alles. F\u00fcr Angestellte sowie die Direktion. Auf diese Weise wissen Sie pr\u00e4zise was l\u00e4uft. W\u00e4hlen Sie mit einem trivialen Click aus Ihrem CRM oder Ihrer Firmensoftware jede Telefonnummer.<\/p>\n<p>W\u00e4re es nicht toll, wenn Sie von einer zentralen Oberfl\u00e4che heraus alle Anrufe realisieren, entgegennehmen wie auch bearbeiten oder aber den Status Ihrer Mitarbeiter abfragen, eingehende Chat-News beantworten und Videoanrufe initiieren k\u00f6nnten? Mit dem Webclient als Softphone sowie der Windows Desktop Applikation ist alles das und noch jede Menge mehr realisierbar.<\/p>\n<h2>Microsoft 365 Einbeziehung<\/h2>\n<p>Nutzt Ihre Firma Microsoft 365? Dann verkn\u00fcpfen Sie dieses unproblematisch mit der <strong>3CX<\/strong> <strong>TK-Anlage<\/strong> und verschmelzen Sie s\u00e4mtliche Vorteile beider Systeme! User k\u00f6nnen \u00fcbergangslos mit beiden Apps arbeiten, Kontakte verwalten und Abl\u00e4ufe verschlanken, um ihre Effizienz zu steigern und Klienten zu inspirieren. <\/p>\n<h2>Kontakte mit Ihrem <strong>3CX<\/strong> Teilnehmerverzeichnis abgleichen<\/h2>\n<h2>Microsoft Teams Telefonie-Verzahnung<\/h2>\n<ol>\n<li>Auswahl eines individuellen preiswerten SIP-Dienstleisters Ihrer Region<\/li>\n<\/li>\n<li>Eliminieren Microsoft\u00b4s teurer Inlands-\/globaler Tarife<\/li>\n<\/li>\n<\/ol>\n<h3>Unsere Mitarbeiter unterst\u00fctzen, organisieren Hardware sowie Softwarel\u00f6sungen, richten ein, konfigurieren, nehmen in Betrieb und Supporten Ihre neue <strong>3CX<\/strong> <strong>TK-Anlage<\/strong>. Sie haben Fragen, oder wollen unsere aktuelle Liste der Preise anfordern? Sie erreichen uns unter Telefon 07164 909700 und per Mail unter support@kaelberer-online.de<\/h3>\n<h2>Vermochten wir Ihr Aufmerksamkeit wecken?<\/h2>\n<p>Unz\u00e4hlige weitere tolle Features warten auf Sie.<\/p>\n<ul>\n<li>Bequemes Erstellen und Bearbeiten von Nebenstellen \u2013 auch remote<\/li>\n<li>Kostenfreie Office-Anrufe f\u00fcr remote &#038; reisende Arbeitnehmer<\/li>\n<li>Registrierung am Webclient \u2013 Details in der Willkommens-E-Mail<\/li>\n<li>Kinderleichte Skalierbarkeit der <strong>Telefonanlage<\/strong>n-Installation<\/li>\n<li>Konferenzen, mobile Applikationen, Livechat inklusive<\/li>\n<li>Anruf-Protokolle im Kundendatensatz f\u00fcr transparente Anrufhistorie<\/li>\n<li>Nutzung der Office-Durchwahlnummer auf Ihrem Smartphone<\/li>\n<li>Ab\u00e4ndern des pers\u00f6nlichen Status sowie Ansicht der Verf\u00fcgbarkeit des Projektteams<\/li>\n<li>Virtualisieren mit VMware, Hyper-V oder KVM<\/li>\n<li>Keine Lizenzierung pro Nebenstelle, unbeschr\u00e4nkt viele Nebenstellen<\/li>\n<li>Verwaltung, Sicherheits-Patches &#038; Version-Upgrades durch <strong>3CX<\/strong><\/li>\n<li>Jederzeit zwischen <strong>3CX<\/strong>-Hosting, on-Premise &#038; Ihrer Cloud wechseln<\/li>\n<li>Integrierte browserbasierte Videokonferenzen<\/li>\n<li>Fernkonfiguration \u00fcber QR-Code statt umst\u00e4ndliche Einrichtung<\/li>\n<li>Gesch\u00fctzte Verbindungen gew\u00e4hrleisten Privatsph\u00e4re und Schutz<\/li>\n<li>Anrufe mit einem einzigen Mausklick direkt aus CRM heraus ausl\u00f6sen<\/li>\n<\/ul>\n<h3>Fragen Sie erg\u00e4nzende Infos oder ein Angebot bei unserer Firma an. Selbstverst\u00e4ndlich stellen wir Ihnen auch eine vollst\u00e4ndige Featureliste zur Verf\u00fcgung.<\/h3>\n<p>[contact-form-7 id=&#8220;5&#8243; title=&#8220;Contact form 1&#8243;]<\/p>\n","protected":false},"excerpt":{"rendered":"<p>Kennen Sie die Anspr\u00fcche an Ihre neue 3CX TK-Anlage bereits? Eine aktuelle 3CX TK-Anlage erleichtert Ihre Unternehmensprozesse. Optimieren Sie Ihre Firma mit der aktuellen und flexiblen 3CX TK-Anlage. Die 3CX Telefonanlage die ma\u00dfgeschneidert auf Ihre Anspr\u00fcche zugeschnitten ist und mit dem Unternehmen gro\u00df werden kann. Eine neue Arbeitswelt ist mobil unterwegs. Telefonieren Sie mit dem &hellip; <a href=\"https:\/\/www.kaelberer-online.de\/services\/telefonanlagen\/tk-anlage-voip-3cx\/\" class=\"more-link\">Continue reading<span class=\"screen-reader-text\"> &#8222;TK ANLAGE VOIP 3CX Support Tel. 07164 90 97 00&#8220;<\/span><\/a><\/p>\n","protected":false},"author":2,"featured_media":175,"parent":26,"menu_order":0,"comment_status":"closed","ping_status":"closed","template":"","meta":{"footnotes":""},"class_list":["post-174","page","type-page","status-publish","has-post-thumbnail","hentry"],"_links":{"self":[{"href":"https:\/\/www.kaelberer-online.de\/services\/wp-json\/wp\/v2\/pages\/174","targetHints":{"allow":["GET"]}}],"collection":[{"href":"https:\/\/www.kaelberer-online.de\/services\/wp-json\/wp\/v2\/pages"}],"about":[{"href":"https:\/\/www.kaelberer-online.de\/services\/wp-json\/wp\/v2\/types\/page"}],"author":[{"embeddable":true,"href":"https:\/\/www.kaelberer-online.de\/services\/wp-json\/wp\/v2\/users\/2"}],"replies":[{"embeddable":true,"href":"https:\/\/www.kaelberer-online.de\/services\/wp-json\/wp\/v2\/comments?post=174"}],"version-history":[{"count":0,"href":"https:\/\/www.kaelberer-online.de\/services\/wp-json\/wp\/v2\/pages\/174\/revisions"}],"up":[{"embeddable":true,"href":"https:\/\/www.kaelberer-online.de\/services\/wp-json\/wp\/v2\/pages\/26"}],"wp:featuredmedia":[{"embeddable":true,"href":"https:\/\/www.kaelberer-online.de\/services\/wp-json\/wp\/v2\/media\/175"}],"wp:attachment":[{"href":"https:\/\/www.kaelberer-online.de\/services\/wp-json\/wp\/v2\/media?parent=174"}],"curies":[{"name":"wp","href":"https:\/\/api.w.org\/{rel}","templated":true}]}}