{"id":162,"date":"2021-11-01T13:20:56","date_gmt":"2021-11-01T13:20:56","guid":{"rendered":"https:\/\/kaelberer-online.de\/services\/?page_id=162"},"modified":"2021-11-01T13:20:56","modified_gmt":"2021-11-01T13:20:56","slug":"gehostete-telefonanlage-3cx","status":"publish","type":"page","link":"https:\/\/www.kaelberer-online.de\/services\/telefonanlagen\/gehostete-telefonanlage-3cx\/","title":{"rendered":"GEHOSTETE TELEFONANLAGE 3CX Installation Tel. 07164 90 97 00"},"content":{"rendered":"<h2>\n<p>Wissen Sie die Anforderungen an Ihre neue <strong><strong>3CX<\/strong><\/strong> <strong><strong>Telefonanlage<\/strong><\/strong> schon?<\/p>\n<\/h2>\n<p><h3>Die moderne <strong>3CX<\/strong> <strong>Telefonanlage<\/strong> vereinfacht Ihre Firmenprozesse. Optimieren Sie Ihr Unternehmen mit der neusten und flexiblen <strong>3CX<\/strong> <strong>TK-Anlage<\/strong>. Eine <strong>3CX<\/strong> <strong>TK-Anlage<\/strong> die individuell auf Ihre Anforderungen zugeschnitten ist und mit Ihrem Unternehmen gro\u00df werden kann.<\/h3>\n<\/p>\n<p>Die neue Arbeitswelt ist mobil unterwegs. Telefonieren Sie mit dem Smartphone \u00fcber die <strong>3CX<\/strong> <strong>TK-Anlage<\/strong> mit Ihren Kunden. Nat\u00fcrlich mit Ihrer Festnetz-Telefonnummer als Absenderkennung. besch\u00fctzen Sie die Privatsph\u00e4re und beweisen Sie Professionalit\u00e4t.<\/p>\n<p>die <strong>3CX<\/strong> <strong>Telefonanlage<\/strong>n wurden f\u00fcr flexibles arbeiten entwickelt. Als zeitgem\u00e4\u00dfe Cloud <strong>3CX<\/strong> <strong>TK-Anlage<\/strong> oder auf der pers\u00f6nlichen Hardware hausintern gehostet. Eine Installation und die Konfiguration ist unkompliziert. Sie erhalten dadurch eine sichere, verl\u00e4ssliche sowie hochflexible <strong>3CX<\/strong> <strong>Telefonanlage<\/strong>.<\/p>\n<h2>Die g\u00fcnstige, variable L\u00f6sung<\/h2>\n<p>Ein tolles Preis- und Leistungsverh\u00e4ltnis. Richten Sie unbegrenzt viele Nebenstellen ein, immer exakt da wo Sie sie gerade brauchen und sparen Sie Kosten.<\/p>\n<h2>St\u00fctzen Sie Ihr Verkaufspersonal.<\/h2>\n<p>Bei Eingang eines Telefonanrufs exakt wissen wer im Moment anruft. Infos sind alles. F\u00fcr Besch\u00e4ftigte oder die Direktion. So wissen Sie genau was l\u00e4uft. W\u00e4hlen Sie mit einem simplen Mausklick aus dem CRM oder Ihrer Firmensoftware jede Telefonnummer.<\/p>\n<p>W\u00e4re es nicht phantastisch, wenn Sie von einer zentralen Oberfl\u00e4che heraus jegliche Anrufe realisieren, empfangen wie auch bearbeiten oder aber den Status Ihrer Arbeitskollegen in Erfahrung bringen, eingehende Livechat-Nachrichten beantworten und Videoanrufe initiieren k\u00f6nnten? Mit einem Webclient als Softphone sowie der Windows Desktop App ist all das wie auch noch reichlich mehr machbar.<\/p>\n<h2>MS 365 Einbeziehung<\/h2>\n<p>Nutzt Ihre Firma Microsoft 365? In diesem Fall vernetzen Sie dieses m\u00fchelos mit der <strong>3CX<\/strong> <strong>TK-Anlage<\/strong> und verschmelzen Sie alle Vorteile beider Systeme! Anwender k\u00f6nnen nahtlos mit beiden Apps arbeiten, Kontakte verwalten und Arbeitsschritte schlanker machen, um ihre Effizienz zu erh\u00f6hen und Auftraggeber zu begeistern. <\/p>\n<h2>Kontakte mit dem <strong>3CX<\/strong> Teilnehmerverzeichnis abgleichen<\/h2>\n<h2>Microsoft Teams Telefonie-Zusammenf\u00fchrung<\/h2>\n<ol>\n<li>Eliminieren Microsoft\u00b4s kostspieliger Inlands-\/internationaler Tarife<\/li>\n<\/li>\n<li>Realisierung externer Telefongespr\u00e4che mittels <strong>3CX<\/strong> SIP-Trunks<\/li>\n<\/li>\n<li>Auswahl eines speziellen perfekten SIP-Anbieters Ihrer Region<\/li>\n<\/li>\n<\/ol>\n<h3>Unsere Techniker informieren, organisieren Hardware sowie Software, installieren, konfigurieren, nehmen in Betrieb und Supporten Ihre neue <strong>3CX<\/strong> <strong>Telefonanlage<\/strong>. Sie haben Fragen, oder m\u00f6chten unsere aktuelle Liste der Preise anfordern? Sie erreichen uns unter Telefon 07164 909700 und per E-Mail-Nachricht unter support@kaelberer-online.de<\/h3>\n<h2>Haben wir Sie neugierig gemacht?<\/h2>\n<p>Unz\u00e4hlige zus\u00e4tzliche interessante Features warten auf Sie.<\/p>\n<ul>\n<li>Kostenfreie Office-Anrufe f\u00fcr remote &#038; reisende Arbeitnehmer<\/li>\n<li>Einleiten eines Videoanrufs von Ihrem Smartphone aus<\/li>\n<li>Lockdown-f\u00e4hig mit der kostenlosen Applikation f\u00fcr Web, iOS &#038; Android<\/li>\n<li>PBX Express startet Ihre <strong>3CX<\/strong>-Instanz in wenigen Minuten<\/li>\n<li>Telefonrechnung um bis zu 80 % senken durch Wechsel zu <strong>3CX<\/strong><\/li>\n<li>Intelligente Verbindung f\u00fcr nahtlosen Wechsel zwischen Netzwerken<\/li>\n<li>Anrufe mit einem einzigen Klick unmittelbar aus CRM heraus f\u00fchren<\/li>\n<li>Update des pers\u00f6nlichen Status &#038; Einsicht der Personal-Verf\u00fcgbarkeit<\/li>\n<li>Beantwortung von Nachfragen via Livechat, Facebook &#038; SMS via Apps<\/li>\n<li>Perfekte Skalierbarkeit der TK-Installation<\/li>\n<li>Auf g\u00fcnstigem Raspberry Pi sowie MiniPC als Telefonie-Appliance<\/li>\n<li>Automatisierte Einstellung von Firewall-Regularien<\/li>\n<li>Zeitgewinn durch automatische Bildschirmanzeige von Kundendaten<\/li>\n<li>Hochflexible hereinkommende\/ausgehende Regeln, DIDs &#038; Ring Groups<\/li>\n<li>Verwaltung, Sicherheits-Patches &#038; Version-Upgrades durch <strong>3CX<\/strong><\/li>\n<\/ul>\n<h3>Bitte fordern Sie erg\u00e4nzende Unterlagen oder ein Angebot bei unserer Firma an. Selbstverst\u00e4ndlich stellen wir Ihnen auch eine komplette Leistungs\u00fcbersicht zur Verf\u00fcgung.<\/h3>\n<p>[contact-form-7 id=&#8220;5&#8243; title=&#8220;Contact form 1&#8243;]<\/p>\n","protected":false},"excerpt":{"rendered":"<p>Wissen Sie die Anforderungen an Ihre neue 3CX Telefonanlage schon? Die moderne 3CX Telefonanlage vereinfacht Ihre Firmenprozesse. Optimieren Sie Ihr Unternehmen mit der neusten und flexiblen 3CX TK-Anlage. Eine 3CX TK-Anlage die individuell auf Ihre Anforderungen zugeschnitten ist und mit Ihrem Unternehmen gro\u00df werden kann. Die neue Arbeitswelt ist mobil unterwegs. Telefonieren Sie mit dem &hellip; <a href=\"https:\/\/www.kaelberer-online.de\/services\/telefonanlagen\/gehostete-telefonanlage-3cx\/\" class=\"more-link\">Continue reading<span class=\"screen-reader-text\"> &#8222;GEHOSTETE TELEFONANLAGE 3CX Installation Tel. 07164 90 97 00&#8220;<\/span><\/a><\/p>\n","protected":false},"author":2,"featured_media":163,"parent":26,"menu_order":0,"comment_status":"closed","ping_status":"closed","template":"","meta":{"footnotes":""},"class_list":["post-162","page","type-page","status-publish","has-post-thumbnail","hentry"],"_links":{"self":[{"href":"https:\/\/www.kaelberer-online.de\/services\/wp-json\/wp\/v2\/pages\/162","targetHints":{"allow":["GET"]}}],"collection":[{"href":"https:\/\/www.kaelberer-online.de\/services\/wp-json\/wp\/v2\/pages"}],"about":[{"href":"https:\/\/www.kaelberer-online.de\/services\/wp-json\/wp\/v2\/types\/page"}],"author":[{"embeddable":true,"href":"https:\/\/www.kaelberer-online.de\/services\/wp-json\/wp\/v2\/users\/2"}],"replies":[{"embeddable":true,"href":"https:\/\/www.kaelberer-online.de\/services\/wp-json\/wp\/v2\/comments?post=162"}],"version-history":[{"count":0,"href":"https:\/\/www.kaelberer-online.de\/services\/wp-json\/wp\/v2\/pages\/162\/revisions"}],"up":[{"embeddable":true,"href":"https:\/\/www.kaelberer-online.de\/services\/wp-json\/wp\/v2\/pages\/26"}],"wp:featuredmedia":[{"embeddable":true,"href":"https:\/\/www.kaelberer-online.de\/services\/wp-json\/wp\/v2\/media\/163"}],"wp:attachment":[{"href":"https:\/\/www.kaelberer-online.de\/services\/wp-json\/wp\/v2\/media?parent=162"}],"curies":[{"name":"wp","href":"https:\/\/api.w.org\/{rel}","templated":true}]}}