{"id":158,"date":"2021-11-04T06:58:13","date_gmt":"2021-11-04T06:58:13","guid":{"rendered":"https:\/\/kaelberer-online.de\/services\/?page_id=158"},"modified":"2021-11-04T06:58:13","modified_gmt":"2021-11-04T06:58:13","slug":"telefonanlagen-service-3cx","status":"publish","type":"page","link":"https:\/\/www.kaelberer-online.de\/services\/telefonanlagen\/telefonanlagen-service-3cx\/","title":{"rendered":"TELEFONANLAGEN SERVICE 3CX Service Telefon 07164 90 97 00"},"content":{"rendered":"<h2>\n<p>Kennen Sie die Anspr\u00fcche an Ihre neue <strong><strong>3CX<\/strong><\/strong> <strong><strong>TK-Anlage<\/strong><\/strong> bereits?<\/p>\n<\/h2>\n<p><h3>Eine aktuelle <strong>3CX<\/strong> <strong>TK-Anlage<\/strong> erleichtert die Gesch\u00e4ftsprozesse. Optimieren Sie Ihr Unternehmen mit der brandneuen und flexiblen <strong>3CX<\/strong> <strong>TK-Anlage<\/strong>. Die <strong>3CX<\/strong> <strong>TK-Anlage<\/strong> die ma\u00dfgeschneidert auf Ihre Erwartungen zugeschnitten ist und mit Ihrem Unternehmen wachsen kann.<\/h3>\n<\/p>\n<p>Die neue Arbeitswelt die mobil unterwegs ist. Telefonieren Sie mit dem Handy \u00fcber die <strong>3CX<\/strong> <strong>Telefonanlage<\/strong> mit Ihren Kunden. Selbstverst\u00e4ndlich \u00fcber Ihre Festnetz-Rufnummer als Absender-Kennung. bewahren Sie die Privatsph\u00e4re und beweisen Sie Seriosit\u00e4t.<\/p>\n<p>die <strong>3CX<\/strong> <strong>Telefonanlage<\/strong>n werden f\u00fcr mobiles arbeiten entwickelt. Als zeitgem\u00e4\u00dfe Cloud <strong>3CX<\/strong> <strong>TK-Anlage<\/strong> oder auf Ihrer eigenen Hardware hausintern gehostet. Eine Installation und die Verwaltung ist unkompliziert. Sie erhalten damit eine sichere, verl\u00e4ssliche wie auch anpassungsf\u00e4hige <strong>3CX<\/strong> TK-Anlage.<\/p>\n<h2>Die preiswerte, anpassungsf\u00e4hige L\u00f6sung<\/h2>\n<p>Ein tolles Preis- und Leistungsverh\u00e4ltnis. Richten Sie unbegrenzt viele Nebenstellen ein, immer pr\u00e4zise da wo Sie sie gerade w\u00fcnschen und sparen Sie Kosten.<\/p>\n<h2>Ermitteln Sie die Anrufer!<\/h2>\n<p>Bei Eingang eines Anrufs genau wissen wer gerade anruft. Informationen sind alles. F\u00fcr Mitarbeiter oder die Gesch\u00e4ftsf\u00fchrung. Dadurch wissen Sie genau was geht. W\u00e4hlen Sie mit einem einfachen Mausklick aus dem CRM oder Ihrer Business Software jede Telefonnummer.<\/p>\n<p>W\u00e4re es nicht super, wenn Sie von einer zentralen Oberfl\u00e4che heraus jegliche Anrufe realisieren, annehmen sowie bearbeiten oder aber den Status Ihrer Arbeitskollegen in Erfahrung bringen, eingehende Livechat-News beantworten und Videoanrufe initiieren k\u00f6nnten? Mit dem Webclient als Softphone sowie der Windows Desktop Applikation ist alles das wie auch noch reichlich mehr machbar.<\/p>\n<h2>Microsoft 365 Zusammenf\u00fchrung<\/h2>\n<p>Nutzt Ihre Firma MS 365? Dann verbinden Sie dieses m\u00fchelos mit der <strong>3CX<\/strong> <strong>Telefonanlage<\/strong> und verschmelzen Sie s\u00e4mtliche Vorteile beider Systeme! User k\u00f6nnen nahtlos mit beiden Apps arbeiten, Kontakte verwalten und Verfahren verschlanken, um ihre Effizienz zu steigern und Auftraggeber zu inspirieren. <\/p>\n<h2>Kontakte mit Ihrem <strong>3CX<\/strong> Teilnehmerverzeichnis synchronisieren<\/h2>\n<h2>Microsoft Teams Telefonie-Zusammenf\u00fchrung<\/h2>\n<ol>\n<li>Eliminieren Microsoft\u00b4s kostspieliger Inlands-\/internationaler Tarife<\/li>\n<\/li>\n<li>Auswahl eines individuellen optimalen SIP-Providers Ihrer Region<\/li>\n<\/li>\n<li>Durchf\u00fchrung externer Telefonate mittels <strong>3CX<\/strong> SIP-Trunks<\/li>\n<\/li>\n<\/ol>\n<h3>Wir beraten, organisieren Hardware wie auch Softwarel\u00f6sungen, richten ein, konfigurieren, nehmen in Betrieb und Supporten Ihre neue <strong>3CX<\/strong> <strong>Telefonanlage<\/strong>. Sie haben Fragen, oder m\u00f6chten die derzeitige Preisliste anfordern? Sie erreichen uns unter Telefon 07164 909700 oder per Mail unter support@kaelberer-online.de<\/h3>\n<h2>Haben wir Sie neugierig gemacht?<\/h2>\n<p>Jede Menge zus\u00e4tzliche tolle Funktionen warten auf Sie.<\/p>\n<ul>\n<li>Simples Weitersenden von Anrufen und Chatten mit Arbeitskollegen<\/li>\n<li>Integrierte browserbasierte Videokonferenzen<\/li>\n<li>Verwaltung, Sicherheits-Patches &#038; Version-Upgrades durch <strong>3CX<\/strong><\/li>\n<li>Eigenst\u00e4ndig Hosten via Google, Amazon, Microsoft &#038; mehr<\/li>\n<li>Beantwortung von Anfragen via Livechat, Facebook &#038; SMS via Apps<\/li>\n<li>Automatische Anrufaufzeichnung entfernt manuelle Eintr\u00e4ge<\/li>\n<li>Intelligente Verbindung f\u00fcr nahtlosen Wechsel zwischen Netzen<\/li>\n<li>Virtualisieren mit VMware, Hyper-V oder KVM<\/li>\n<li>Fernkonfiguration \u00fcber QR-Code anstatt umst\u00e4ndliche Einrichtung<\/li>\n<li>Flexible Erreichbarkeit f\u00fcr VIP-Kunden au\u00dferhalb der B\u00fcrozeiten<\/li>\n<li>Kinderleichte Benutzerverwaltung reduziert etliche Arbeitsstunden<\/li>\n<li>Zusammenf\u00fchrung von Webpr\u00e4senz-Livechat, Facebook-Messaging und SMS<\/li>\n<li>Zufriedene Kunden und weniger Aufwand f\u00fcr Ihre Kollegen<\/li>\n<li>Inklusive Datensicherungen \u00fcber Nacht und 24\/7-Kontrolle<\/li>\n<li>Jederzeit zwischen <strong>3CX<\/strong>-Hosting, on-Premise &#038; Ihrer Cloud wechseln<\/li>\n<li>Zuordnung der Anrufer-ID zu einem Datensatz in Ihrem CRM<\/li>\n<li>Anwendung \u00f6ffnen, QR Code scannen \u2013 im Nu sind Sie bereit!<\/li>\n<li>Geb\u00fchrenfreie Office-Anrufe f\u00fcr remote &#038; reisende Angestellte<\/li>\n<li>Uhrzeit-basierte Anrufweiterleitung und Telefonumfragen<\/li>\n<li>Erstellung eines neuen Kundendatensatzes f\u00fcr neue Rufnummern<\/li>\n<li>Freih\u00e4ndiges Kommunizieren dank Siri sowie Bluetooth-Einbindung<\/li>\n<li>Plug &#038; Play mit IP-Telefonen, Gateways &#038; SIP-Trunks<\/li>\n<li>Auf g\u00fcnstigem Raspberry Pi sowie MiniPC als Telefonie-Appliance<\/li>\n<\/ul>\n<h3>Fragen Sie zus\u00e4tzliche Informationen und ein Produktangebot bei uns an. Nat\u00fcrlich stellen wir Ihnen auch eine vollst\u00e4ndige Featureliste zur Verf\u00fcgung.<\/h3>\n<p>[contact-form-7 id=&#8220;5&#8243; title=&#8220;Contact form 1&#8243;]<\/p>\n","protected":false},"excerpt":{"rendered":"<p>Kennen Sie die Anspr\u00fcche an Ihre neue 3CX TK-Anlage bereits? Eine aktuelle 3CX TK-Anlage erleichtert die Gesch\u00e4ftsprozesse. Optimieren Sie Ihr Unternehmen mit der brandneuen und flexiblen 3CX TK-Anlage. Die 3CX TK-Anlage die ma\u00dfgeschneidert auf Ihre Erwartungen zugeschnitten ist und mit Ihrem Unternehmen wachsen kann. Die neue Arbeitswelt die mobil unterwegs ist. Telefonieren Sie mit dem &hellip; <a href=\"https:\/\/www.kaelberer-online.de\/services\/telefonanlagen\/telefonanlagen-service-3cx\/\" class=\"more-link\">Continue reading<span class=\"screen-reader-text\"> &#8222;TELEFONANLAGEN SERVICE 3CX Service Telefon 07164 90 97 00&#8220;<\/span><\/a><\/p>\n","protected":false},"author":2,"featured_media":159,"parent":26,"menu_order":0,"comment_status":"closed","ping_status":"closed","template":"","meta":{"footnotes":""},"class_list":["post-158","page","type-page","status-publish","has-post-thumbnail","hentry"],"_links":{"self":[{"href":"https:\/\/www.kaelberer-online.de\/services\/wp-json\/wp\/v2\/pages\/158","targetHints":{"allow":["GET"]}}],"collection":[{"href":"https:\/\/www.kaelberer-online.de\/services\/wp-json\/wp\/v2\/pages"}],"about":[{"href":"https:\/\/www.kaelberer-online.de\/services\/wp-json\/wp\/v2\/types\/page"}],"author":[{"embeddable":true,"href":"https:\/\/www.kaelberer-online.de\/services\/wp-json\/wp\/v2\/users\/2"}],"replies":[{"embeddable":true,"href":"https:\/\/www.kaelberer-online.de\/services\/wp-json\/wp\/v2\/comments?post=158"}],"version-history":[{"count":0,"href":"https:\/\/www.kaelberer-online.de\/services\/wp-json\/wp\/v2\/pages\/158\/revisions"}],"up":[{"embeddable":true,"href":"https:\/\/www.kaelberer-online.de\/services\/wp-json\/wp\/v2\/pages\/26"}],"wp:featuredmedia":[{"embeddable":true,"href":"https:\/\/www.kaelberer-online.de\/services\/wp-json\/wp\/v2\/media\/159"}],"wp:attachment":[{"href":"https:\/\/www.kaelberer-online.de\/services\/wp-json\/wp\/v2\/media?parent=158"}],"curies":[{"name":"wp","href":"https:\/\/api.w.org\/{rel}","templated":true}]}}