{"id":154,"date":"2021-11-16T10:24:22","date_gmt":"2021-11-16T10:24:22","guid":{"rendered":"https:\/\/kaelberer-online.de\/services\/?page_id=154"},"modified":"2021-11-16T10:24:22","modified_gmt":"2021-11-16T10:24:22","slug":"moderne-telefonanlage-3cx","status":"publish","type":"page","link":"https:\/\/www.kaelberer-online.de\/services\/telefonanlagen\/moderne-telefonanlage-3cx\/","title":{"rendered":"MODERNE TELEFONANLAGE 3CX Preise Telefon 07164 90 97 00"},"content":{"rendered":"<h2>\n<p>Wissen Sie die Vorgaben an Ihre neue <strong><strong>3CX<\/strong><\/strong> <strong><strong>Telefonanlage<\/strong><\/strong> schon?<\/p>\n<\/h2>\n<p><h3>Eine aktuelle <strong>3CX<\/strong> <strong>Telefonanlage<\/strong> simplifiziert Ihre Firmenprozesse. Optimieren Sie Ihr Unternehmen mit einer brandneuen und flexiblen <strong>3CX<\/strong> Telefonanlage. Eine <strong>3CX<\/strong> <strong>Telefonanlage<\/strong> die individuell auf Ihre Vorgaben abgestimmt ist und mit dem Unternehmen gro\u00df werden kann.<\/h3>\n<\/p>\n<p>Die neue Arbeitswelt die mobil unterwegs ist. Kommunizieren Sie mit Ihrem Mobiltelefon \u00fcber Ihre <strong>3CX<\/strong> <strong>TK-Anlage<\/strong> mit Ihren Auftraggebern. Nat\u00fcrlich \u00fcber Ihre Festnetz-Telefonnummer als Absenderkennung. besch\u00fctzen Sie Ihre Privatsph\u00e4re und beweisen Sie Seriosit\u00e4t.<\/p>\n<p>die <strong>3CX<\/strong> <strong>Telefonanlage<\/strong>n wurden f\u00fcr mobiles arbeiten entworfen. Als zeitgem\u00e4\u00dfe Cloud <strong>3CX<\/strong> <strong>TK-Anlage<\/strong> oder auf Ihrer eigenen Hardware hausintern gehostet. Die Installation und die Verwaltung ist einfach. Sie bekommen damit eine sichere, verl\u00e4ssliche und flexible <strong>3CX<\/strong> TK-Anlage.<\/p>\n<h2>G\u00fcnstige Preise f\u00fcr Ihre brandneue 3CX <strong>TK-Anlage<\/strong><\/h2>\n<p>Ein hervorragendes Preis- und Leistungsverh\u00e4ltnis. Richten Sie unendlich viele Nebenstellen ein, immer pr\u00e4zise da wo Sie sie im Moment w\u00fcnschen und sparen Sie Kosten.<\/p>\n<h2>Erkennen Sie die Anrufer!<\/h2>\n<p>Bei Anrufeingang pr\u00e4zise wissen wer gerade anruft. Informationen sind alles. F\u00fcr Angestellte oder die Leitung. Auf diese Weise wissen Sie pr\u00e4zise was l\u00e4uft. W\u00e4hlen Sie mit einem simplen Klick aus dem CRM oder Ihrer Firmensoftware jede Rufnummer.<\/p>\n<p>W\u00e4re es nicht prima, wenn Sie von einer zentralen Oberfl\u00e4che heraus alle Anrufe realisieren, entgegennehmen und bearbeiten oder aber den Status Ihrer Arbeitskollegen abfragen, eingehende Chat-Nachrichten beantworten und Videoanrufe f\u00fchren k\u00f6nnten? Mit einem Webclient als Softphone wie auch der Windows Desktop Applikation ist alles das sowie noch reichlich mehr machbar.<\/p>\n<h2>MS 365 Verzahnung<\/h2>\n<p>Benutzt Ihre Firma MS 365? Dann vernetzen Sie dieses bequem mit der <strong>3CX<\/strong> <strong>TK-Anlage<\/strong> und vereinen Sie s\u00e4mtliche Vorz\u00fcge beider Systeme! User k\u00f6nnen \u00fcbergangslos mit beiden Apps arbeiten, Kontakte organisieren und Arbeitsschritte schlanker machen, um ihre Effektivit\u00e4t zu steigern und Auftraggeber zu inspirieren. <\/p>\n<h2>Kontakte mit dem <strong>3CX<\/strong> Teilnehmerverzeichnis abgleichen<\/h2>\n<ol>\n<li>Anruf synchronisierter Kontakte per Webclient oder portabler Apps<\/li>\n<li>Aktualisierung gemeinsamer Mailbox-Kontakte mit dem <strong>3CX<\/strong>-Telefonbuch<\/li>\n<li>Vollautomatische Synchronisation Ihrer privaten Kontakte<\/li>\n<\/ol>\n<h2>MS Teams Telefonie-Integration<\/h2>\n<ol>\n<li>Auswahl eines eigenen preiswerten SIP-Dienstleisters Ihrer Gegend<\/li>\n<\/li>\n<li>Eliminieren Microsoft\u00b4s kostspieliger Inlands-\/globaler Tarife<\/li>\n<\/li>\n<\/ol>\n<h3>Wir informieren, organisieren Hardware sowie Softwareanwendungen, installieren, konfigurieren, nehmen in Betrieb und Supporten Ihre brandneue <strong>3CX<\/strong> <strong>Telefonanlage<\/strong>. Sie haben Fragen, oder m\u00f6chten die derzeitige Liste der Preise anfordern? Sie erreichen uns unter Telefon 07164 909700 und per Mail unter support@kaelberer-online.de<\/h3>\n<h2>Haben wir Sie neugierig gemacht?<\/h2>\n<p>Unz\u00e4hlige zus\u00e4tzliche top Features warten auf Sie.<\/p>\n<ul>\n<li>Zeitersparnis durch automatische Bildschirmanzeige von Kundendaten<\/li>\n<li>Wechsel zwischen Sprach- und Video-Telefonaten mit einem Fingertipp<\/li>\n<li>Wechsel zwischen Server &#038; Cloud \u2013 integriertes Backup &#038; Restore<\/li>\n<li>Automatisierte Anpassung von Firewall-Regeln<\/li>\n<li>Registrierung am Webclient \u2013 Details in der Willkommens-E-Mail<\/li>\n<li>Enth\u00e4lt mobile Apps f\u00fcr das Betriebssystem Windows, Web, iOS &#038; Android<\/li>\n<li>Benutzerdefinierte Call Flows automatisieren Anfragen &#038; Prozesse<\/li>\n<li>Jederzeit zwischen <strong>3CX<\/strong>-Hosting, on-Premise &#038; Ihrer Cloud wechseln<\/li>\n<li>Einfaches Weiterleiten von Kunden an die korrekte Abteilung<\/li>\n<li>Inklusive Backups \u00fcber Nacht und 24\/7-Kontrolle<\/li>\n<li>Beginnen eines Videoanrufs von Ihrem Handy aus<\/li>\n<li>In Augenblicken Nutzer aktualisieren\/hinzuf\u00fcgen und Mailboxen realisieren<\/li>\n<li>Erstellung eines neuen Kundendatensatzes f\u00fcr neue Rufnummern<\/li>\n<li>SIP-Forking \u2013 parallele Benutzung von <strong>3CX<\/strong> Anwendung wie auch Tischtelefon<\/li>\n<li>Zurverf\u00fcgungstellung per Google Marketplace, Amazon oder Azure<\/li>\n<li>Selektieren Sie im Men\u00fc oben das QR-Code-Symbol f\u00fcr dessen Scan<\/li>\n<li>Eingebettete browserbasierte Videokonferenzen<\/li>\n<li>Keine Lizenzierung je Nebenstelle, unendlich viele Nebenstellen<\/li>\n<\/ul>\n<h3>Fragen Sie mehr Informationen sowie ein Angebot bei uns an. Gerne stellen wir Ihnen auch eine vollst\u00e4ndige Featureliste zur Verf\u00fcgung.<\/h3>\n<p>[contact-form-7 id=&#8220;5&#8243; title=&#8220;Contact form 1&#8243;]<\/p>\n","protected":false},"excerpt":{"rendered":"<p>Wissen Sie die Vorgaben an Ihre neue 3CX Telefonanlage schon? Eine aktuelle 3CX Telefonanlage simplifiziert Ihre Firmenprozesse. Optimieren Sie Ihr Unternehmen mit einer brandneuen und flexiblen 3CX Telefonanlage. Eine 3CX Telefonanlage die individuell auf Ihre Vorgaben abgestimmt ist und mit dem Unternehmen gro\u00df werden kann. Die neue Arbeitswelt die mobil unterwegs ist. Kommunizieren Sie mit &hellip; <a href=\"https:\/\/www.kaelberer-online.de\/services\/telefonanlagen\/moderne-telefonanlage-3cx\/\" class=\"more-link\">Continue reading<span class=\"screen-reader-text\"> &#8222;MODERNE TELEFONANLAGE 3CX Preise Telefon 07164 90 97 00&#8220;<\/span><\/a><\/p>\n","protected":false},"author":2,"featured_media":155,"parent":26,"menu_order":0,"comment_status":"closed","ping_status":"closed","template":"","meta":{"footnotes":""},"class_list":["post-154","page","type-page","status-publish","has-post-thumbnail","hentry"],"_links":{"self":[{"href":"https:\/\/www.kaelberer-online.de\/services\/wp-json\/wp\/v2\/pages\/154","targetHints":{"allow":["GET"]}}],"collection":[{"href":"https:\/\/www.kaelberer-online.de\/services\/wp-json\/wp\/v2\/pages"}],"about":[{"href":"https:\/\/www.kaelberer-online.de\/services\/wp-json\/wp\/v2\/types\/page"}],"author":[{"embeddable":true,"href":"https:\/\/www.kaelberer-online.de\/services\/wp-json\/wp\/v2\/users\/2"}],"replies":[{"embeddable":true,"href":"https:\/\/www.kaelberer-online.de\/services\/wp-json\/wp\/v2\/comments?post=154"}],"version-history":[{"count":0,"href":"https:\/\/www.kaelberer-online.de\/services\/wp-json\/wp\/v2\/pages\/154\/revisions"}],"up":[{"embeddable":true,"href":"https:\/\/www.kaelberer-online.de\/services\/wp-json\/wp\/v2\/pages\/26"}],"wp:featuredmedia":[{"embeddable":true,"href":"https:\/\/www.kaelberer-online.de\/services\/wp-json\/wp\/v2\/media\/155"}],"wp:attachment":[{"href":"https:\/\/www.kaelberer-online.de\/services\/wp-json\/wp\/v2\/media?parent=154"}],"curies":[{"name":"wp","href":"https:\/\/api.w.org\/{rel}","templated":true}]}}