{"id":152,"date":"2022-01-27T05:41:03","date_gmt":"2022-01-27T05:41:03","guid":{"rendered":"https:\/\/kaelberer-online.de\/services\/?page_id=152"},"modified":"2022-01-27T05:41:03","modified_gmt":"2022-01-27T05:41:03","slug":"telefonanlage-firma-3cx","status":"publish","type":"page","link":"https:\/\/www.kaelberer-online.de\/services\/telefonanlagen\/telefonanlage-firma-3cx\/","title":{"rendered":"TELEFONANLAGE FIRMA 3CX Beratung Tel. 07164 90 97 00"},"content":{"rendered":"<h2>\n<p>Wissen Sie die Anspr\u00fcche an Ihre neue <strong><strong>3CX<\/strong><\/strong> <strong><strong>TK-Anlage<\/strong><\/strong> schon?<\/p>\n<\/h2>\n<p><h3>Die moderne <strong>3CX<\/strong> <strong>Telefonanlage<\/strong> vereinfacht Ihre Unternehmensprozesse. Optimieren Sie Ihr Unternehmen mit einer neusten und flexiblen <strong>3CX<\/strong> Telefonanlage. Die <strong>3CX<\/strong> <strong>Telefonanlage<\/strong> die ma\u00dfgeschneidert auf Ihre Erwartungen angepasst ist und mit Ihrem Unternehmen wachsen kann.<\/h3>\n<\/p>\n<p>Die neue Arbeitswelt die mobil unterwegs ist. Kommunizieren Sie mit dem Handy \u00fcber Ihre <strong>3CX<\/strong> <strong>Telefonanlage<\/strong> mit Ihren Auftraggebern. Nat\u00fcrlich mit Ihrer Festnetz-Rufnummer als Absender-Kennung. bewahren Sie Ihre Privatsph\u00e4re und beweisen Sie Seriosit\u00e4t.<\/p>\n<p>Unsere <strong>3CX<\/strong> <strong>TK-Anlage<\/strong>n werden auch f\u00fcr flexibles arbeiten konzipiert. Als zeitgem\u00e4\u00dfe Cloud <strong>3CX<\/strong> <strong>TK-Anlage<\/strong> oder auf der pers\u00f6nlichen Hardware hausintern gehostet. Eine Installation und die Verwaltung ist unkompliziert. Sie bekommen dadurch eine sichere, zuverl\u00e4ssige und variable <strong>3CX<\/strong> TK-Anlage.<\/p>\n<h2>Eine preiswerte, flexible L\u00f6sung<\/h2>\n<p>Ein tolles Preis- und Leistungsverh\u00e4ltnis. Richten Sie unendlich viele Nebenstellen ein, immer genau da wo Sie sie gerade ben\u00f6tigen und sparen Sie Kosten.<\/p>\n<h2>St\u00fctzen Sie Ihr Verkaufspersonal.<\/h2>\n<p>Bei Anrufeingang pr\u00e4zise wissen wer gerade anruft. Infos sind alles. F\u00fcr Besch\u00e4ftigte und die Direktion. Dadurch wissen Sie exakt was l\u00e4uft. W\u00e4hlen Sie mit einem simplen Mausklick aus dem CRM oder Ihrer Business Software jede Rufnummer.<\/p>\n<p>Ist es nicht phantastisch, wenn Sie von einer zentralen Oberfl\u00e4che heraus s\u00e4mtliche Anrufe realisieren, empfangen wie auch bearbeiten oder aber den Status Ihrer Kollegen in Erfahrung bringen, eingehende Livechat-Nachrichten beantworten und Videoanrufe initiieren k\u00f6nnten? Mit dem Webclient als Softphone und der Windows Desktop Applikation ist all das und noch jede Menge mehr m\u00f6glich.<\/p>\n<h2>Microsoft 365 Einbeziehung<\/h2>\n<p>Verwendet Ihr Unternehmen MS 365? Dann vernetzen Sie dieses unkompliziert mit der <strong>3CX<\/strong> <strong>Telefonanlage<\/strong> und kombinieren Sie s\u00e4mtliche Vorz\u00fcge beider Systeme! Anwender k\u00f6nnen \u00fcbergangslos mit beiden Apps arbeiten, Kontakte bearbeiten und Abl\u00e4ufe schlanker machen, um ihre Effizienz zu erh\u00f6hen und Klienten zu begeistern. <\/p>\n<h2>Kontakte mit Ihrem <strong>3CX<\/strong> Telefonbuch synchronisieren<\/h2>\n<ol>\n<li>Anruf synchronisierter Kontakte per Webclient oder mobilen Applikationen<\/li>\n<li>Applikation-\u00fcbergreifende Administration jeglicher Kontakte in Microsoft 365<\/li>\n<li>Aktualisierung gemeinsamer Mailbox-Kontakte mit dem <strong>3CX<\/strong>-Teilnehmerverzeichnis<\/li>\n<\/ol>\n<h2>MS Teams Telefonie-Zusammenf\u00fchrung<\/h2>\n<ol>\n<li>Durchf\u00fchrung externer Telefonate \u00fcber <strong>3CX<\/strong> SIP-Trunks<\/li>\n<\/li>\n<li>Ausschalten Microsoft\u00b4s kostspieliger Inlands-\/internationaler Tarife<\/li>\n<\/li>\n<\/ol>\n<h3>Unsere Mitarbeiter beraten, organisieren Hardware wie auch Softwareanwendungen, installieren, konfigurieren, nehmen in Betrieb und Supporten Ihre neue <strong>3CX<\/strong> <strong>TK-Anlage<\/strong>. Sie haben Fragen, oder m\u00f6chten die aktuelle Liste der Preise anfordern? Sie erreichen uns unter Telefon 07164 909700 sowie per Mail unter support@kaelberer-online.de<\/h3>\n<h2>Vermochten wir Ihr Interesse wecken?<\/h2>\n<p>Viele zus\u00e4tzliche tolle Features warten auf Sie.<\/p>\n<ul>\n<li>Ver\u00e4ndern des pers\u00f6nlichen Status sowie Ansicht der Verf\u00fcgbarkeit des Projektteams<\/li>\n<li>Verzicht auf hochpreisige Mobilanrufe zwischen Mitarbeitern sowie Kunden<\/li>\n<li>Zus\u00e4tzliche Erreichbarkeit f\u00fcr Star-Klienten au\u00dferhalb der B\u00fcrozeiten<\/li>\n<li>Zuteilung der Anrufer-ID zu einem Datensatz in Ihrem CRM<\/li>\n<li>Perfekte Skalierbarkeit der TK-Installation<\/li>\n<li>Inklusive Datensicherungen \u00fcber Nacht sowie 24\/7-Kontrolle<\/li>\n<li>Wechsel zwischen Sprach- sowie Videoanrufen mit einem Fingertipp<\/li>\n<li>Laden Sie die Anwendung aus dem Google Play oder App Store herunter<\/li>\n<li>Abgesicherte Verbindungen garantieren Privatsph\u00e4re wie auch Schutz<\/li>\n<li>Anrufe mit einem einzigen Klick geradewegs aus CRM heraus f\u00fchren<\/li>\n<li>In Minuten User aktualisieren\/hinzuf\u00fcgen und Mailboxen realisieren<\/li>\n<li>Einfaches Implementieren und Verwalten ohne Schulungsbedarf<\/li>\n<li>Kontrolle \u00fcber die Telefonleitungen und Gespr\u00e4chskosten<\/li>\n<li>Aktualisierung des pers\u00f6nlichen Status &#038; Einsicht der Team-Verf\u00fcgbarkeit<\/li>\n<li>Schnellkonfiguration mit IP-Telefonen, Gateways &#038; SIP-Trunks<\/li>\n<li>Verzahnung von Homepage-Livechat, Facebook-Messaging sowie Kurznachrichten<\/li>\n<li>App \u00f6ffnen, QR Code scannen \u2013 im Nu sind Sie bereit!<\/li>\n<li>Bereitstellung per Google Marketplace, Amazon oder Azure<\/li>\n<li>Beantwortung von Anfragen per Livechat, Facebook &#038; SMS via Apps<\/li>\n<\/ul>\n<h3>Fragen Sie mehr Unterlagen und ein Produktangebot bei uns an. Nat\u00fcrlich stellen wir Ihnen auch eine vollst\u00e4ndige Featureliste zur Verf\u00fcgung.<\/h3>\n<p>[contact-form-7 id=&#8220;5&#8243; title=&#8220;Contact form 1&#8243;]<\/p>\n","protected":false},"excerpt":{"rendered":"<p>Wissen Sie die Anspr\u00fcche an Ihre neue 3CX TK-Anlage schon? Die moderne 3CX Telefonanlage vereinfacht Ihre Unternehmensprozesse. Optimieren Sie Ihr Unternehmen mit einer neusten und flexiblen 3CX Telefonanlage. Die 3CX Telefonanlage die ma\u00dfgeschneidert auf Ihre Erwartungen angepasst ist und mit Ihrem Unternehmen wachsen kann. Die neue Arbeitswelt die mobil unterwegs ist. Kommunizieren Sie mit dem &hellip; <a href=\"https:\/\/www.kaelberer-online.de\/services\/telefonanlagen\/telefonanlage-firma-3cx\/\" class=\"more-link\">Continue reading<span class=\"screen-reader-text\"> &#8222;TELEFONANLAGE FIRMA 3CX Beratung Tel. 07164 90 97 00&#8220;<\/span><\/a><\/p>\n","protected":false},"author":2,"featured_media":153,"parent":26,"menu_order":0,"comment_status":"closed","ping_status":"closed","template":"","meta":{"footnotes":""},"class_list":["post-152","page","type-page","status-publish","has-post-thumbnail","hentry"],"_links":{"self":[{"href":"https:\/\/www.kaelberer-online.de\/services\/wp-json\/wp\/v2\/pages\/152","targetHints":{"allow":["GET"]}}],"collection":[{"href":"https:\/\/www.kaelberer-online.de\/services\/wp-json\/wp\/v2\/pages"}],"about":[{"href":"https:\/\/www.kaelberer-online.de\/services\/wp-json\/wp\/v2\/types\/page"}],"author":[{"embeddable":true,"href":"https:\/\/www.kaelberer-online.de\/services\/wp-json\/wp\/v2\/users\/2"}],"replies":[{"embeddable":true,"href":"https:\/\/www.kaelberer-online.de\/services\/wp-json\/wp\/v2\/comments?post=152"}],"version-history":[{"count":0,"href":"https:\/\/www.kaelberer-online.de\/services\/wp-json\/wp\/v2\/pages\/152\/revisions"}],"up":[{"embeddable":true,"href":"https:\/\/www.kaelberer-online.de\/services\/wp-json\/wp\/v2\/pages\/26"}],"wp:featuredmedia":[{"embeddable":true,"href":"https:\/\/www.kaelberer-online.de\/services\/wp-json\/wp\/v2\/media\/153"}],"wp:attachment":[{"href":"https:\/\/www.kaelberer-online.de\/services\/wp-json\/wp\/v2\/media?parent=152"}],"curies":[{"name":"wp","href":"https:\/\/api.w.org\/{rel}","templated":true}]}}