{"id":144,"date":"2021-10-21T09:27:27","date_gmt":"2021-10-21T09:27:27","guid":{"rendered":"https:\/\/kaelberer-online.de\/services\/?page_id=144"},"modified":"2021-10-21T09:27:27","modified_gmt":"2021-10-21T09:27:27","slug":"ivr-telefonanlage-3cx","status":"publish","type":"page","link":"https:\/\/www.kaelberer-online.de\/services\/telefonanlagen\/ivr-telefonanlage-3cx\/","title":{"rendered":"IVR TELEFONANLAGE 3CX Preise Telefon 07164 90 97 00"},"content":{"rendered":"<h2>\n<p>Wissen Sie die Anspr\u00fcche an Ihre neue <strong><strong>3CX<\/strong><\/strong> <strong><strong>Telefonanlage<\/strong><\/strong> bereits?<\/p>\n<\/h2>\n<p><h3>Die moderne <strong>3CX<\/strong> <strong>TK-Anlage<\/strong> vereinfacht die Unternehmensprozesse. Optimieren Sie Ihre Firma mit der brandneuen und flexiblen <strong>3CX<\/strong> <strong>TK-Anlage<\/strong>. Die <strong>3CX<\/strong> <strong>TK-Anlage<\/strong> die ma\u00dfgeschneidert auf Ihre Anforderungen abgestimmt ist und mit dem Unternehmen gro\u00df werden kann.<\/h3>\n<\/p>\n<p>Eine neue Arbeitswelt die mobil unterwegs ist. Kommunizieren Sie mit einem Mobiltelefon \u00fcber die <strong>3CX<\/strong> <strong>Telefonanlage<\/strong> mit Ihren Auftraggebern. Nat\u00fcrlich \u00fcber Ihre Festnetz-Telefonnummer als Absender-Kennung. besch\u00fctzen Sie Ihre Privatsph\u00e4re und zeigen Sie Professionalit\u00e4t.<\/p>\n<p>Unsere <strong>3CX<\/strong> <strong>TK-Anlage<\/strong>n wurden auch f\u00fcr flexibles arbeiten entwickelt. Als moderne Cloud <strong>3CX<\/strong> <strong>Telefonanlage<\/strong> oder auf Ihrer eigenen Hardware hausintern gehostet. Die Installation und die Konfiguration ist einfach. Sie erhalten dadurch eine sichere, zuverl\u00e4ssige wie auch anpassungsf\u00e4hige <strong>3CX<\/strong> TK-Anlage.<\/p>\n<h2>Gute Preise f\u00fcr Ihre neue 3CX <strong>Telefonanlage<\/strong><\/h2>\n<p>Ein unschlagbares Preis- und Leistungsverh\u00e4ltnis. Richten Sie grenzenlos viele Nebenstellen ein, stets genau da wo Sie sie im Moment brauchen und sparen Sie Kosten.<\/p>\n<h2>Best\u00e4rken Sie Ihr Verkaufspersonal.<\/h2>\n<p>Bei Eingang eines Telefonanrufs exakt wissen wer gerade anruft. Infos sind alles. F\u00fcr Besch\u00e4ftigte oder die Gesch\u00e4ftsf\u00fchrung. Auf diese Weise wissen Sie exakt was l\u00e4uft. W\u00e4hlen Sie mit einem simplen Klick aus Ihrem CRM oder Ihrer Firmensoftware jede Rufnummer.<\/p>\n<p>Ist es nicht super, wenn Sie von einer zentralen Oberfl\u00e4che heraus s\u00e4mtliche Anrufe realisieren, annehmen sowie bearbeiten oder aber den Status Ihrer Arbeitskollegen in Erfahrung bringen, eingehende Livechat-Nachrichten beantworten und Videoanrufe initiieren k\u00f6nnten? Mit dem Webclient als Softphone wie auch der Windows Desktop Applikation wird all das sowie noch viel mehr machbar.<\/p>\n<h2>MS 365 Verzahnung<\/h2>\n<p>Nutzt Ihre Firma Microsoft 365? In diesem Fall vernetzen Sie dieses ganz leicht mit der <strong>3CX<\/strong> <strong>TK-Anlage<\/strong> und vereinen Sie s\u00e4mtliche Vorteile beider Systeme! User k\u00f6nnen nahtlos mit beiden Apps arbeiten, Kontakte bearbeiten und Vorg\u00e4nge schlanker machen, um die Effizienz zu erh\u00f6hen und Kunden zu inspirieren. <\/p>\n<h2>Kontakte mit dem <strong>3CX<\/strong> Teilnehmerverzeichnis synchronisieren<\/h2>\n<h2>MS Teams Telefonie-Verzahnung<\/h2>\n<ol>\n<li>Ausschalten Microsoft\u00b4s kostspieliger Inlands-\/internationaler Tarife<\/li>\n<\/li>\n<li>Realisierung externer Telefonate via <strong>3CX<\/strong> SIP-Trunks<\/li>\n<\/li>\n<li>Auswahl eines speziellen perfekten SIP-Dienstleisters Ihrer Region<\/li>\n<\/li>\n<\/ol>\n<h3>Wir beraten, beschaffen Hardware und Software, installieren, konfigurieren, nehmen in Betrieb und Supporten Ihre neue <strong>3CX<\/strong> <strong>TK-Anlage<\/strong>. Sie haben Fragen, oder wollen unsere aktuelle Preisliste anfordern? Sie erreichen uns unter Telefon 07164 909700 oder per Mail unter support@kaelberer-online.de<\/h3>\n<h2>Haben wir Sie neugierig gemacht?<\/h2>\n<p>Unz\u00e4hlige zus\u00e4tzliche interessante Funktionen warten auf Sie.<\/p>\n<ul>\n<li>Aktualisierung des pers\u00f6nlichen Status &#038; Einsicht der Team-Verf\u00fcgbarkeit<\/li>\n<li>Anrufweiterleitung basierend auf Kundennummer sowie Anfrage<\/li>\n<li>Zeitgewinn durch automatische Bildschirmanzeige von Kundendaten<\/li>\n<li>Verzahnung von Webpr\u00e4senz-Livechat, Facebook-Messaging sowie Kurznachrichten<\/li>\n<li>Inklusive Sicherungen \u00fcber Nacht sowie 24\/7-Kontrolle<\/li>\n<li>Perfekte Verbindung f\u00fcr nahtlosen Wechsel zwischen Netzen<\/li>\n<li>Administration von System &#038; Nutzern von beliebigem Standort<\/li>\n<li>Beinhaltet mobile Apps f\u00fcr Windows, Web, iOS &#038; Android<\/li>\n<li>Benutzerdefinierte Call Flows automatisieren Anfragen &#038; Arbeitsschritte<\/li>\n<li>Zufriedene Kunden wie auch weniger Aufwand f\u00fcr Ihre Besch\u00e4ftigten<\/li>\n<li>Lockdown-f\u00e4hig mit der kostenlosen App f\u00fcr Web, iOS &#038; Android<\/li>\n<li>Intelligente Nutzerverwaltung spart jede Menge Stunden Arbeit<\/li>\n<li>Eingebundene browserbasierte Videokonferenzen<\/li>\n<li>Virtualisieren durch VMware, Hyper-V oder KVM<\/li>\n<li>Zuteilung der Anrufer-ID zu dem Datensatz in Ihrem CRM<\/li>\n<li>PBX Express startet Ihre <strong>3CX<\/strong>-Instanz in wenigen Minuten<\/li>\n<li>Direkter Kontakt \u00fcber Anrufe, Video wie auch Instant Messaging<\/li>\n<li>Ab\u00e4ndern des eigenen Status sowie Ansicht der Verf\u00fcgbarkeit des Teams<\/li>\n<li>Bequemes Erstellen und Bearbeiten von Nebenstellen \u2013 auch remote<\/li>\n<\/ul>\n<h3>Fragen Sie zus\u00e4tzliche Infos und ein Angebot bei uns an. Nat\u00fcrlich stellen wir Ihnen auch eine vollst\u00e4ndige Leistungs\u00fcbersicht zur Verf\u00fcgung.<\/h3>\n<p>[contact-form-7 id=&#8220;5&#8243; title=&#8220;Contact form 1&#8243;]<\/p>\n","protected":false},"excerpt":{"rendered":"<p>Wissen Sie die Anspr\u00fcche an Ihre neue 3CX Telefonanlage bereits? Die moderne 3CX TK-Anlage vereinfacht die Unternehmensprozesse. Optimieren Sie Ihre Firma mit der brandneuen und flexiblen 3CX TK-Anlage. Die 3CX TK-Anlage die ma\u00dfgeschneidert auf Ihre Anforderungen abgestimmt ist und mit dem Unternehmen gro\u00df werden kann. Eine neue Arbeitswelt die mobil unterwegs ist. Kommunizieren Sie mit &hellip; <a href=\"https:\/\/www.kaelberer-online.de\/services\/telefonanlagen\/ivr-telefonanlage-3cx\/\" class=\"more-link\">Continue reading<span class=\"screen-reader-text\"> &#8222;IVR TELEFONANLAGE 3CX Preise Telefon 07164 90 97 00&#8220;<\/span><\/a><\/p>\n","protected":false},"author":2,"featured_media":145,"parent":26,"menu_order":0,"comment_status":"closed","ping_status":"closed","template":"","meta":{"footnotes":""},"class_list":["post-144","page","type-page","status-publish","has-post-thumbnail","hentry"],"_links":{"self":[{"href":"https:\/\/www.kaelberer-online.de\/services\/wp-json\/wp\/v2\/pages\/144","targetHints":{"allow":["GET"]}}],"collection":[{"href":"https:\/\/www.kaelberer-online.de\/services\/wp-json\/wp\/v2\/pages"}],"about":[{"href":"https:\/\/www.kaelberer-online.de\/services\/wp-json\/wp\/v2\/types\/page"}],"author":[{"embeddable":true,"href":"https:\/\/www.kaelberer-online.de\/services\/wp-json\/wp\/v2\/users\/2"}],"replies":[{"embeddable":true,"href":"https:\/\/www.kaelberer-online.de\/services\/wp-json\/wp\/v2\/comments?post=144"}],"version-history":[{"count":0,"href":"https:\/\/www.kaelberer-online.de\/services\/wp-json\/wp\/v2\/pages\/144\/revisions"}],"up":[{"embeddable":true,"href":"https:\/\/www.kaelberer-online.de\/services\/wp-json\/wp\/v2\/pages\/26"}],"wp:featuredmedia":[{"embeddable":true,"href":"https:\/\/www.kaelberer-online.de\/services\/wp-json\/wp\/v2\/media\/145"}],"wp:attachment":[{"href":"https:\/\/www.kaelberer-online.de\/services\/wp-json\/wp\/v2\/media?parent=144"}],"curies":[{"name":"wp","href":"https:\/\/api.w.org\/{rel}","templated":true}]}}