{"id":142,"date":"2022-01-03T01:43:26","date_gmt":"2022-01-03T01:43:26","guid":{"rendered":"https:\/\/kaelberer-online.de\/services\/?page_id=142"},"modified":"2022-01-03T01:43:26","modified_gmt":"2022-01-03T01:43:26","slug":"3cx-kosten","status":"publish","type":"page","link":"https:\/\/www.kaelberer-online.de\/services\/telefonanlagen\/3cx-kosten\/","title":{"rendered":"KOSTEN 3CX Angebot Tel. 07164 90 97 00"},"content":{"rendered":"<h2>\n<p>Kennen Sie die Anspr\u00fcche an Ihre neue <strong><strong>3CX<\/strong><\/strong> <strong><strong>TK-Anlage<\/strong><\/strong> schon?<\/p>\n<\/h2>\n<p><h3>Eine aktuelle <strong>3CX<\/strong> <strong>Telefonanlage<\/strong> simplifiziert die Unternehmensprozesse. Optimieren Sie Ihre Firma mit der aktuellen und flexiblen <strong>3CX<\/strong> Telefonanlage. Eine <strong>3CX<\/strong> <strong>TK-Anlage<\/strong> die individuell auf Ihre Erwartungen abgestimmt ist und mit Ihrem Unternehmen wachsen kann.<\/h3>\n<\/p>\n<p>Eine neue Arbeitswelt ist mobil unterwegs. Telefonieren Sie mit einem Handy \u00fcber die <strong>3CX<\/strong> <strong>Telefonanlage<\/strong> mit Ihren Klienten. Selbstverst\u00e4ndlich mit Ihrer Festnetz-Telefonnummer als Absenderkennung. bewahren Sie die Privatsph\u00e4re und beweisen Sie Seriosit\u00e4t.<\/p>\n<p>Unsere <strong>3CX<\/strong> <strong>Telefonanlage<\/strong>n werden auch f\u00fcr flexibles arbeiten konzipiert. Als aktuelle Cloud <strong>3CX<\/strong> <strong>TK-Anlage<\/strong> oder auf Ihrer eigenen Hardware hausintern gehostet. Die Installation und die Konfiguration ist unkompliziert. Sie erhalten dadurch eine sichere, verl\u00e4ssliche sowie anpassungsf\u00e4hige <strong>3CX<\/strong> TK-Anlage.<\/p>\n<h2>Eine kosteneffektive, flexible L\u00f6sung<\/h2>\n<p>Ein unschlagbares Preis- und Leistungsverh\u00e4ltnis. Richten Sie unbegrenzt viele Nebenstellen ein, immer exakt da wo Sie sie im Moment w\u00fcnschen und sparen Sie Kosten.<\/p>\n<h2>Erkennen Sie Ihre Anrufenden!<\/h2>\n<p>Bei Eingang eines Anrufs pr\u00e4zise wissen wer im Moment anruft. Infos sind alles. F\u00fcr Angestellte sowie die Leitung. Somit wissen Sie genau was l\u00e4uft. W\u00e4hlen Sie mit einem einfachen Click aus Ihrem CRM oder Ihrer Business Software jede Telefonnummer.<\/p>\n<p>Ist es nicht super, wenn Sie von einer zentralen Oberfl\u00e4che heraus alle Anrufe realisieren, empfangen und bearbeiten oder aber den Status Ihrer Mitarbeiter abfragen, eingehende Chat-Nachrichten beantworten und Videoanrufe initiieren k\u00f6nnten? Mit einem Webclient als Softphone sowie der Windows Desktop Applikation ist alles das sowie noch viel mehr m\u00f6glich.<\/p>\n<h2>Microsoft 365 Einbindung<\/h2>\n<p>Benutzt Ihr Unternehmen MS 365? In diesem Fall verkn\u00fcpfen Sie dieses direkt mit der <strong>3CX<\/strong> <strong>TK-Anlage<\/strong> und verschmelzen Sie jegliche Vorteile beider Systeme! Benutzer k\u00f6nnen \u00fcbergangslos mit beiden Apps arbeiten, Kontakte verwalten und Verfahren verschlanken, um ihre Effektivit\u00e4t zu erh\u00f6hen und Klienten zu inspirieren. <\/p>\n<h2>Kontakte mit Ihrem <strong>3CX<\/strong> Telefonbuch synchronisieren<\/h2>\n<h2>Microsoft Teams Telefonie-Verzahnung<\/h2>\n<ol>\n<li>Selektion eines speziellen optimalen SIP-Anbieters Ihrer Region<\/li>\n<\/li>\n<li>Durchf\u00fchrung externer Telefongespr\u00e4che via <strong>3CX<\/strong> SIP-Trunks<\/li>\n<\/li>\n<li>Ausschalten Microsoft\u00b4s teurer Inlands-\/internationaler Tarife<\/li>\n<\/li>\n<\/ol>\n<h3>Unsere Techniker informieren, beschaffen Hardware sowie Software, installieren, konfigurieren, nehmen in Betrieb und Supporten Ihre neue <strong>3CX<\/strong> <strong>Telefonanlage<\/strong>. Sie haben Fragen, oder wollen unsere derzeitige Liste der Preise anfordern? Sie erreichen uns unter Telefon 07164 909700 oder per Mail unter support@kaelberer-online.de<\/h3>\n<h2>Haben wir Sie neugierig gemacht?<\/h2>\n<p>Jede Menge zus\u00e4tzliche top Features warten auf Sie.<\/p>\n<ul>\n<li>Anmeldung am Webclient \u2013 Details in der Willkommens-E-Mail<\/li>\n<li>Einfaches Weitersenden von Anrufen und Chatten mit Kollegen<\/li>\n<li>Keine Lizenzierung pro Nebenstelle, unendlich viele Nebenstellen<\/li>\n<li>Tageszeit-basierte Anrufweiterleitung und Telefonumfragen<\/li>\n<li>Wechsel zwischen Sprach- wie auch Videoanrufen mit einem Fingertipp<\/li>\n<li>Verzicht auf \u00fcberteuerte Mobilanrufe zwischen Mitarbeitern und Kunden<\/li>\n<li>Bereitstellung Ihrer Instanz bei einem Super-Cloud-Experten<\/li>\n<li>Verzahnung von Onlinepr\u00e4senz-Livechat, Facebook-Messaging und Kurznachrichten<\/li>\n<li>M\u00fcheloses Weiterleiten von Kunden an die korrekte Abteilung<\/li>\n<li>Inbegriffen Backups \u00fcber Nacht sowie 24\/7-Kontrolle<\/li>\n<li>Keine Lizenzierung je Nebenstelle, unendlich viele Nebenstellen<\/li>\n<li>Konferenzen, mobile Apps, Livechat eingeschlossen<\/li>\n<li>Aktualisierung des eigenen Status &#038; Einsicht der Team-Verf\u00fcgbarkeit<\/li>\n<li>In Minuten Benutzer aktualisieren\/hinzuf\u00fcgen wie auch Mailboxen einrichten<\/li>\n<li>Kontrolle \u00fcber Ihre Telefonleitungen und Telefongespr\u00e4chskosten<\/li>\n<li>Keinerlei Schulung notwendig \u2013 geradewegs loslegen<\/li>\n<li>Unbegrenzte Zahl von Usern kostenfrei in <strong>3CX<\/strong> enthalten<\/li>\n<li>Beinhaltet mobile Apps f\u00fcr Windows, Web, iOS &#038; Android<\/li>\n<li>Wechsel zwischen Server &#038; Cloud \u2013 integriertes Backup &#038; Restore<\/li>\n<li>Anrufweiterleitung basierend auf Kundennummer und Anfrage<\/li>\n<\/ul>\n<h3>Fragen Sie mehr Unterlagen sowie ein Angebot bei unserer Firma an. Selbstverst\u00e4ndlich stellen wir Ihnen auch eine vollst\u00e4ndige Featureliste zur Verf\u00fcgung.<\/h3>\n<p>[contact-form-7 id=&#8220;5&#8243; title=&#8220;Contact form 1&#8243;]<\/p>\n","protected":false},"excerpt":{"rendered":"<p>Kennen Sie die Anspr\u00fcche an Ihre neue 3CX TK-Anlage schon? Eine aktuelle 3CX Telefonanlage simplifiziert die Unternehmensprozesse. Optimieren Sie Ihre Firma mit der aktuellen und flexiblen 3CX Telefonanlage. Eine 3CX TK-Anlage die individuell auf Ihre Erwartungen abgestimmt ist und mit Ihrem Unternehmen wachsen kann. Eine neue Arbeitswelt ist mobil unterwegs. Telefonieren Sie mit einem Handy &hellip; <a href=\"https:\/\/www.kaelberer-online.de\/services\/telefonanlagen\/3cx-kosten\/\" class=\"more-link\">Continue reading<span class=\"screen-reader-text\"> &#8222;KOSTEN 3CX Angebot Tel. 07164 90 97 00&#8220;<\/span><\/a><\/p>\n","protected":false},"author":2,"featured_media":143,"parent":26,"menu_order":0,"comment_status":"closed","ping_status":"closed","template":"","meta":{"footnotes":""},"class_list":["post-142","page","type-page","status-publish","has-post-thumbnail","hentry"],"_links":{"self":[{"href":"https:\/\/www.kaelberer-online.de\/services\/wp-json\/wp\/v2\/pages\/142","targetHints":{"allow":["GET"]}}],"collection":[{"href":"https:\/\/www.kaelberer-online.de\/services\/wp-json\/wp\/v2\/pages"}],"about":[{"href":"https:\/\/www.kaelberer-online.de\/services\/wp-json\/wp\/v2\/types\/page"}],"author":[{"embeddable":true,"href":"https:\/\/www.kaelberer-online.de\/services\/wp-json\/wp\/v2\/users\/2"}],"replies":[{"embeddable":true,"href":"https:\/\/www.kaelberer-online.de\/services\/wp-json\/wp\/v2\/comments?post=142"}],"version-history":[{"count":0,"href":"https:\/\/www.kaelberer-online.de\/services\/wp-json\/wp\/v2\/pages\/142\/revisions"}],"up":[{"embeddable":true,"href":"https:\/\/www.kaelberer-online.de\/services\/wp-json\/wp\/v2\/pages\/26"}],"wp:featuredmedia":[{"embeddable":true,"href":"https:\/\/www.kaelberer-online.de\/services\/wp-json\/wp\/v2\/media\/143"}],"wp:attachment":[{"href":"https:\/\/www.kaelberer-online.de\/services\/wp-json\/wp\/v2\/media?parent=142"}],"curies":[{"name":"wp","href":"https:\/\/api.w.org\/{rel}","templated":true}]}}