{"id":139,"date":"2022-01-14T21:46:20","date_gmt":"2022-01-14T21:46:20","guid":{"rendered":"https:\/\/kaelberer-online.de\/services\/?page_id=139"},"modified":"2022-01-14T21:46:20","modified_gmt":"2022-01-14T21:46:20","slug":"isdn-telefon-anschliessen-3cx","status":"publish","type":"page","link":"https:\/\/www.kaelberer-online.de\/services\/telefonanlagen\/isdn-telefon-anschliessen-3cx\/","title":{"rendered":"ISDN TELEFON ANSCHLIESSEN 3CX Preise Telefon 07164 90 97 00"},"content":{"rendered":"<h2>\n<p>Wissen Sie die Anspr\u00fcche an Ihre neue <strong><strong>3CX<\/strong><\/strong> <strong><strong>TK-Anlage<\/strong><\/strong> schon?<\/p>\n<\/h2>\n<p><h3>Eine aktuelle <strong>3CX<\/strong> <strong>Telefonanlage<\/strong> vereinfacht die Unternehmensprozesse. Optimieren Sie Ihre Firma mit einer brandneuen und flexiblen <strong>3CX<\/strong> <strong>TK-Anlage<\/strong>. Die <strong>3CX<\/strong> <strong>TK-Anlage<\/strong> die ma\u00dfgeschneidert auf Ihre Anspr\u00fcche abgestimmt ist und mit dem Unternehmen wachsen kann.<\/h3>\n<\/p>\n<p>Die neue Arbeitswelt die mobil unterwegs ist. Telefonieren Sie mit einem Smartphone \u00fcber die <strong>3CX<\/strong> <strong>Telefonanlage<\/strong> mit Ihren Klienten. Selbstverst\u00e4ndlich mit Ihrer Festnetz-Telefonnummer als Absenderkennung. bewahren Sie Ihre Privatsph\u00e4re und beweisen Sie Professionalit\u00e4t.<\/p>\n<p>die <strong>3CX<\/strong> <strong>TK-Anlage<\/strong>n wurden auch f\u00fcr flexibles arbeiten designed. Als moderne Cloud <strong>3CX<\/strong> <strong>Telefonanlage<\/strong> oder auf der privaten Hardware hausintern gehostet. Eine Installation und die Konfiguration ist einfach. Sie erhalten damit eine sichere, verl\u00e4ssliche sowie variable <strong>3CX<\/strong> <strong>Telefonanlage<\/strong>.<\/p>\n<h2>Die preiswerte, anpassungsf\u00e4hige L\u00f6sung<\/h2>\n<p>Ein hervorragendes Preis- und Leistungsverh\u00e4ltnis. Richten Sie unbegrenzt viele Nebenstellen ein, stets pr\u00e4zise da wo Sie sie gerade w\u00fcnschen und sparen Sie Kosten.<\/p>\n<h2>Ermitteln Sie Ihre Anrufenden!<\/h2>\n<p>Bei Eingang eines Telefonanrufs exakt wissen wer im Moment anruft. Informationen sind alles. F\u00fcr Mitarbeiter und die Gesch\u00e4ftsf\u00fchrung. Auf diese Weise wissen Sie pr\u00e4zise was geht. W\u00e4hlen Sie mit einem simplen Mausklick aus dem CRM oder Ihrer Business Software jede Rufnummer.<\/p>\n<p>Ist es nicht super, wenn Sie von einer zentralen Oberfl\u00e4che heraus s\u00e4mtliche Anrufe t\u00e4tigen, entgegennehmen und bearbeiten oder aber den Status Ihrer Mitarbeiter in Erfahrung bringen, eingehende Livechat-News beantworten und Videoanrufe f\u00fchren k\u00f6nnten? Mit einem Webclient als Softphone wie auch der Windows Desktop App ist alles das wie auch noch jede Menge mehr m\u00f6glich.<\/p>\n<h2>Microsoft 365 Zusammenf\u00fchrung<\/h2>\n<p>Verwendet Ihr Unternehmen MS 365? Dann verbinden Sie dieses m\u00fchelos mit der <strong>3CX<\/strong> <strong>Telefonanlage<\/strong> und vereinen Sie alle Vorz\u00fcge beider Systeme! Benutzer k\u00f6nnen \u00fcbergangslos \u00fcber beide Applikationen arbeiten, Kontakte organisieren und Vorg\u00e4nge schlanker machen, um ihre Effektivit\u00e4t zu erh\u00f6hen und Auftraggeber zu inspirieren. <\/p>\n<h2>Kontakte mit dem <strong>3CX<\/strong> Teilnehmerverzeichnis synchronisieren<\/h2>\n<h2>MS Teams Telefonie-Integration<\/h2>\n<ol>\n<li>Ausschalten Microsoft\u00b4s teurer Inlands-\/globaler Tarife<\/li>\n<\/li>\n<li>Durchf\u00fchrung externer Telefongespr\u00e4che via <strong>3CX<\/strong> SIP-Trunks<\/li>\n<\/li>\n<\/ol>\n<h3>Unsere Mitarbeiter beraten, beschaffen Hardware und Softwarel\u00f6sungen, richten ein, konfigurieren, nehmen in Betrieb und Supporten Ihre neue <strong>3CX<\/strong> <strong>Telefonanlage<\/strong>. Sie haben Fragen, oder m\u00f6chten die derzeitige Liste der Preise anfordern? Sie erreichen uns unter Telefon 07164 909700 sowie per E-Mail-Nachricht unter support@kaelberer-online.de<\/h3>\n<h2>Vermochten wir Ihr Aufmerksamkeit wecken?<\/h2>\n<p>Jede Menge weitere tolle Funktionen warten auf Sie.<\/p>\n<ul>\n<li>Jederzeit zwischen <strong>3CX<\/strong>-Hosting, on-Premise &#038; Ihrer Cloud wechseln<\/li>\n<li>Wechsel zwischen Sprach- wie auch Video-Telefonaten mit einem Fingertipp<\/li>\n<li>Identifizierung von Anrufern mit Hilfe CRM-Zusammenf\u00fchrung<\/li>\n<li>Zeitgewinnung durch automatische Anzeige von Kundendaten<\/li>\n<li>Schnellkonfiguration mit IP-Telefonen, Gateways &#038; SIP-Trunks<\/li>\n<li>PBX Express startet Ihre <strong>3CX<\/strong>-Instanz in ein paar Minuten<\/li>\n<li>Laden Sie die Applikation aus dem Google Play oder App Store herunter<\/li>\n<li>Kostenfreie B\u00fcro-Anrufe f\u00fcr remote &#038; reisende Angestellte<\/li>\n<li>In Minuten User updaten\/hinzuf\u00fcgen wie auch Mailboxen einrichten<\/li>\n<li>Uhrzeit-basierte Anrufweiterleitung und Telefonumfragen<\/li>\n<li>Telefonrechnung um bis zu 80 % senken mittels Wechsel zu <strong>3CX<\/strong><\/li>\n<li>Benutzerdefinierte Call Flows automatisieren Anfragen &#038; Vorgehensweisen<\/li>\n<li>Fernkonfiguration \u00fcber QR-Code anstatt umst\u00e4ndliche Einrichtung<\/li>\n<li>Anrufweiterleitung basierend auf Kundennummer und Anfrage<\/li>\n<li>Verzicht auf kostspielige Mobilanrufe zwischen Mitarbeitern und Klienten<\/li>\n<li>Lockdown-f\u00e4hig mit der kostenlosen App f\u00fcr Web, iOS &#038; Android<\/li>\n<li>Verbinden von remote B\u00fcros und interne Anrufkosten eliminieren<\/li>\n<\/ul>\n<h3>Bitte fordern Sie zus\u00e4tzliche Unterlagen sowie ein Angebot bei unserer Firma an. Nat\u00fcrlich stellen wir Ihnen auch eine vollst\u00e4ndige Featureliste zur Verf\u00fcgung.<\/h3>\n<p>[contact-form-7 id=&#8220;5&#8243; title=&#8220;Contact form 1&#8243;]<\/p>\n","protected":false},"excerpt":{"rendered":"<p>Wissen Sie die Anspr\u00fcche an Ihre neue 3CX TK-Anlage schon? Eine aktuelle 3CX Telefonanlage vereinfacht die Unternehmensprozesse. Optimieren Sie Ihre Firma mit einer brandneuen und flexiblen 3CX TK-Anlage. Die 3CX TK-Anlage die ma\u00dfgeschneidert auf Ihre Anspr\u00fcche abgestimmt ist und mit dem Unternehmen wachsen kann. Die neue Arbeitswelt die mobil unterwegs ist. Telefonieren Sie mit einem &hellip; <a href=\"https:\/\/www.kaelberer-online.de\/services\/telefonanlagen\/isdn-telefon-anschliessen-3cx\/\" class=\"more-link\">Continue reading<span class=\"screen-reader-text\"> &#8222;ISDN TELEFON ANSCHLIESSEN 3CX Preise Telefon 07164 90 97 00&#8220;<\/span><\/a><\/p>\n","protected":false},"author":2,"featured_media":140,"parent":26,"menu_order":0,"comment_status":"closed","ping_status":"closed","template":"","meta":{"footnotes":""},"class_list":["post-139","page","type-page","status-publish","has-post-thumbnail","hentry"],"_links":{"self":[{"href":"https:\/\/www.kaelberer-online.de\/services\/wp-json\/wp\/v2\/pages\/139","targetHints":{"allow":["GET"]}}],"collection":[{"href":"https:\/\/www.kaelberer-online.de\/services\/wp-json\/wp\/v2\/pages"}],"about":[{"href":"https:\/\/www.kaelberer-online.de\/services\/wp-json\/wp\/v2\/types\/page"}],"author":[{"embeddable":true,"href":"https:\/\/www.kaelberer-online.de\/services\/wp-json\/wp\/v2\/users\/2"}],"replies":[{"embeddable":true,"href":"https:\/\/www.kaelberer-online.de\/services\/wp-json\/wp\/v2\/comments?post=139"}],"version-history":[{"count":0,"href":"https:\/\/www.kaelberer-online.de\/services\/wp-json\/wp\/v2\/pages\/139\/revisions"}],"up":[{"embeddable":true,"href":"https:\/\/www.kaelberer-online.de\/services\/wp-json\/wp\/v2\/pages\/26"}],"wp:featuredmedia":[{"embeddable":true,"href":"https:\/\/www.kaelberer-online.de\/services\/wp-json\/wp\/v2\/media\/140"}],"wp:attachment":[{"href":"https:\/\/www.kaelberer-online.de\/services\/wp-json\/wp\/v2\/media?parent=139"}],"curies":[{"name":"wp","href":"https:\/\/api.w.org\/{rel}","templated":true}]}}