{"id":135,"date":"2021-11-10T03:39:33","date_gmt":"2021-11-10T03:39:33","guid":{"rendered":"https:\/\/kaelberer-online.de\/services\/?page_id=135"},"modified":"2021-11-10T03:39:33","modified_gmt":"2021-11-10T03:39:33","slug":"telefonanlage-ip-3cx","status":"publish","type":"page","link":"https:\/\/www.kaelberer-online.de\/services\/telefonanlagen\/telefonanlage-ip-3cx\/","title":{"rendered":"TELEFONANLAGE IP 3CX Service Telefon 07164 90 97 00"},"content":{"rendered":"<h2>\n<p>Wissen Sie die Anspr\u00fcche an Ihre neue <strong><strong>3CX<\/strong><\/strong> <strong><strong>TK-Anlage<\/strong><\/strong> schon?<\/p>\n<\/h2>\n<p><h3>Eine moderne <strong>3CX<\/strong> <strong>TK-Anlage<\/strong> vereinfacht Ihre Unternehmensprozesse. Optimieren Sie Ihr Unternehmen mit der brandneuen und flexiblen <strong>3CX<\/strong> Telefonanlage. Eine <strong>3CX<\/strong> <strong>TK-Anlage<\/strong> die individuell auf Ihre Vorgaben abgestimmt ist und mit dem Unternehmen wachsen kann.<\/h3>\n<\/p>\n<p>Eine neue Arbeitswelt ist mobil unterwegs. Kommunizieren Sie mit Ihrem Smartphone \u00fcber Ihre <strong>3CX<\/strong> <strong>TK-Anlage<\/strong> mit Ihren Klienten. Selbstverst\u00e4ndlich \u00fcber Ihre Festnetz-Rufnummer als Absenderkennung. Wahren Sie die Privatsph\u00e4re und zeigen Sie Seriosit\u00e4t.<\/p>\n<p>Unsere <strong>3CX<\/strong> <strong>TK-Anlage<\/strong>n werden f\u00fcr flexibles arbeiten designed. Als moderne Cloud <strong>3CX<\/strong> <strong>TK-Anlage<\/strong> oder auf Ihrer eigenen Hardware hausintern gehostet. Die Installation und die Verwaltung ist unkompliziert. Sie bekommen dadurch eine sichere, zuverl\u00e4ssige wie auch hochflexible <strong>3CX<\/strong> TK-Anlage.<\/p>\n<h2>Die kosteng\u00fcnstige, variable L\u00f6sung<\/h2>\n<p>Ein unschlagbares Preis- und Leistungsverh\u00e4ltnis. Richten Sie unendlich viele Nebenstellen ein, immer pr\u00e4zise da wo Sie sie im Moment brauchen und sparen Sie Kosten.<\/p>\n<h2>Identifizieren Sie die Anrufer!<\/h2>\n<p>Bei Anrufeingang genau wissen wer im Moment anruft. Infos sind alles. F\u00fcr Mitarbeiter oder die Leitung. So wissen Sie genau was geht. W\u00e4hlen Sie mit einem simplen Klick aus dem CRM oder Ihrer Firmensoftware jede Telefonnummer.<\/p>\n<p>Ist es nicht gro\u00dfartig, wenn Sie von einer zentralen Oberfl\u00e4che heraus jegliche Anrufe t\u00e4tigen, empfangen wie auch bearbeiten oder aber den Status Ihrer Kollegen in Erfahrung bringen, eingehende Livechat-News beantworten und Videoanrufe initiieren k\u00f6nnten? Mit dem Webclient als Softphone und der Windows Desktop App ist all das sowie noch jede Menge mehr realisierbar.<\/p>\n<h2>Microsoft 365 Zusammenf\u00fchrung<\/h2>\n<p>Nutzt Ihr Unternehmen MS 365? In diesem Fall verbinden Sie dieses unkompliziert mit der <strong>3CX<\/strong> <strong>TK-Anlage<\/strong> und verschmelzen Sie jegliche Vorteile beider Systeme! Anwender k\u00f6nnen \u00fcbergangslos mit beiden Apps arbeiten, Kontakte organisieren und Vorg\u00e4nge schlanker machen, um die Effizienz zu erh\u00f6hen und Klienten zu begeistern. <\/p>\n<h2>Kontakte mit Ihrem <strong>3CX<\/strong> Telefonbuch synchronisieren<\/h2>\n<h2>MS Teams Telefonie-Zusammenf\u00fchrung<\/h2>\n<ol>\n<li>Durchf\u00fchrung externer Telefongespr\u00e4che \u00fcber <strong>3CX<\/strong> SIP-Trunks<\/li>\n<\/li>\n<li>Eliminieren Microsoft\u00b4s teurer Inlands-\/globaler Tarife<\/li>\n<\/li>\n<\/ol>\n<h3>Wir unterst\u00fctzen, beschaffen Hardware sowie Softwareanwendungen, installieren, konfigurieren, nehmen in Betrieb und Supporten Ihre neue <strong>3CX<\/strong> <strong>TK-Anlage<\/strong>. Sie haben Fragen, oder wollen die aktuelle Preisliste anfordern? Sie erreichen uns unter Telefon 07164 909700 und per Mail unter support@kaelberer-online.de<\/h3>\n<h2>Haben wir Sie neugierig gemacht?<\/h2>\n<p>Unz\u00e4hlige zus\u00e4tzliche interessante Funktionen warten auf Sie.<\/p>\n<ul>\n<li>Virtualisieren mit VMware, Hyper-V oder KVM<\/li>\n<li>In Augenblicken User updaten\/hinzuf\u00fcgen wie auch Mailboxen konfigurieren<\/li>\n<li>W\u00e4hlen Sie im Men\u00fc oben das QR-Code-Symbol f\u00fcr dessen Scan<\/li>\n<li>Anruf-Protokolle im Kundendatensatz f\u00fcr transparente Anrufhistorie<\/li>\n<li>Auf g\u00fcnstigem Raspberry Pi und MiniPC als Telefonie-Appliance<\/li>\n<li>Zeitgewinn mittels automatischer Anzeige von Kundendaten<\/li>\n<li>Erstellung eines neuen Kundendatensatzes f\u00fcr neue Rufnummern<\/li>\n<li>Kostenlose B\u00fcro-Anrufe f\u00fcr remote &#038; reisende Mitarbeiter<\/li>\n<li>Erweiterte Erreichbarkeit f\u00fcr Star-Kunden au\u00dferhalb der B\u00fcrozeiten<\/li>\n<li>Vollautomatische Anrufaufzeichnung entfernt manuelle Eintr\u00e4ge<\/li>\n<li>Abfrage von Kunden- oder Fallnummern, um Agenten Zeit zu sparen<\/li>\n<li>Anwendung \u00f6ffnen, QR Code scannen \u2013 im Nu sind Sie bereit!<\/li>\n<li>Zufriedene Kunden sowie weniger M\u00fchen f\u00fcr Ihre Kollegen<\/li>\n<li>Wechsel zwischen Server &#038; Cloud \u2013 integriertes Backup &#038; Restore<\/li>\n<li>Verzicht auf hochpreisige Mobilanrufe zwischen Mitarbeitern wie auch Klienten<\/li>\n<li>4-stellige Kostenersparnis f\u00fcr Gespr\u00e4che mittels SIP-Trunk Ihrer Auswahl<\/li>\n<\/ul>\n<h3>Fordern Sie zus\u00e4tzliche Unterlagen oder ein Produktangebot bei uns an. Nat\u00fcrlich stellen wir Ihnen auch eine komplette Featureliste zur Verf\u00fcgung.<\/h3>\n<p>[contact-form-7 id=&#8220;5&#8243; title=&#8220;Contact form 1&#8243;]<\/p>\n","protected":false},"excerpt":{"rendered":"<p>Wissen Sie die Anspr\u00fcche an Ihre neue 3CX TK-Anlage schon? Eine moderne 3CX TK-Anlage vereinfacht Ihre Unternehmensprozesse. Optimieren Sie Ihr Unternehmen mit der brandneuen und flexiblen 3CX Telefonanlage. Eine 3CX TK-Anlage die individuell auf Ihre Vorgaben abgestimmt ist und mit dem Unternehmen wachsen kann. Eine neue Arbeitswelt ist mobil unterwegs. Kommunizieren Sie mit Ihrem Smartphone &hellip; <a href=\"https:\/\/www.kaelberer-online.de\/services\/telefonanlagen\/telefonanlage-ip-3cx\/\" class=\"more-link\">Continue reading<span class=\"screen-reader-text\"> &#8222;TELEFONANLAGE IP 3CX Service Telefon 07164 90 97 00&#8220;<\/span><\/a><\/p>\n","protected":false},"author":2,"featured_media":136,"parent":26,"menu_order":0,"comment_status":"closed","ping_status":"closed","template":"","meta":{"footnotes":""},"class_list":["post-135","page","type-page","status-publish","has-post-thumbnail","hentry"],"_links":{"self":[{"href":"https:\/\/www.kaelberer-online.de\/services\/wp-json\/wp\/v2\/pages\/135","targetHints":{"allow":["GET"]}}],"collection":[{"href":"https:\/\/www.kaelberer-online.de\/services\/wp-json\/wp\/v2\/pages"}],"about":[{"href":"https:\/\/www.kaelberer-online.de\/services\/wp-json\/wp\/v2\/types\/page"}],"author":[{"embeddable":true,"href":"https:\/\/www.kaelberer-online.de\/services\/wp-json\/wp\/v2\/users\/2"}],"replies":[{"embeddable":true,"href":"https:\/\/www.kaelberer-online.de\/services\/wp-json\/wp\/v2\/comments?post=135"}],"version-history":[{"count":0,"href":"https:\/\/www.kaelberer-online.de\/services\/wp-json\/wp\/v2\/pages\/135\/revisions"}],"up":[{"embeddable":true,"href":"https:\/\/www.kaelberer-online.de\/services\/wp-json\/wp\/v2\/pages\/26"}],"wp:featuredmedia":[{"embeddable":true,"href":"https:\/\/www.kaelberer-online.de\/services\/wp-json\/wp\/v2\/media\/136"}],"wp:attachment":[{"href":"https:\/\/www.kaelberer-online.de\/services\/wp-json\/wp\/v2\/media?parent=135"}],"curies":[{"name":"wp","href":"https:\/\/api.w.org\/{rel}","templated":true}]}}