{"id":133,"date":"2021-10-31T00:47:02","date_gmt":"2021-10-31T00:47:02","guid":{"rendered":"https:\/\/kaelberer-online.de\/services\/?page_id=133"},"modified":"2021-10-31T00:47:02","modified_gmt":"2021-10-31T00:47:02","slug":"voip-tk-anlage-3cx","status":"publish","type":"page","link":"https:\/\/www.kaelberer-online.de\/services\/telefonanlagen\/voip-tk-anlage-3cx\/","title":{"rendered":"VOIP TK ANLAGE 3CX Installation Telefon 07164 90 97 00"},"content":{"rendered":"<h2>\n<p>Kennen Sie die Vorgaben an Ihre neue <strong><strong>3CX<\/strong><\/strong> <strong><strong>Telefonanlage<\/strong><\/strong> bereits?<\/p>\n<\/h2>\n<p><h3>Eine moderne <strong>3CX<\/strong> <strong>Telefonanlage<\/strong> simplifiziert die Unternehmensprozesse. Optimieren Sie Ihr Unternehmen mit der neusten und flexiblen <strong>3CX<\/strong> Telefonanlage. Die <strong>3CX<\/strong> <strong>Telefonanlage<\/strong> die individuell auf Ihre Erwartungen angepasst ist und mit dem Unternehmen gro\u00df werden kann.<\/h3>\n<\/p>\n<p>Die neue Arbeitswelt ist mobil unterwegs. Telefonieren Sie mit einem Smartphone \u00fcber Ihre <strong>3CX<\/strong> <strong>Telefonanlage<\/strong> mit Ihren Kunden. Selbstverst\u00e4ndlich \u00fcber Ihre Festnetz-Rufnummer als Absenderkennung. besch\u00fctzen Sie Ihre Privatsph\u00e4re und zeigen Sie Seriosit\u00e4t.<\/p>\n<p>die <strong>3CX<\/strong> <strong>TK-Anlage<\/strong>n wurden auch f\u00fcr flexibles arbeiten designed. Als moderne Cloud <strong>3CX<\/strong> <strong>Telefonanlage<\/strong> oder auf Ihrer privaten Hardware hausintern gehostet. Die Installation und die Verwaltung ist unkompliziert. Sie bekommen damit eine sichere, zuverl\u00e4ssige wie auch vielseitige <strong>3CX<\/strong> <strong>Telefonanlage<\/strong>.<\/p>\n<h2>Die kosteng\u00fcnstige, vielseitige L\u00f6sung<\/h2>\n<p>Ein tolles Preis- und Leistungsverh\u00e4ltnis. Richten Sie unendlich viele Nebenstellen ein, immer exakt da wo Sie sie gerade ben\u00f6tigen und sparen Sie Kosten.<\/p>\n<h2>Erkennen Sie Ihre Anrufenden!<\/h2>\n<p>Bei Eingang eines Telefonanrufs exakt wissen wer im Moment anruft. Infos sind alles. F\u00fcr Angestellte oder die Leitung. Dadurch wissen Sie exakt was l\u00e4uft. W\u00e4hlen Sie mit einem simplen Click aus dem CRM oder Ihrer Firmensoftware jede Telefonnummer.<\/p>\n<p>Ist es nicht cool, wenn Sie von einer zentralen Oberfl\u00e4che heraus jegliche Anrufe realisieren, annehmen und bearbeiten oder aber den Status Ihrer Arbeitskollegen abfragen, eingehende Chat-News beantworten und Videoanrufe f\u00fchren k\u00f6nnten? Mit dem Webclient als Softphone wie auch der Windows Desktop App wird alles das sowie noch jede Menge mehr m\u00f6glich.<\/p>\n<h2>Microsoft 365 Zusammenf\u00fchrung<\/h2>\n<p>Benutzt Ihre Firma MS 365? Dann verbinden Sie dieses unkompliziert mit der <strong>3CX<\/strong> <strong>Telefonanlage<\/strong> und vereinen Sie s\u00e4mtliche Vorz\u00fcge beider Systeme! User k\u00f6nnen nahtlos \u00fcber beide Applikationen arbeiten, Kontakte verwalten und Vorgehensweisen schlanker machen, um die Effektivit\u00e4t zu steigern und Auftraggeber zu begeistern. <\/p>\n<h2>Kontakte mit Ihrem <strong>3CX<\/strong> Teilnehmerverzeichnis abgleichen<\/h2>\n<h2>Microsoft Teams Telefonie-Verzahnung<\/h2>\n<ol>\n<li>Durchf\u00fchrung externer Telefonate mittels <strong>3CX<\/strong> SIP-Trunks<\/li>\n<\/li>\n<li>Selektion eines eigenen optimalen SIP-Anbieters Ihrer Gegend<\/li>\n<\/li>\n<li>Eliminieren Microsoft\u00b4s teurer Inlands-\/globaler Tarife<\/li>\n<\/li>\n<\/ol>\n<h3>Unsere Mitarbeiter beraten, organisieren Hardware sowie Softwarel\u00f6sungen, richten ein, konfigurieren, nehmen in Betrieb und Supporten Ihre brandneue <strong>3CX<\/strong> <strong>Telefonanlage<\/strong>. Sie haben Fragen, oder wollen die derzeitige Preisliste anfordern? Sie erreichen uns unter Telefon 07164 909700 oder per E-Mail-Nachricht unter support@kaelberer-online.de<\/h3>\n<h2>Konnten wir Sie neugierig machen?<\/h2>\n<p>Unz\u00e4hlige zus\u00e4tzliche top Funktionen warten auf Sie.<\/p>\n<ul>\n<li>Bietet mobile Apps f\u00fcr das Betriebssystem Windows, Web, iOS &#038; Android<\/li>\n<li>Erstellung eines neuen Kundendatensatzes f\u00fcr neue Rufnummern<\/li>\n<li>Automatische Anpassung von Firewall-Regularien<\/li>\n<li>Eingebettete browserbasierte Videokonferenzen<\/li>\n<li>Praktische eingehende\/ausgehende Vorgaben, DIDs &#038; Ring Groups<\/li>\n<li>Inbegriffen Backups \u00fcber Nacht sowie 24\/7-Kontrolle<\/li>\n<li>Tageszeit-basierte Anrufweiterleitung und Telefonumfragen<\/li>\n<li>Intelligente Benutzerverwaltung spart etliche Stunden Arbeit<\/li>\n<li>Auf g\u00fcnstigem Raspberry Pi und MiniPC als Telefonie-Appliance<\/li>\n<li>Selektieren Sie im Men\u00fc oben das QR-Code-Symbol f\u00fcr dessen Scan<\/li>\n<li>Benutzerdefinierte Call Flows automatisieren Anfragen &#038; Arbeitsschritte<\/li>\n<li>Freih\u00e4ndiges Anrufen dank Siri wie auch Bluetooth-Einbindung<\/li>\n<li>Keinerlei Tischtelefone erforderlich \u2013 Nutzen Sie Ihr Handy<\/li>\n<li>Registrierung am Webclient \u2013 Einzelheiten in der Willkommens-E-Mail<\/li>\n<li>Identifizierung von Anrufern mit Hilfe CRM-Integration<\/li>\n<li>Verbinden von remote B\u00fcros und interne Anrufkosten eliminieren<\/li>\n<li>Fernkonfiguration \u00fcber QR-Code statt umst\u00e4ndliche Einrichtung<\/li>\n<li>Bereitstellung Ihrer Instanz bei einem Super-Cloud-Anbieter<\/li>\n<li>Anrufweiterleitung basierend auf Kundennummer und Anfrage<\/li>\n<li>Einfaches Implementieren und Verwalten ohne Schulungsbedarf<\/li>\n<li>Anruf-Protokolle im Kundendatensatz f\u00fcr transparente Anrufhistorie<\/li>\n<li>Bequemes Erstellen und Verwalten von Nebenstellen \u2013 auch remote<\/li>\n<\/ul>\n<h3>Fordern Sie mehr Unterlagen sowie ein Produktangebot bei uns an. Nat\u00fcrlich stellen wir Ihnen auch eine komplette Leistungs\u00fcbersicht zur Verf\u00fcgung.<\/h3>\n<p>[contact-form-7 id=&#8220;5&#8243; title=&#8220;Contact form 1&#8243;]<\/p>\n","protected":false},"excerpt":{"rendered":"<p>Kennen Sie die Vorgaben an Ihre neue 3CX Telefonanlage bereits? Eine moderne 3CX Telefonanlage simplifiziert die Unternehmensprozesse. Optimieren Sie Ihr Unternehmen mit der neusten und flexiblen 3CX Telefonanlage. Die 3CX Telefonanlage die individuell auf Ihre Erwartungen angepasst ist und mit dem Unternehmen gro\u00df werden kann. Die neue Arbeitswelt ist mobil unterwegs. Telefonieren Sie mit einem &hellip; <a href=\"https:\/\/www.kaelberer-online.de\/services\/telefonanlagen\/voip-tk-anlage-3cx\/\" class=\"more-link\">Continue reading<span class=\"screen-reader-text\"> &#8222;VOIP TK ANLAGE 3CX Installation Telefon 07164 90 97 00&#8220;<\/span><\/a><\/p>\n","protected":false},"author":2,"featured_media":134,"parent":26,"menu_order":0,"comment_status":"closed","ping_status":"closed","template":"","meta":{"footnotes":""},"class_list":["post-133","page","type-page","status-publish","has-post-thumbnail","hentry"],"_links":{"self":[{"href":"https:\/\/www.kaelberer-online.de\/services\/wp-json\/wp\/v2\/pages\/133","targetHints":{"allow":["GET"]}}],"collection":[{"href":"https:\/\/www.kaelberer-online.de\/services\/wp-json\/wp\/v2\/pages"}],"about":[{"href":"https:\/\/www.kaelberer-online.de\/services\/wp-json\/wp\/v2\/types\/page"}],"author":[{"embeddable":true,"href":"https:\/\/www.kaelberer-online.de\/services\/wp-json\/wp\/v2\/users\/2"}],"replies":[{"embeddable":true,"href":"https:\/\/www.kaelberer-online.de\/services\/wp-json\/wp\/v2\/comments?post=133"}],"version-history":[{"count":0,"href":"https:\/\/www.kaelberer-online.de\/services\/wp-json\/wp\/v2\/pages\/133\/revisions"}],"up":[{"embeddable":true,"href":"https:\/\/www.kaelberer-online.de\/services\/wp-json\/wp\/v2\/pages\/26"}],"wp:featuredmedia":[{"embeddable":true,"href":"https:\/\/www.kaelberer-online.de\/services\/wp-json\/wp\/v2\/media\/134"}],"wp:attachment":[{"href":"https:\/\/www.kaelberer-online.de\/services\/wp-json\/wp\/v2\/media?parent=133"}],"curies":[{"name":"wp","href":"https:\/\/api.w.org\/{rel}","templated":true}]}}