{"id":131,"date":"2021-12-17T16:18:02","date_gmt":"2021-12-17T16:18:02","guid":{"rendered":"https:\/\/kaelberer-online.de\/services\/?page_id=131"},"modified":"2021-12-17T16:18:02","modified_gmt":"2021-12-17T16:18:02","slug":"cloud-tk-anlage-3cx","status":"publish","type":"page","link":"https:\/\/www.kaelberer-online.de\/services\/telefonanlagen\/cloud-tk-anlage-3cx\/","title":{"rendered":"CLOUD TK ANLAGE 3CX Angebot Tel. 07164 90 97 00"},"content":{"rendered":"<h2>\n<p>Kennen Sie die Anforderungen an Ihre neue <strong><strong>3CX<\/strong><\/strong> <strong><strong>Telefonanlage<\/strong><\/strong> bereits?<\/p>\n<\/h2>\n<p><h3>Die aktuelle <strong>3CX<\/strong> <strong>Telefonanlage<\/strong> vereinfacht die Unternehmensprozesse. Optimieren Sie Ihre Firma mit der brandneuen und flexiblen <strong>3CX<\/strong> Telefonanlage. Eine <strong>3CX<\/strong> <strong>TK-Anlage<\/strong> die individuell auf Ihre Anspr\u00fcche abgestimmt ist und mit dem Unternehmen gro\u00df werden kann.<\/h3>\n<\/p>\n<p>Eine neue Arbeitswelt die mobil unterwegs ist. Telefonieren Sie mit einem Mobiltelefon \u00fcber die <strong>3CX<\/strong> <strong>TK-Anlage<\/strong> mit Ihren Kunden. Selbstverst\u00e4ndlich mit Ihrer Festnetz-Rufnummer als Absenderkennung. besch\u00fctzen Sie Ihre Privatsph\u00e4re und beweisen Sie Seriosit\u00e4t.<\/p>\n<p>Unsere <strong>3CX<\/strong> <strong>TK-Anlage<\/strong>n wurden auch f\u00fcr flexibles arbeiten entwickelt. Als aktuelle Cloud <strong>3CX<\/strong> <strong>Telefonanlage<\/strong> oder auf Ihrer eigenen Hardware hausintern gehostet. Die Installation und die Verwaltung ist einfach. Sie bekommen damit eine sichere, zuverl\u00e4ssige wie auch anpassungsf\u00e4hige <strong>3CX<\/strong> TK-Anlage.<\/p>\n<h2>Eine kosteng\u00fcnstige, vielseitige L\u00f6sung<\/h2>\n<p>Ein einmaliges Preis- und Leistungsverh\u00e4ltnis. Richten Sie unbegrenzt viele Nebenstellen ein, immer pr\u00e4zise da wo Sie sie im Moment ben\u00f6tigen und sparen Sie Kosten.<\/p>\n<h2>St\u00e4rken Sie Ihr Personal.<\/h2>\n<p>Bei Anrufeingang pr\u00e4zise wissen wer gerade anruft. Infos sind alles. F\u00fcr Besch\u00e4ftigte sowie die Direktion. Somit wissen Sie pr\u00e4zise was geht. W\u00e4hlen Sie mit einem bequemen Klick aus Ihrem CRM oder Ihrer Firmensoftware jede Rufnummer.<\/p>\n<p>Ist es nicht super, wenn Sie von einer zentralen Oberfl\u00e4che heraus s\u00e4mtliche Anrufe t\u00e4tigen, annehmen wie auch bearbeiten oder aber den Status Ihrer Kollegen abfragen, eingehende Chat-Nachrichten beantworten und Videoanrufe initiieren k\u00f6nnten? Mit einem Webclient als Softphone sowie der Windows Desktop App ist all das sowie noch viel mehr m\u00f6glich.<\/p>\n<h2>MS 365 Einbeziehung<\/h2>\n<p>Verwendet Ihre Firma Microsoft 365? Dann verkn\u00fcpfen Sie dieses einfach mit der <strong>3CX<\/strong> <strong>TK-Anlage<\/strong> und verschmelzen Sie s\u00e4mtliche Vorz\u00fcge beider Systeme! Anwender k\u00f6nnen \u00fcbergangslos mit beiden Applikationen arbeiten, Kontakte bearbeiten und Arbeitsschritte verschlanken, um die Effektivit\u00e4t zu erh\u00f6hen und Auftraggeber zu begeistern. <\/p>\n<h2>Kontakte mit dem <strong>3CX<\/strong> Teilnehmerverzeichnis synchronisieren<\/h2>\n<ol>\n<li>Anruf synchronisierter Kontakte per Webclient oder portabler Apps<\/li>\n<li>Aktualisierung gemeinsamer Mailbox-Kontakte mit dem <strong>3CX<\/strong>-Telefonbuch<\/li>\n<li>Automatisierte Synchronisation Ihrer pers\u00f6nlichen Kontakte<\/li>\n<\/ol>\n<h2>Microsoft Teams Telefonie-Verzahnung<\/h2>\n<ol>\n<li>Ausschalten Microsoft\u00b4s teurer Inlands-\/globaler Tarife<\/li>\n<\/li>\n<li>Realisierung externer Telefongespr\u00e4che mittels <strong>3CX<\/strong> SIP-Trunks<\/li>\n<\/li>\n<\/ol>\n<h3>Unsere Techniker beraten, beschaffen Hardware sowie Software, richten ein, konfigurieren, nehmen in Betrieb und Supporten Ihre neue <strong>3CX<\/strong> <strong>Telefonanlage<\/strong>. Sie haben Fragen, oder wollen unsere derzeitige Liste der Preise anfordern? Sie erreichen uns unter Telefon 07164 909700 und per Mail unter support@kaelberer-online.de<\/h3>\n<h2>Konnten wir Ihr Aufmerksamkeit wecken?<\/h2>\n<p>Viele weitere tolle Funktionen warten auf Sie.<\/p>\n<ul>\n<li>Bietet mobile Apps f\u00fcr das Betriebssystem Windows, Web, iOS &#038; Android<\/li>\n<li>Uhrzeit-basierte Anrufweiterleitung und Telefonumfragen<\/li>\n<li>Verwaltung, Sicherheits-Patches &#038; Version-Upgrades durch <strong>3CX<\/strong><\/li>\n<li>Bequemes Erstellen und Organisieren von Nebenstellen \u2013 auch remote<\/li>\n<li>Keine Tischtelefone erforderlich \u2013 Ben\u00fctzen Sie Ihr Handy<\/li>\n<li>Keinerlei Schulung notwendig \u2013 direkt starten<\/li>\n<li>SIP-Forking \u2013 simultane Nutzung von <strong>3CX<\/strong> App sowie Tischtelefon<\/li>\n<li>Inklusive Sicherungen \u00fcber Nacht sowie 24\/7-Kontrolle<\/li>\n<li>Eigenst\u00e4ndig Hosten via Google, Amazon, Microsoft &#038; mehr<\/li>\n<li>Perfekte Verbindung f\u00fcr nahtlosen Wechsel zwischen Netzen<\/li>\n<li>Vernetzen von remote Firmenb\u00fcros und interne Anrufkosten eliminieren<\/li>\n<li>Update des eigenen Status &#038; Einsicht der Team-Verf\u00fcgbarkeit<\/li>\n<li>Freih\u00e4ndiges Kommunizieren dank Siri sowie Bluetooth-Einbindung<\/li>\n<li>Unentgeltliche B\u00fcro-Anrufe f\u00fcr remote &#038; reisende Arbeitnehmer<\/li>\n<li>Bereitstellung Ihrer Instanz bei einem Super-Cloud-Provider<\/li>\n<li>Automatische Konfiguration von Firewall-Regularien<\/li>\n<li>Virtualisieren durch VMware, Hyper-V oder KVM<\/li>\n<li>Ab\u00e4ndern des eigenen Status sowie Ansicht der Verf\u00fcgbarkeit des Teams<\/li>\n<li>Erstellung eines neuen Kundendatensatzes f\u00fcr neue Rufnummern<\/li>\n<li>Anrufe mit einem einzigen Click geradewegs aus CRM heraus ausl\u00f6sen<\/li>\n<li>Bereitstellung per Google Marketplace, Amazon oder Azure<\/li>\n<li>Konferenzen, mobile Applikationen, Livechat inbegriffen<\/li>\n<\/ul>\n<h3>Fragen Sie zus\u00e4tzliche Informationen und ein Produktangebot bei unserer Firma an. Nat\u00fcrlich stellen wir Ihnen auch eine vollst\u00e4ndige Featureliste zur Verf\u00fcgung.<\/h3>\n<p>[contact-form-7 id=&#8220;5&#8243; title=&#8220;Contact form 1&#8243;]<\/p>\n","protected":false},"excerpt":{"rendered":"<p>Kennen Sie die Anforderungen an Ihre neue 3CX Telefonanlage bereits? Die aktuelle 3CX Telefonanlage vereinfacht die Unternehmensprozesse. Optimieren Sie Ihre Firma mit der brandneuen und flexiblen 3CX Telefonanlage. Eine 3CX TK-Anlage die individuell auf Ihre Anspr\u00fcche abgestimmt ist und mit dem Unternehmen gro\u00df werden kann. Eine neue Arbeitswelt die mobil unterwegs ist. Telefonieren Sie mit &hellip; <a href=\"https:\/\/www.kaelberer-online.de\/services\/telefonanlagen\/cloud-tk-anlage-3cx\/\" class=\"more-link\">Continue reading<span class=\"screen-reader-text\"> &#8222;CLOUD TK ANLAGE 3CX Angebot Tel. 07164 90 97 00&#8220;<\/span><\/a><\/p>\n","protected":false},"author":2,"featured_media":132,"parent":26,"menu_order":0,"comment_status":"closed","ping_status":"closed","template":"","meta":{"footnotes":""},"class_list":["post-131","page","type-page","status-publish","has-post-thumbnail","hentry"],"_links":{"self":[{"href":"https:\/\/www.kaelberer-online.de\/services\/wp-json\/wp\/v2\/pages\/131","targetHints":{"allow":["GET"]}}],"collection":[{"href":"https:\/\/www.kaelberer-online.de\/services\/wp-json\/wp\/v2\/pages"}],"about":[{"href":"https:\/\/www.kaelberer-online.de\/services\/wp-json\/wp\/v2\/types\/page"}],"author":[{"embeddable":true,"href":"https:\/\/www.kaelberer-online.de\/services\/wp-json\/wp\/v2\/users\/2"}],"replies":[{"embeddable":true,"href":"https:\/\/www.kaelberer-online.de\/services\/wp-json\/wp\/v2\/comments?post=131"}],"version-history":[{"count":0,"href":"https:\/\/www.kaelberer-online.de\/services\/wp-json\/wp\/v2\/pages\/131\/revisions"}],"up":[{"embeddable":true,"href":"https:\/\/www.kaelberer-online.de\/services\/wp-json\/wp\/v2\/pages\/26"}],"wp:featuredmedia":[{"embeddable":true,"href":"https:\/\/www.kaelberer-online.de\/services\/wp-json\/wp\/v2\/media\/132"}],"wp:attachment":[{"href":"https:\/\/www.kaelberer-online.de\/services\/wp-json\/wp\/v2\/media?parent=131"}],"curies":[{"name":"wp","href":"https:\/\/api.w.org\/{rel}","templated":true}]}}