{"id":129,"date":"2022-01-02T16:33:53","date_gmt":"2022-01-02T16:33:53","guid":{"rendered":"https:\/\/kaelberer-online.de\/services\/?page_id=129"},"modified":"2022-01-02T16:33:53","modified_gmt":"2022-01-02T16:33:53","slug":"telefonanlage-arztpraxis-3cx","status":"publish","type":"page","link":"https:\/\/www.kaelberer-online.de\/services\/telefonanlagen\/telefonanlage-arztpraxis-3cx\/","title":{"rendered":"TELEFONANLAGE ARZTPRAXIS 3CX Service Tel. 07164 90 97 00"},"content":{"rendered":"<h2>\n<p>Wissen Sie die Anforderungen an Ihre neue <strong><strong>3CX<\/strong><\/strong> <strong><strong>TK-Anlage<\/strong><\/strong> bereits?<\/p>\n<\/h2>\n<p><h3>Eine moderne <strong>3CX<\/strong> <strong>Telefonanlage<\/strong> simplifiziert die Gesch\u00e4ftsprozesse. Optimieren Sie Ihr Unternehmen mit einer brandneuen und flexiblen <strong>3CX<\/strong> Telefonanlage. Eine <strong>3CX<\/strong> <strong>Telefonanlage<\/strong> die individuell auf Ihre Anforderungen abgestimmt ist und mit Ihrem Unternehmen wachsen kann.<\/h3>\n<\/p>\n<p>Die neue Arbeitswelt ist mobil unterwegs. Kommunizieren Sie mit Ihrem Mobiltelefon \u00fcber Ihre <strong>3CX<\/strong> <strong>TK-Anlage<\/strong> mit Ihren Kunden. Nat\u00fcrlich \u00fcber Ihre Festnetz-Telefonnummer als Absender-Kennung. bewahren Sie die Privatsph\u00e4re und beweisen Sie Professionalit\u00e4t.<\/p>\n<p>die <strong>3CX<\/strong> <strong>TK-Anlage<\/strong>n werden auch f\u00fcr mobiles arbeiten konzipiert. Als zeitgem\u00e4\u00dfe Cloud <strong>3CX<\/strong> <strong>Telefonanlage<\/strong> oder auf Ihrer eigenen Hardware hausintern gehostet. Eine Installation und die Verwaltung ist unkompliziert. Sie erhalten dadurch eine sichere, verl\u00e4ssliche und hochflexible <strong>3CX<\/strong> TK-Anlage.<\/p>\n<h2>Eine g\u00fcnstige, variable L\u00f6sung<\/h2>\n<p>Ein hervorragendes Preis- und Leistungsverh\u00e4ltnis. Richten Sie unbegrenzt viele Nebenstellen ein, immer pr\u00e4zise da wo Sie sie gerade brauchen und sparen Sie Kosten.<\/p>\n<h2>Best\u00e4rken Sie Ihr Personal.<\/h2>\n<p>Bei Anrufeingang exakt wissen wer gerade anruft. Infos sind alles. F\u00fcr Angestellte sowie die Leitung. Dadurch wissen Sie genau was geht. W\u00e4hlen Sie mit einem einfachen Click aus Ihrem CRM oder Ihrer Firmensoftware jede Telefonnummer.<\/p>\n<p>Ist es nicht super, wenn Sie von einer zentralen Oberfl\u00e4che heraus s\u00e4mtliche Anrufe t\u00e4tigen, annehmen sowie bearbeiten oder aber den Status Ihrer Mitarbeiter abfragen, eingehende Chat-Nachrichten beantworten und Videoanrufe initiieren k\u00f6nnten? Mit einem Webclient als Softphone sowie der Windows Desktop Applikation ist all das und noch viel mehr realisierbar.<\/p>\n<h2>MS 365 Integration<\/h2>\n<p>Nutzt Ihre Firma MS 365? In diesem Fall verbinden Sie dieses einfach mit der <strong>3CX<\/strong> <strong>Telefonanlage<\/strong> und kombinieren Sie s\u00e4mtliche Vorz\u00fcge beider Systeme! Benutzer k\u00f6nnen \u00fcbergangslos mit beiden Apps arbeiten, Kontakte bearbeiten und Vorgehensweisen schlanker machen, um ihre Effektivit\u00e4t zu steigern und Kunden zu begeistern. <\/p>\n<h2>Kontakte mit dem <strong>3CX<\/strong> Telefonbuch abgleichen<\/h2>\n<h2>MS Teams Telefonie-Integration<\/h2>\n<ol>\n<li>Realisierung externer Telefonate mittels <strong>3CX<\/strong> SIP-Trunks<\/li>\n<\/li>\n<li>Eliminieren Microsoft\u00b4s kostspieliger Inlands-\/internationaler Tarife<\/li>\n<\/li>\n<li>Auswahl eines eigenen g\u00fcnstigen SIP-Dienstleisters Ihrer Region<\/li>\n<\/li>\n<\/ol>\n<h3>Wir informieren, beschaffen Hardware sowie Software, richten ein, konfigurieren, nehmen in Betrieb und Supporten Ihre neue <strong>3CX<\/strong> <strong>Telefonanlage<\/strong>. Sie haben Fragen, oder wollen unsere aktuelle Preisliste anfordern? Sie erreichen uns unter Telefon 07164 909700 und per E-Mail-Nachricht unter support@kaelberer-online.de<\/h3>\n<h2>Haben wir Sie neugierig gemacht?<\/h2>\n<p>Unz\u00e4hlige zus\u00e4tzliche top Funktionen warten auf Sie.<\/p>\n<ul>\n<li>Update des eigenen Status &#038; Einsicht der Team-Verf\u00fcgbarkeit<\/li>\n<li>Inklusive Datensicherungen \u00fcber Nacht sowie 24\/7-Kontrolle<\/li>\n<li>Bereitstellung Ihrer Entit\u00e4t bei einem Top-Cloud-Experten<\/li>\n<li>M\u00fcheloses Erstellen und Bearbeiten von Nebenstellen \u2013 auch remote<\/li>\n<li>Einfaches Weiterleiten von Kunden an die korrekte Abteilung<\/li>\n<li>Selbst\u00e4ndig Hosten via Google, Amazon, Microsoft &#038; weitere<\/li>\n<li>Anruf-Protokolle im Kundendatensatz f\u00fcr transparente Anrufhistorie<\/li>\n<li>Ver\u00e4ndern des eigenen Status sowie Ansicht der Verf\u00fcgbarkeit des Projektteams<\/li>\n<li>Integration von Webpr\u00e4senz-Livechat, Facebook-Messaging wie auch SMS<\/li>\n<li>M\u00fcheloses Implementieren und Verwalten ohne Schulungsbedarf<\/li>\n<li>Keine Lizenzierung pro Nebenstelle, unendlich viele Nebenstellen<\/li>\n<li>Abfrage von Kunden- sowie Fallnummern, um Agenten Zeit zu sparen<\/li>\n<li>In Minuten User updaten\/hinzuf\u00fcgen sowie Mailboxen konfigurieren<\/li>\n<li>Direkter Kontakt via Anrufe, Video wie auch Instant Messaging<\/li>\n<li>Unbegrenzte Menge von Usern zum Nulltarif in <strong>3CX<\/strong> enthalten<\/li>\n<\/ul>\n<h3>Fragen Sie mehr Unterlagen oder ein Angebot bei unserer Firma an. Gerne stellen wir Ihnen auch eine vollst\u00e4ndige Featureliste zur Verf\u00fcgung.<\/h3>\n<p>[contact-form-7 id=&#8220;5&#8243; title=&#8220;Contact form 1&#8243;]<\/p>\n","protected":false},"excerpt":{"rendered":"<p>Wissen Sie die Anforderungen an Ihre neue 3CX TK-Anlage bereits? Eine moderne 3CX Telefonanlage simplifiziert die Gesch\u00e4ftsprozesse. Optimieren Sie Ihr Unternehmen mit einer brandneuen und flexiblen 3CX Telefonanlage. Eine 3CX Telefonanlage die individuell auf Ihre Anforderungen abgestimmt ist und mit Ihrem Unternehmen wachsen kann. Die neue Arbeitswelt ist mobil unterwegs. Kommunizieren Sie mit Ihrem Mobiltelefon &hellip; <a href=\"https:\/\/www.kaelberer-online.de\/services\/telefonanlagen\/telefonanlage-arztpraxis-3cx\/\" class=\"more-link\">Continue reading<span class=\"screen-reader-text\"> &#8222;TELEFONANLAGE ARZTPRAXIS 3CX Service Tel. 07164 90 97 00&#8220;<\/span><\/a><\/p>\n","protected":false},"author":2,"featured_media":130,"parent":26,"menu_order":0,"comment_status":"closed","ping_status":"closed","template":"","meta":{"footnotes":""},"class_list":["post-129","page","type-page","status-publish","has-post-thumbnail","hentry"],"_links":{"self":[{"href":"https:\/\/www.kaelberer-online.de\/services\/wp-json\/wp\/v2\/pages\/129","targetHints":{"allow":["GET"]}}],"collection":[{"href":"https:\/\/www.kaelberer-online.de\/services\/wp-json\/wp\/v2\/pages"}],"about":[{"href":"https:\/\/www.kaelberer-online.de\/services\/wp-json\/wp\/v2\/types\/page"}],"author":[{"embeddable":true,"href":"https:\/\/www.kaelberer-online.de\/services\/wp-json\/wp\/v2\/users\/2"}],"replies":[{"embeddable":true,"href":"https:\/\/www.kaelberer-online.de\/services\/wp-json\/wp\/v2\/comments?post=129"}],"version-history":[{"count":0,"href":"https:\/\/www.kaelberer-online.de\/services\/wp-json\/wp\/v2\/pages\/129\/revisions"}],"up":[{"embeddable":true,"href":"https:\/\/www.kaelberer-online.de\/services\/wp-json\/wp\/v2\/pages\/26"}],"wp:featuredmedia":[{"embeddable":true,"href":"https:\/\/www.kaelberer-online.de\/services\/wp-json\/wp\/v2\/media\/130"}],"wp:attachment":[{"href":"https:\/\/www.kaelberer-online.de\/services\/wp-json\/wp\/v2\/media?parent=129"}],"curies":[{"name":"wp","href":"https:\/\/api.w.org\/{rel}","templated":true}]}}