{"id":125,"date":"2021-12-12T05:44:12","date_gmt":"2021-12-12T05:44:12","guid":{"rendered":"https:\/\/kaelberer-online.de\/services\/?page_id=125"},"modified":"2021-12-12T05:44:12","modified_gmt":"2021-12-12T05:44:12","slug":"kleine-telefonanlage-3cx","status":"publish","type":"page","link":"https:\/\/www.kaelberer-online.de\/services\/telefonanlagen\/kleine-telefonanlage-3cx\/","title":{"rendered":"KLEINE TELEFONANLAGE 3CX Beratung Telefon 07164 90 97 00"},"content":{"rendered":"<h2>\n<p>Wissen Sie die Anforderungen an Ihre neue <strong><strong>3CX<\/strong><\/strong> <strong><strong>Telefonanlage<\/strong><\/strong> schon?<\/p>\n<\/h2>\n<p><h3>Die moderne <strong>3CX<\/strong> <strong>TK-Anlage<\/strong> erleichtert die Gesch\u00e4ftsprozesse. Optimieren Sie Ihre Firma mit der neusten und flexiblen <strong>3CX<\/strong> <strong>TK-Anlage<\/strong>. Eine <strong>3CX<\/strong> <strong>Telefonanlage<\/strong> die ma\u00dfgeschneidert auf Ihre Vorgaben angepasst ist und mit dem Unternehmen gro\u00df werden kann.<\/h3>\n<\/p>\n<p>Eine neue Arbeitswelt ist mobil unterwegs. Telefonieren Sie mit einem Mobiltelefon \u00fcber Ihre <strong>3CX<\/strong> <strong>Telefonanlage<\/strong> mit Ihren Klienten. Nat\u00fcrlich mit Ihrer Festnetz-Rufnummer als Absender-Kennung. Wahren Sie die Privatsph\u00e4re und zeigen Sie Seriosit\u00e4t.<\/p>\n<p>die <strong>3CX<\/strong> <strong>TK-Anlage<\/strong>n wurden f\u00fcr mobiles arbeiten entworfen. Als aktuelle Cloud <strong>3CX<\/strong> <strong>TK-Anlage<\/strong> oder auf der privaten Hardware hausintern gehostet. Die Installation und die Konfiguration ist unkompliziert. Sie erhalten dadurch eine sichere, zuverl\u00e4ssige und anpassungsf\u00e4hige <strong>3CX<\/strong> TK-Anlage.<\/p>\n<h2>Faire Preise f\u00fcr Ihre brandneue 3CX <strong>Telefonanlage<\/strong><\/h2>\n<p>Ein unschlagbares Preis- und Leistungsverh\u00e4ltnis. Richten Sie grenzenlos viele Nebenstellen ein, immer genau da wo Sie sie im Moment ben\u00f6tigen und sparen Sie Kosten.<\/p>\n<h2>Best\u00e4rken Sie Ihr Personal.<\/h2>\n<p>Bei Eingang eines Anrufs pr\u00e4zise wissen wer im Moment anruft. Infos sind alles. F\u00fcr Mitarbeiter sowie die Direktion. Somit wissen Sie pr\u00e4zise was l\u00e4uft. W\u00e4hlen Sie mit einem trivialen Click aus dem CRM oder Ihrer Firmensoftware jede Rufnummer.<\/p>\n<p>W\u00e4re es nicht cool, wenn Sie von einer zentralen Oberfl\u00e4che heraus jegliche Anrufe t\u00e4tigen, entgegen nehmen und bearbeiten oder aber den Status Ihrer Kollegen in Erfahrung bringen, eingehende Chat-News beantworten und Videoanrufe initiieren k\u00f6nnten? Mit dem Webclient als Softphone sowie der Windows Desktop App ist all das und noch jede Menge mehr realisierbar.<\/p>\n<h2>Microsoft 365 Einbindung<\/h2>\n<p>Verwendet Ihr Unternehmen MS 365? In diesem Fall vernetzen Sie dieses einfach mit der <strong>3CX<\/strong> <strong>Telefonanlage<\/strong> und kombinieren Sie alle Vorteile beider Systeme! Anwender k\u00f6nnen \u00fcbergangslos mit beiden Apps arbeiten, Kontakte verwalten und Arbeitsschritte schlanker machen, um die Effektivit\u00e4t zu steigern und Auftraggeber zu inspirieren. <\/p>\n<h2>Kontakte mit dem <strong>3CX<\/strong> Telefonbuch abgleichen<\/h2>\n<h2>Microsoft Teams Telefonie-Verzahnung<\/h2>\n<ol>\n<li>Durchf\u00fchrung externer Telefongespr\u00e4che \u00fcber <strong>3CX<\/strong> SIP-Trunks<\/li>\n<\/li>\n<li>Ausschalten Microsoft\u00b4s teurer Inlands-\/globaler Tarife<\/li>\n<\/li>\n<\/ol>\n<h3>Unsere Techniker informieren, organisieren Hardware sowie Software, richten ein, konfigurieren, nehmen in Betrieb und Supporten Ihre neue <strong>3CX<\/strong> <strong>TK-Anlage<\/strong>. Sie haben Fragen, oder m\u00f6chten die derzeitige Preisliste anfordern? Sie erreichen uns unter Telefon 07164 909700 und per E-Mail-Nachricht unter support@kaelberer-online.de<\/h3>\n<h2>Konnten wir Ihr Interesse wecken?<\/h2>\n<p>Viele zus\u00e4tzliche tolle Funktionen warten auf Sie.<\/p>\n<ul>\n<li>Verwaltung von System &#038; Benutzern von beliebigem Ort<\/li>\n<li>Eingebundene browserbasierte Videokonferenzen<\/li>\n<li>Identifizierung von Anrufern dank CRM-Zusammenf\u00fchrung<\/li>\n<li>PBX Express startet Ihre <strong>3CX<\/strong>-Instanz in wenigen Minuten<\/li>\n<li>Kinderleichte Nutzerverwaltung reduziert zahlreiche Arbeitsstunden<\/li>\n<li>Anrufweiterleitung basierend auf Kundennummer oder Anfrage<\/li>\n<li>Virtualisieren durch VMware, Hyper-V oder KVM<\/li>\n<li>Bereitstellung Ihrer Instanz bei einem Super-Cloud-Provider<\/li>\n<li>Einleiten eines Videoanrufs von Ihrem Handy aus<\/li>\n<li>Wechsel zwischen Server &#038; Cloud \u2013 integriertes Backup &#038; Restore<\/li>\n<li>Jederzeit zwischen <strong>3CX<\/strong>-Hosting, on-Premise &#038; Ihrer Cloud wechseln<\/li>\n<li>Enth\u00e4lt mobile Apps f\u00fcr Windows, Web, iOS &#038; Android<\/li>\n<li>Abgesicherte Verbindungen garantieren Privatsph\u00e4re sowie Schutz<\/li>\n<li>Selbst\u00e4ndig Hosten \u00fcber Google, Amazon, Microsoft &#038; mehr<\/li>\n<li>Zufriedene Klienten wie auch weniger M\u00fchen f\u00fcr Ihre Kollegen<\/li>\n<li>Anruf-Protokolle im Kundendatensatz f\u00fcr transparente Anrufhistorie<\/li>\n<li>Wechsel zwischen Sprach- und Video-Telefonaten mit einem Fingertipp<\/li>\n<li>Bequemes Erstellen und Bearbeiten von Nebenstellen \u2013 auch remote<\/li>\n<li>Inbegriffen Datensicherungen \u00fcber Nacht und 24\/7-Kontrolle<\/li>\n<li>Ver\u00e4ndern des pers\u00f6nlichen Status sowie Ansicht der Verf\u00fcgbarkeit des Teams<\/li>\n<li>Erstellung eines neuen Kundendatensatzes f\u00fcr neue Rufnummern<\/li>\n<li>Webkonferenzen, mobile Apps, Chat inbegriffen<\/li>\n<li>Kostenlose Office-Anrufe f\u00fcr remote &#038; reisende Angestellte<\/li>\n<\/ul>\n<h3>Fordern Sie erg\u00e4nzende Unterlagen und ein Produktangebot bei unserer Firma an. Gerne stellen wir Ihnen auch eine komplette Leistungs\u00fcbersicht zur Verf\u00fcgung.<\/h3>\n<p>[contact-form-7 id=&#8220;5&#8243; title=&#8220;Contact form 1&#8243;]<\/p>\n","protected":false},"excerpt":{"rendered":"<p>Wissen Sie die Anforderungen an Ihre neue 3CX Telefonanlage schon? Die moderne 3CX TK-Anlage erleichtert die Gesch\u00e4ftsprozesse. Optimieren Sie Ihre Firma mit der neusten und flexiblen 3CX TK-Anlage. Eine 3CX Telefonanlage die ma\u00dfgeschneidert auf Ihre Vorgaben angepasst ist und mit dem Unternehmen gro\u00df werden kann. Eine neue Arbeitswelt ist mobil unterwegs. Telefonieren Sie mit einem &hellip; <a href=\"https:\/\/www.kaelberer-online.de\/services\/telefonanlagen\/kleine-telefonanlage-3cx\/\" class=\"more-link\">Continue reading<span class=\"screen-reader-text\"> &#8222;KLEINE TELEFONANLAGE 3CX Beratung Telefon 07164 90 97 00&#8220;<\/span><\/a><\/p>\n","protected":false},"author":2,"featured_media":126,"parent":26,"menu_order":0,"comment_status":"closed","ping_status":"closed","template":"","meta":{"footnotes":""},"class_list":["post-125","page","type-page","status-publish","has-post-thumbnail","hentry"],"_links":{"self":[{"href":"https:\/\/www.kaelberer-online.de\/services\/wp-json\/wp\/v2\/pages\/125","targetHints":{"allow":["GET"]}}],"collection":[{"href":"https:\/\/www.kaelberer-online.de\/services\/wp-json\/wp\/v2\/pages"}],"about":[{"href":"https:\/\/www.kaelberer-online.de\/services\/wp-json\/wp\/v2\/types\/page"}],"author":[{"embeddable":true,"href":"https:\/\/www.kaelberer-online.de\/services\/wp-json\/wp\/v2\/users\/2"}],"replies":[{"embeddable":true,"href":"https:\/\/www.kaelberer-online.de\/services\/wp-json\/wp\/v2\/comments?post=125"}],"version-history":[{"count":0,"href":"https:\/\/www.kaelberer-online.de\/services\/wp-json\/wp\/v2\/pages\/125\/revisions"}],"up":[{"embeddable":true,"href":"https:\/\/www.kaelberer-online.de\/services\/wp-json\/wp\/v2\/pages\/26"}],"wp:featuredmedia":[{"embeddable":true,"href":"https:\/\/www.kaelberer-online.de\/services\/wp-json\/wp\/v2\/media\/126"}],"wp:attachment":[{"href":"https:\/\/www.kaelberer-online.de\/services\/wp-json\/wp\/v2\/media?parent=125"}],"curies":[{"name":"wp","href":"https:\/\/api.w.org\/{rel}","templated":true}]}}