{"id":123,"date":"2021-11-21T15:42:38","date_gmt":"2021-11-21T15:42:38","guid":{"rendered":"https:\/\/kaelberer-online.de\/services\/?page_id=123"},"modified":"2021-11-21T15:42:38","modified_gmt":"2021-11-21T15:42:38","slug":"telefonanlage-isdn-3cx","status":"publish","type":"page","link":"https:\/\/www.kaelberer-online.de\/services\/telefonanlagen\/telefonanlage-isdn-3cx\/","title":{"rendered":"TELEFONANLAGE ISDN 3CX Beratung Tel. 07164 90 97 00"},"content":{"rendered":"<h2>\n<p>Kennen Sie die Vorgaben an Ihre neue <strong><strong>3CX<\/strong><\/strong> <strong><strong>TK-Anlage<\/strong><\/strong> bereits?<\/p>\n<\/h2>\n<p><h3>Die moderne <strong>3CX<\/strong> <strong>TK-Anlage<\/strong> simplifiziert Ihre Firmenprozesse. Optimieren Sie Ihre Firma mit der neuen und flexiblen <strong>3CX<\/strong> Telefonanlage. Eine <strong>3CX<\/strong> <strong>TK-Anlage<\/strong> die ma\u00dfgeschneidert auf Ihre Vorgaben zugeschnitten ist und mit Ihrem Unternehmen gro\u00df werden kann.<\/h3>\n<\/p>\n<p>Eine neue Arbeitswelt die mobil unterwegs ist. Telefonieren Sie mit dem Handy \u00fcber Ihre <strong>3CX<\/strong> <strong>TK-Anlage<\/strong> mit Ihren Kunden. Selbstverst\u00e4ndlich mit Ihrer Festnetz-Telefonnummer als Absenderkennung. besch\u00fctzen Sie die Privatsph\u00e4re und zeigen Sie Professionalit\u00e4t.<\/p>\n<p>Unsere <strong>3CX<\/strong> <strong>Telefonanlage<\/strong>n wurden f\u00fcr flexibles arbeiten konzipiert. Als zeitgem\u00e4\u00dfe Cloud <strong>3CX<\/strong> <strong>Telefonanlage<\/strong> oder auf der privaten Hardware hausintern gehostet. Die Installation und die Konfiguration ist unkompliziert. Sie bekommen damit eine sichere, verl\u00e4ssliche wie auch flexible <strong>3CX<\/strong> <strong>Telefonanlage<\/strong>.<\/p>\n<h2>Die preiswerte, hochflexible L\u00f6sung<\/h2>\n<p>Ein unschlagbares Preis- und Leistungsverh\u00e4ltnis. Richten Sie unbegrenzt viele Nebenstellen ein, immer genau da wo Sie sie gerade w\u00fcnschen und sparen Sie Kosten.<\/p>\n<h2>St\u00e4rken Sie Ihr Verkaufspersonal.<\/h2>\n<p>Bei Eingang eines Telefonanrufs pr\u00e4zise wissen wer im Moment anruft. Informationen sind alles. F\u00fcr Angestellte oder die Gesch\u00e4ftsleitung. Dadurch wissen Sie genau was geht. W\u00e4hlen Sie mit einem simplen Click aus dem CRM oder Ihrer Business Software jede Rufnummer.<\/p>\n<p>Ist es nicht toll, wenn Sie von einer zentralen Oberfl\u00e4che heraus alle Anrufe realisieren, annehmen und bearbeiten oder aber den Status Ihrer Mitarbeiter in Erfahrung bringen, eingehende Chat-News beantworten und Videoanrufe initiieren k\u00f6nnten? Mit einem Webclient als Softphone sowie der Windows Desktop Applikation ist all das sowie noch viel mehr m\u00f6glich.<\/p>\n<h2>Microsoft 365 Einbeziehung<\/h2>\n<p>Verwendet Ihr Unternehmen MS 365? Dann verkn\u00fcpfen Sie dieses einfach mit der <strong>3CX<\/strong> <strong>Telefonanlage<\/strong> und verschmelzen Sie s\u00e4mtliche Vorz\u00fcge beider Systeme! User k\u00f6nnen \u00fcbergangslos mit beiden Apps arbeiten, Kontakte bearbeiten und Prozesse verschlanken, um die Effektivit\u00e4t zu erh\u00f6hen und Klienten zu inspirieren. <\/p>\n<h2>Kontakte mit Ihrem <strong>3CX<\/strong> Telefonbuch abgleichen<\/h2>\n<h2>MS Teams Telefonie-Verzahnung<\/h2>\n<ol>\n<li>Durchf\u00fchrung externer Telefonate mittels <strong>3CX<\/strong> SIP-Trunks<\/li>\n<\/li>\n<li>Eliminieren Microsoft\u00b4s teurer Inlands-\/internationaler Tarife<\/li>\n<\/li>\n<li>Selektion eines eigenen preisg\u00fcnstigen SIP-Anbieters Ihrer Region<\/li>\n<\/li>\n<\/ol>\n<h3>Unsere Techniker informieren, beschaffen Hardware wie auch Softwarel\u00f6sungen, installieren, konfigurieren, nehmen in Betrieb und Supporten Ihre brandneue <strong>3CX<\/strong> <strong>TK-Anlage<\/strong>. Sie haben Fragen, oder m\u00f6chten unsere aktuelle Preisliste anfordern? Sie erreichen uns unter Telefon 07164 909700 sowie per Mail unter support@kaelberer-online.de<\/h3>\n<h2>Konnten wir Sie neugierig machen?<\/h2>\n<p>Jede Menge weitere top Features warten auf Sie.<\/p>\n<ul>\n<li>Flexible eingehende\/ausgehende Vorgaben, DIDs &#038; Ring Groups<\/li>\n<li>4-stellige Kostenersparnis f\u00fcr Gespr\u00e4che mittels SIP-Trunk Ihrer Auswahl<\/li>\n<li>Anmeldung am Webclient \u2013 Details in der Willkommens-E-Mail<\/li>\n<li>M\u00fcheloses Erstellen und Verwalten von Nebenstellen \u2013 auch remote<\/li>\n<li>Unbegrenzte Menge von Usern kostenlos in <strong>3CX<\/strong> enthalten<\/li>\n<li>Wechsel zwischen Server &#038; Cloud \u2013 integriertes Backup &#038; Restore<\/li>\n<li>Zuteilung der Anrufer-ID zu dem Datensatz in Ihrem CRM<\/li>\n<li>Kostenfreie Office-Anrufe f\u00fcr remote &#038; reisende Arbeitnehmer<\/li>\n<li>Keine Lizenzierung pro Nebenstelle, unbegrenzt viele Nebenstellen<\/li>\n<li>Verzicht auf teure Mobilanrufe zwischen Besch\u00e4ftigten sowie Klienten<\/li>\n<li>Identifizierung von Anrufern mit Hilfe CRM-Integration<\/li>\n<li>Erstellung eines neuen Kundendatensatzes f\u00fcr neue Rufnummern<\/li>\n<li>Direkter Kontakt mittels Anrufe, Video sowie Instant Messaging<\/li>\n<li>Wechsel zwischen Sprach- wie auch Video-Telefonaten mit einem Fingertipp<\/li>\n<li>Kinderleichte Nutzerverwaltung spart etliche Arbeitsstunden<\/li>\n<li>Virtualisieren durch VMware, Hyper-V oder KVM<\/li>\n<li>Auf g\u00fcnstigem Raspberry Pi oder MiniPC als Telefonie-Appliance<\/li>\n<li>Laden Sie die Anwendung aus dem Google Play oder App Store runter<\/li>\n<li>Zufriedene Klienten und weniger Aufwand f\u00fcr Ihre Arbeitnehmer<\/li>\n<li>Benutzerdefinierte Call Flows automatisieren Anfragen &#038; Vorgehensweisen<\/li>\n<li>Lockdown-f\u00e4hig mit der kostenlosen App f\u00fcr Web, iOS &#038; Android<\/li>\n<li>W\u00e4hlen Sie im Men\u00fc oben das QR-Code-Symbol f\u00fcr dessen Scan<\/li>\n<\/ul>\n<h3>Bitte fordern Sie zus\u00e4tzliche Infos oder ein Produktangebot bei uns an. Gerne stellen wir Ihnen auch eine komplette Leistungs\u00fcbersicht zur Verf\u00fcgung.<\/h3>\n<p>[contact-form-7 id=&#8220;5&#8243; title=&#8220;Contact form 1&#8243;]<\/p>\n","protected":false},"excerpt":{"rendered":"<p>Kennen Sie die Vorgaben an Ihre neue 3CX TK-Anlage bereits? Die moderne 3CX TK-Anlage simplifiziert Ihre Firmenprozesse. Optimieren Sie Ihre Firma mit der neuen und flexiblen 3CX Telefonanlage. Eine 3CX TK-Anlage die ma\u00dfgeschneidert auf Ihre Vorgaben zugeschnitten ist und mit Ihrem Unternehmen gro\u00df werden kann. Eine neue Arbeitswelt die mobil unterwegs ist. Telefonieren Sie mit &hellip; <a href=\"https:\/\/www.kaelberer-online.de\/services\/telefonanlagen\/telefonanlage-isdn-3cx\/\" class=\"more-link\">Continue reading<span class=\"screen-reader-text\"> &#8222;TELEFONANLAGE ISDN 3CX Beratung Tel. 07164 90 97 00&#8220;<\/span><\/a><\/p>\n","protected":false},"author":2,"featured_media":124,"parent":26,"menu_order":0,"comment_status":"closed","ping_status":"closed","template":"","meta":{"footnotes":""},"class_list":["post-123","page","type-page","status-publish","has-post-thumbnail","hentry"],"_links":{"self":[{"href":"https:\/\/www.kaelberer-online.de\/services\/wp-json\/wp\/v2\/pages\/123","targetHints":{"allow":["GET"]}}],"collection":[{"href":"https:\/\/www.kaelberer-online.de\/services\/wp-json\/wp\/v2\/pages"}],"about":[{"href":"https:\/\/www.kaelberer-online.de\/services\/wp-json\/wp\/v2\/types\/page"}],"author":[{"embeddable":true,"href":"https:\/\/www.kaelberer-online.de\/services\/wp-json\/wp\/v2\/users\/2"}],"replies":[{"embeddable":true,"href":"https:\/\/www.kaelberer-online.de\/services\/wp-json\/wp\/v2\/comments?post=123"}],"version-history":[{"count":0,"href":"https:\/\/www.kaelberer-online.de\/services\/wp-json\/wp\/v2\/pages\/123\/revisions"}],"up":[{"embeddable":true,"href":"https:\/\/www.kaelberer-online.de\/services\/wp-json\/wp\/v2\/pages\/26"}],"wp:featuredmedia":[{"embeddable":true,"href":"https:\/\/www.kaelberer-online.de\/services\/wp-json\/wp\/v2\/media\/124"}],"wp:attachment":[{"href":"https:\/\/www.kaelberer-online.de\/services\/wp-json\/wp\/v2\/media?parent=123"}],"curies":[{"name":"wp","href":"https:\/\/api.w.org\/{rel}","templated":true}]}}