{"id":115,"date":"2021-11-29T09:31:07","date_gmt":"2021-11-29T09:31:07","guid":{"rendered":"https:\/\/kaelberer-online.de\/services\/?page_id=115"},"modified":"2021-11-29T09:31:07","modified_gmt":"2021-11-29T09:31:07","slug":"telefone-3cx","status":"publish","type":"page","link":"https:\/\/www.kaelberer-online.de\/services\/telefonanlagen\/telefone-3cx\/","title":{"rendered":"TELEFONE 3CX Angebot Tel. 07164 90 97 00"},"content":{"rendered":"<h2>\n<p>Kennen Sie die Anforderungen an Ihre neue <strong><strong>3CX<\/strong><\/strong> <strong><strong>TK-Anlage<\/strong><\/strong> schon?<\/p>\n<\/h2>\n<p><h3>Eine aktuelle <strong>3CX<\/strong> <strong>TK-Anlage<\/strong> simplifiziert Ihre Unternehmensprozesse. Optimieren Sie Ihre Firma mit einer neuen und flexiblen <strong>3CX<\/strong> Telefonanlage. Die <strong>3CX<\/strong> <strong>TK-Anlage<\/strong> die individuell auf Ihre Anforderungen abgestimmt ist und mit Ihrem Unternehmen gro\u00df werden kann.<\/h3>\n<\/p>\n<p>Eine neue Arbeitswelt die mobil unterwegs ist. Telefonieren Sie mit dem Mobiltelefon \u00fcber die <strong>3CX<\/strong> <strong>Telefonanlage<\/strong> mit Ihren Auftraggebern. Nat\u00fcrlich mit Ihrer Festnetz-Rufnummer als Absender-Kennung. Wahren Sie Ihre Privatsph\u00e4re und beweisen Sie Seriosit\u00e4t.<\/p>\n<p>Unsere <strong>3CX<\/strong> <strong>TK-Anlage<\/strong>n wurden auch f\u00fcr flexibles arbeiten entwickelt. Als zeitgem\u00e4\u00dfe Cloud <strong>3CX<\/strong> <strong>Telefonanlage<\/strong> oder auf der eigenen Hardware hausintern gehostet. Die Installation und die Verwaltung ist einfach. Sie erhalten damit eine sichere, verl\u00e4ssliche wie auch anpassbare <strong>3CX<\/strong> <strong>Telefonanlage<\/strong>.<\/p>\n<h2>Eine kosteneffektive, anpassungsf\u00e4hige L\u00f6sung<\/h2>\n<p>Ein tolles Preis- und Leistungsverh\u00e4ltnis. Richten Sie unbegrenzt viele Nebenstellen ein, stets exakt da wo Sie sie im Moment ben\u00f6tigen und sparen Sie Kosten.<\/p>\n<h2>Best\u00e4rken Sie Ihr Verkaufspersonal.<\/h2>\n<p>Bei Anrufeingang pr\u00e4zise wissen wer gerade anruft. Infos sind alles. F\u00fcr Angestellte oder die Direktion. Auf diese Weise wissen Sie pr\u00e4zise was geht. W\u00e4hlen Sie mit einem trivialen Mausklick aus dem CRM oder Ihrer Business Software jede Telefonnummer.<\/p>\n<p>W\u00e4re es nicht klasse, wenn Sie von einer zentralen Oberfl\u00e4che heraus s\u00e4mtliche Anrufe t\u00e4tigen, entgegen nehmen wie auch bearbeiten oder aber den Status Ihrer Mitarbeiter in Erfahrung bringen, eingehende Chat-Nachrichten beantworten und Videoanrufe initiieren k\u00f6nnten? Mit einem Webclient als Softphone wie auch der Windows Desktop App ist alles das wie auch noch viel mehr machbar.<\/p>\n<h2>MS 365 Einbindung<\/h2>\n<p>Nutzt Ihr Unternehmen MS 365? In diesem Fall verbinden Sie dieses bequem mit der <strong>3CX<\/strong> <strong>TK-Anlage<\/strong> und verschmelzen Sie alle Vorteile beider Systeme! Anwender k\u00f6nnen nahtlos mit beiden Apps arbeiten, Kontakte bearbeiten und Verfahren verschlanken, um die Effektivit\u00e4t zu steigern und Auftraggeber zu begeistern. <\/p>\n<h2>Kontakte mit Ihrem <strong>3CX<\/strong> Telefonbuch abgleichen<\/h2>\n<h2>MS Teams Telefonie-Integration<\/h2>\n<ol>\n<li>Selektion eines speziellen g\u00fcnstigen SIP-Anbieters Ihrer Region<\/li>\n<\/li>\n<li>Realisierung externer Telefongespr\u00e4che mittels <strong>3CX<\/strong> SIP-Trunks<\/li>\n<\/li>\n<\/ol>\n<h3>Unsere Techniker unterst\u00fctzen, organisieren Hardware und Softwareanwendungen, richten ein, konfigurieren, nehmen in Betrieb und Supporten Ihre brandneue <strong>3CX<\/strong> <strong>TK-Anlage<\/strong>. Sie haben Fragen, oder wollen die derzeitige Liste der Preise anfordern? Sie erreichen uns unter Telefon 07164 909700 sowie per E-Mail-Nachricht unter support@kaelberer-online.de<\/h3>\n<h2>Konnten wir Ihr Interesse wecken?<\/h2>\n<p>Unz\u00e4hlige weitere tolle Features warten auf Sie.<\/p>\n<ul>\n<li>\u00c4ndern des pers\u00f6nlichen Status und Ansicht der Verf\u00fcgbarkeit des Teams<\/li>\n<li>Telefonrechnung um bis zu 80 % verringern mittels Wechsel zu <strong>3CX<\/strong><\/li>\n<li>Keine Lizenzierung je Nebenstelle, grenzenlos viele Nebenstellen<\/li>\n<li>Zufriedene Kunden wie auch weniger Aufwand f\u00fcr Ihre Besch\u00e4ftigten<\/li>\n<li>Laden Sie die App aus dem Google Play oder App Store runter<\/li>\n<li>Perfekte Verbindung f\u00fcr nahtlosen Wechsel zwischen Netzwerken<\/li>\n<li>Bereitstellung per Google Marketplace, Amazon oder Azure<\/li>\n<li>Verwaltung, Sicherheits-Patches &#038; Version-Upgrades durch <strong>3CX<\/strong><\/li>\n<li>Lockdown-f\u00e4hig mit der kostenlosen Anwendung f\u00fcr Web, iOS &#038; Android<\/li>\n<li>Bequemes Weiterreichen von Kunden an die korrekte Abteilung<\/li>\n<li>Verbesserte Erreichbarkeit f\u00fcr VIP-Kunden au\u00dferhalb der B\u00fcrozeiten<\/li>\n<li>Verwaltung von System &#038; Nutzern von beliebigem Standort<\/li>\n<li>Vollautomatische Anrufaufzeichnung eliminiert manuelle Eintr\u00e4ge<\/li>\n<li>Zusammenf\u00fchrung von Onlinepr\u00e4senz-Livechat, Facebook-Messaging wie auch Kurznachrichten<\/li>\n<li>Keinerlei Schulung vonn\u00f6ten \u2013 schnell einsteigen<\/li>\n<li>Einfaches Weitersenden von Anrufen und Chatten mit Kollegen<\/li>\n<\/ul>\n<h3>Fordern Sie erg\u00e4nzende Infos und ein Produktangebot bei unserer Firma an. Gerne stellen wir Ihnen auch eine komplette Featureliste zur Verf\u00fcgung.<\/h3>\n<p>[contact-form-7 id=&#8220;5&#8243; title=&#8220;Contact form 1&#8243;]<\/p>\n","protected":false},"excerpt":{"rendered":"<p>Kennen Sie die Anforderungen an Ihre neue 3CX TK-Anlage schon? Eine aktuelle 3CX TK-Anlage simplifiziert Ihre Unternehmensprozesse. Optimieren Sie Ihre Firma mit einer neuen und flexiblen 3CX Telefonanlage. Die 3CX TK-Anlage die individuell auf Ihre Anforderungen abgestimmt ist und mit Ihrem Unternehmen gro\u00df werden kann. Eine neue Arbeitswelt die mobil unterwegs ist. Telefonieren Sie mit &hellip; <a href=\"https:\/\/www.kaelberer-online.de\/services\/telefonanlagen\/telefone-3cx\/\" class=\"more-link\">Continue reading<span class=\"screen-reader-text\"> &#8222;TELEFONE 3CX Angebot Tel. 07164 90 97 00&#8220;<\/span><\/a><\/p>\n","protected":false},"author":2,"featured_media":116,"parent":26,"menu_order":0,"comment_status":"closed","ping_status":"closed","template":"","meta":{"footnotes":""},"class_list":["post-115","page","type-page","status-publish","has-post-thumbnail","hentry"],"_links":{"self":[{"href":"https:\/\/www.kaelberer-online.de\/services\/wp-json\/wp\/v2\/pages\/115","targetHints":{"allow":["GET"]}}],"collection":[{"href":"https:\/\/www.kaelberer-online.de\/services\/wp-json\/wp\/v2\/pages"}],"about":[{"href":"https:\/\/www.kaelberer-online.de\/services\/wp-json\/wp\/v2\/types\/page"}],"author":[{"embeddable":true,"href":"https:\/\/www.kaelberer-online.de\/services\/wp-json\/wp\/v2\/users\/2"}],"replies":[{"embeddable":true,"href":"https:\/\/www.kaelberer-online.de\/services\/wp-json\/wp\/v2\/comments?post=115"}],"version-history":[{"count":0,"href":"https:\/\/www.kaelberer-online.de\/services\/wp-json\/wp\/v2\/pages\/115\/revisions"}],"up":[{"embeddable":true,"href":"https:\/\/www.kaelberer-online.de\/services\/wp-json\/wp\/v2\/pages\/26"}],"wp:featuredmedia":[{"embeddable":true,"href":"https:\/\/www.kaelberer-online.de\/services\/wp-json\/wp\/v2\/media\/116"}],"wp:attachment":[{"href":"https:\/\/www.kaelberer-online.de\/services\/wp-json\/wp\/v2\/media?parent=115"}],"curies":[{"name":"wp","href":"https:\/\/api.w.org\/{rel}","templated":true}]}}