{"id":113,"date":"2021-10-27T20:20:51","date_gmt":"2021-10-27T20:20:51","guid":{"rendered":"https:\/\/kaelberer-online.de\/services\/?page_id=113"},"modified":"2021-10-27T20:20:51","modified_gmt":"2021-10-27T20:20:51","slug":"buero-telefonanlage-3cx","status":"publish","type":"page","link":"https:\/\/www.kaelberer-online.de\/services\/telefonanlagen\/buero-telefonanlage-3cx\/","title":{"rendered":"B\u00dcRO TELEFONANLAGE 3CX Preise Telefon 07164 90 97 00"},"content":{"rendered":"<h2>\n<p>Wissen Sie die Vorgaben an Ihre neue <strong><strong>3CX<\/strong><\/strong> <strong><strong>Telefonanlage<\/strong><\/strong> bereits?<\/p>\n<\/h2>\n<p><h3>Die moderne <strong>3CX<\/strong> <strong>Telefonanlage<\/strong> erleichtert Ihre Unternehmensprozesse. Optimieren Sie Ihr Unternehmen mit einer brandneuen und flexiblen <strong>3CX<\/strong> Telefonanlage. Die <strong>3CX<\/strong> <strong>TK-Anlage<\/strong> die individuell auf Ihre Anspr\u00fcche angepasst ist und mit dem Unternehmen wachsen kann.<\/h3>\n<\/p>\n<p>Die neue Arbeitswelt die mobil unterwegs ist. Telefonieren Sie mit Ihrem Handy \u00fcber die <strong>3CX<\/strong> <strong>Telefonanlage<\/strong> mit Ihren Kunden. Nat\u00fcrlich mit Ihrer Festnetz-Telefonnummer als Absender-Kennung. bewahren Sie die Privatsph\u00e4re und beweisen Sie Professionalit\u00e4t.<\/p>\n<p>die <strong>3CX<\/strong> <strong>TK-Anlage<\/strong>n wurden f\u00fcr mobiles arbeiten entworfen. Als aktuelle Cloud <strong>3CX<\/strong> <strong>TK-Anlage<\/strong> oder auf Ihrer privaten Hardware hausintern gehostet. Eine Installation und die Verwaltung ist einfach. Sie bekommen damit eine sichere, verl\u00e4ssliche und anpassungsf\u00e4hige <strong>3CX<\/strong> <strong>Telefonanlage<\/strong>.<\/p>\n<h2>Eine g\u00fcnstige, hochflexible L\u00f6sung<\/h2>\n<p>Ein hervorragendes Preis- und Leistungsverh\u00e4ltnis. Richten Sie unendlich viele Nebenstellen ein, immer exakt da wo Sie sie im Moment ben\u00f6tigen und sparen Sie Kosten.<\/p>\n<h2>Identifizieren Sie die Anrufer!<\/h2>\n<p>Bei Anrufeingang genau wissen wer gerade anruft. Infos sind alles. F\u00fcr Angestellte oder die Leitung. Dadurch wissen Sie exakt was l\u00e4uft. W\u00e4hlen Sie mit einem simplen Click aus Ihrem CRM oder Ihrer Business Software jede Rufnummer.<\/p>\n<p>Ist es nicht toll, wenn Sie von einer zentralen Oberfl\u00e4che heraus jegliche Anrufe realisieren, entgegennehmen sowie bearbeiten oder aber den Status Ihrer Mitarbeiter in Erfahrung bringen, eingehende Chat-News beantworten und Videoanrufe f\u00fchren k\u00f6nnten? Mit einem Webclient als Softphone und der Windows Desktop Applikation ist all das wie auch noch reichlich mehr machbar.<\/p>\n<h2>MS 365 Einbeziehung<\/h2>\n<p>Benutzt Ihre Firma MS 365? In diesem Fall verkn\u00fcpfen Sie dieses direkt mit der <strong>3CX<\/strong> <strong>Telefonanlage<\/strong> und verschmelzen Sie jegliche Vorz\u00fcge beider Systeme! Benutzer k\u00f6nnen \u00fcbergangslos \u00fcber beide Applikationen arbeiten, Kontakte bearbeiten und Vorgehensweisen verschlanken, um die Effizienz zu steigern und Klienten zu begeistern. <\/p>\n<h2>Kontakte mit Ihrem <strong>3CX<\/strong> Teilnehmerverzeichnis abgleichen<\/h2>\n<h2>Microsoft Teams Telefonie-Integration<\/h2>\n<ol>\n<li>Eliminieren Microsoft\u00b4s kostspieliger Inlands-\/globaler Tarife<\/li>\n<\/li>\n<li>Durchf\u00fchrung externer Telefongespr\u00e4che \u00fcber <strong>3CX<\/strong> SIP-Trunks<\/li>\n<\/li>\n<li>Selektion eines individuellen g\u00fcnstigen SIP-Dienstleisters Ihrer Gegend<\/li>\n<\/li>\n<\/ol>\n<h3>Unsere Techniker beraten, organisieren Hardware sowie Softwareanwendungen, richten ein, konfigurieren, nehmen in Betrieb und Supporten Ihre neue <strong>3CX<\/strong> <strong>TK-Anlage<\/strong>. Sie haben Fragen, oder wollen die derzeitige Liste der Preise anfordern? Sie erreichen uns unter Telefon 07164 909700 und per Mail unter support@kaelberer-online.de<\/h3>\n<h2>Haben wir Sie neugierig gemacht?<\/h2>\n<p>Jede Menge weitere interessante Funktionen warten auf Sie.<\/p>\n<ul>\n<li>Telefonrechnung um bis zu 80 % verringern mittels Wechsel zu <strong>3CX<\/strong><\/li>\n<li>Beantwortung von Anfragen per Livechat, Facebook &#038; SMS via Apps<\/li>\n<li>Plug &#038; Play mit IP-Telefonen, Gateways &#038; SIP-Trunks<\/li>\n<li>PBX Express startet Ihre <strong>3CX<\/strong>-Instanz in wenigen Minuten<\/li>\n<li>Jederzeit zwischen <strong>3CX<\/strong>-Hosting, on-Premise &#038; Ihrer Cloud wechseln<\/li>\n<li>Tageszeit-basierte Anrufweiterleitung und Telefonumfragen<\/li>\n<li>Laden Sie die Applikation aus dem Google Play oder App Store runter<\/li>\n<li>Kontrolle \u00fcber Ihre Leitungen und Gespr\u00e4chskosten<\/li>\n<li>Keinerlei Schulung erforderlich \u2013 direkt einsteigen<\/li>\n<li>Zurverf\u00fcgungstellung Ihrer Entit\u00e4t bei einem Top-Cloud-Anbieter<\/li>\n<li>Verbinden von remote Firmenb\u00fcros und interne Anrufkosten beseitigen<\/li>\n<li>Einfaches Weiterreichen von Kunden an die korrekte Abteilung<\/li>\n<li>4-stellige Kostenersparnis f\u00fcr Gespr\u00e4che per SIP-Trunk Ihrer Auswahl<\/li>\n<li>Intelligente Nutzerverwaltung spart unz\u00e4hlige Stunden Arbeit<\/li>\n<li>Verzicht auf kostspielige Mobilanrufe zwischen Besch\u00e4ftigten wie auch Kunden<\/li>\n<\/ul>\n<h3>Fordern Sie weitere Infos sowie ein Angebot bei uns an. Gerne stellen wir Ihnen auch eine komplette Leistungs\u00fcbersicht zur Verf\u00fcgung.<\/h3>\n<p>[contact-form-7 id=&#8220;5&#8243; title=&#8220;Contact form 1&#8243;]<\/p>\n","protected":false},"excerpt":{"rendered":"<p>Wissen Sie die Vorgaben an Ihre neue 3CX Telefonanlage bereits? Die moderne 3CX Telefonanlage erleichtert Ihre Unternehmensprozesse. Optimieren Sie Ihr Unternehmen mit einer brandneuen und flexiblen 3CX Telefonanlage. Die 3CX TK-Anlage die individuell auf Ihre Anspr\u00fcche angepasst ist und mit dem Unternehmen wachsen kann. Die neue Arbeitswelt die mobil unterwegs ist. Telefonieren Sie mit Ihrem &hellip; <a href=\"https:\/\/www.kaelberer-online.de\/services\/telefonanlagen\/buero-telefonanlage-3cx\/\" class=\"more-link\">Continue reading<span class=\"screen-reader-text\"> &#8222;B\u00dcRO TELEFONANLAGE 3CX Preise Telefon 07164 90 97 00&#8220;<\/span><\/a><\/p>\n","protected":false},"author":2,"featured_media":114,"parent":26,"menu_order":0,"comment_status":"closed","ping_status":"closed","template":"","meta":{"footnotes":""},"class_list":["post-113","page","type-page","status-publish","has-post-thumbnail","hentry"],"_links":{"self":[{"href":"https:\/\/www.kaelberer-online.de\/services\/wp-json\/wp\/v2\/pages\/113","targetHints":{"allow":["GET"]}}],"collection":[{"href":"https:\/\/www.kaelberer-online.de\/services\/wp-json\/wp\/v2\/pages"}],"about":[{"href":"https:\/\/www.kaelberer-online.de\/services\/wp-json\/wp\/v2\/types\/page"}],"author":[{"embeddable":true,"href":"https:\/\/www.kaelberer-online.de\/services\/wp-json\/wp\/v2\/users\/2"}],"replies":[{"embeddable":true,"href":"https:\/\/www.kaelberer-online.de\/services\/wp-json\/wp\/v2\/comments?post=113"}],"version-history":[{"count":0,"href":"https:\/\/www.kaelberer-online.de\/services\/wp-json\/wp\/v2\/pages\/113\/revisions"}],"up":[{"embeddable":true,"href":"https:\/\/www.kaelberer-online.de\/services\/wp-json\/wp\/v2\/pages\/26"}],"wp:featuredmedia":[{"embeddable":true,"href":"https:\/\/www.kaelberer-online.de\/services\/wp-json\/wp\/v2\/media\/114"}],"wp:attachment":[{"href":"https:\/\/www.kaelberer-online.de\/services\/wp-json\/wp\/v2\/media?parent=113"}],"curies":[{"name":"wp","href":"https:\/\/api.w.org\/{rel}","templated":true}]}}