{"id":107,"date":"2021-10-18T01:43:47","date_gmt":"2021-10-18T01:43:47","guid":{"rendered":"https:\/\/kaelberer-online.de\/services\/?page_id=107"},"modified":"2021-10-18T01:43:47","modified_gmt":"2021-10-18T01:43:47","slug":"digitale-telefonanlage-3cx","status":"publish","type":"page","link":"https:\/\/www.kaelberer-online.de\/services\/telefonanlagen\/digitale-telefonanlage-3cx\/","title":{"rendered":"DIGITALE TELEFONANLAGE 3CX Service Tel. 07164 90 97 00"},"content":{"rendered":"<h2>\n<p>Kennen Sie die Anspr\u00fcche an Ihre neue <strong><strong>3CX<\/strong><\/strong> <strong><strong>Telefonanlage<\/strong><\/strong> schon?<\/p>\n<\/h2>\n<p><h3>Eine moderne <strong>3CX<\/strong> <strong>TK-Anlage<\/strong> vereinfacht die Unternehmensprozesse. Optimieren Sie Ihr Unternehmen mit einer aktuellen und flexiblen <strong>3CX<\/strong> <strong>TK-Anlage<\/strong>. Die <strong>3CX<\/strong> <strong>TK-Anlage<\/strong> die ma\u00dfgeschneidert auf Ihre Erwartungen zugeschnitten ist und mit dem Unternehmen wachsen kann.<\/h3>\n<\/p>\n<p>Eine neue Arbeitswelt ist mobil unterwegs. Telefonieren Sie mit Ihrem Mobiltelefon \u00fcber die <strong>3CX<\/strong> <strong>TK-Anlage<\/strong> mit Ihren Klienten. Selbstverst\u00e4ndlich mit Ihrer Festnetz-Rufnummer als Absenderkennung. bewahren Sie Ihre Privatsph\u00e4re und zeigen Sie Professionalit\u00e4t.<\/p>\n<p>Unsere <strong>3CX<\/strong> <strong>TK-Anlage<\/strong>n wurden f\u00fcr flexibles arbeiten konzipiert. Als zeitgem\u00e4\u00dfe Cloud <strong>3CX<\/strong> <strong>TK-Anlage<\/strong> oder auf der eigenen Hardware hausintern gehostet. Eine Installation und die Verwaltung ist einfach. Sie bekommen damit eine sichere, zuverl\u00e4ssige wie auch anpassungsf\u00e4hige <strong>3CX<\/strong> <strong>Telefonanlage<\/strong>.<\/p>\n<h2>Die kosteneffektive, anpassbare L\u00f6sung<\/h2>\n<p>Ein einmaliges Preis- und Leistungsverh\u00e4ltnis. Richten Sie grenzenlos viele Nebenstellen ein, immer genau da wo Sie sie im Moment ben\u00f6tigen und sparen Sie Kosten.<\/p>\n<h2>Ermitteln Sie Ihre Anrufenden!<\/h2>\n<p>Bei Eingang eines Anrufs exakt wissen wer im Moment anruft. Informationen sind alles. F\u00fcr Angestellte und die Leitung. Auf diese Weise wissen Sie exakt was geht. W\u00e4hlen Sie mit einem bequemen Click aus Ihrem CRM oder Ihrer Firmensoftware jede Telefonnummer.<\/p>\n<p>Ist es nicht toll, wenn Sie von einer zentralen Oberfl\u00e4che heraus jegliche Anrufe t\u00e4tigen, annehmen und bearbeiten oder aber den Status Ihrer Kollegen abfragen, eingehende Chat-News beantworten und Videoanrufe f\u00fchren k\u00f6nnten? Mit einem Webclient als Softphone sowie der Windows Desktop Applikation ist all das wie auch noch jede Menge mehr m\u00f6glich.<\/p>\n<h2>MS 365 Einbindung<\/h2>\n<p>Verwendet Ihre Firma MS 365? In diesem Fall verbinden Sie dieses m\u00fchelos mit der <strong>3CX<\/strong> <strong>TK-Anlage<\/strong> und kombinieren Sie s\u00e4mtliche Vorteile beider Systeme! Anwender k\u00f6nnen \u00fcbergangslos \u00fcber beide Apps arbeiten, Kontakte organisieren und Verfahren schlanker machen, um die Effizienz zu erh\u00f6hen und Kunden zu begeistern. <\/p>\n<h2>Kontakte mit Ihrem <strong>3CX<\/strong> Telefonbuch synchronisieren<\/h2>\n<ol>\n<li>Aktualisierung gemeinsamer Mailbox-Kontakte mit dem <strong>3CX<\/strong>-Teilnehmerverzeichnis<\/li>\n<li>Anruf synchronisierter Kontakte per Webclient oder mobilen Apps<\/li>\n<li>Vollautomatische Synchronisation Ihrer eigenen Kontakte<\/li>\n<\/ol>\n<h2>Microsoft Teams Telefonie-Integration<\/h2>\n<ol>\n<li>Durchf\u00fchrung externer Telefongespr\u00e4che mittels <strong>3CX<\/strong> SIP-Trunks<\/li>\n<\/li>\n<li>Ausschalten Microsoft\u00b4s teurer Inlands-\/globaler Tarife<\/li>\n<\/li>\n<\/ol>\n<h3>Unsere Mitarbeiter unterst\u00fctzen, beschaffen Hardware wie auch Softwareanwendungen, installieren, konfigurieren, nehmen in Betrieb und Supporten Ihre neue <strong>3CX<\/strong> <strong>TK-Anlage<\/strong>. Sie haben Fragen, oder m\u00f6chten die derzeitige Preisliste anfordern? Sie erreichen uns unter Telefon 07164 909700 und per Mail unter support@kaelberer-online.de<\/h3>\n<h2>Konnten wir Sie neugierig machen?<\/h2>\n<p>Jede Menge zus\u00e4tzliche top Funktionen warten auf Sie.<\/p>\n<ul>\n<li>Keine Lizenzierung pro Nebenstelle, unbegrenzt viele Nebenstellen<\/li>\n<li>Anruf-Protokolle im Kundendatensatz f\u00fcr transparente Anrufhistorie<\/li>\n<li>Vollautomatische Einstellung von Firewall-Regeln<\/li>\n<li>Telefonrechnung um bis zu 80 % verringern mittels Wechsel zu <strong>3CX<\/strong><\/li>\n<li>Verzicht auf kostspielige Mobilanrufe zwischen Mitarbeitern sowie Klienten<\/li>\n<li>Simple Benutzerverwaltung spart unz\u00e4hlige Stunden Arbeit<\/li>\n<li>Administration von System &#038; Benutzern von beliebigem Standort<\/li>\n<li>Kontrolle \u00fcber die Telefonleitungen und Telefongespr\u00e4chskosten<\/li>\n<li>Virtualisieren mit VMware, Hyper-V oder KVM<\/li>\n<li>Webkonferenzen, mobile Applikationen, Chat inklusive<\/li>\n<li>Erstellung eines neuen Kundendatensatzes f\u00fcr neue Rufnummern<\/li>\n<li>Verbinden von remote Firmenb\u00fcros und interne Anrufkosten eliminieren<\/li>\n<li>Zuordnung der Anrufer-ID zu dem Datensatz in Ihrem CRM<\/li>\n<li>Anrufweiterleitung basierend auf Kundennummer oder Anfrage<\/li>\n<li>Vielseitige hereinkommende\/hinausgehende Vorgaben, DIDs &#038; Ring Groups<\/li>\n<li>Vollautomatische Anrufaufzeichnung eliminiert manuelle Eintragungen<\/li>\n<li>Zeitgewinnung durch automatische Anzeige von Kundendaten<\/li>\n<li>Integrierte browserbasierte Videokonferenzen<\/li>\n<li>Ab\u00e4ndern des pers\u00f6nlichen Status und Ansicht der Verf\u00fcgbarkeit des Teams<\/li>\n<li>Laden Sie die Applikation aus dem Google Play oder App Store herunter<\/li>\n<\/ul>\n<h3>Fragen Sie mehr Infos sowie ein Produktangebot bei unserer Firma an. Selbstverst\u00e4ndlich stellen wir Ihnen auch eine vollst\u00e4ndige Leistungs\u00fcbersicht zur Verf\u00fcgung.<\/h3>\n<p>[contact-form-7 id=&#8220;5&#8243; title=&#8220;Contact form 1&#8243;]<\/p>\n","protected":false},"excerpt":{"rendered":"<p>Kennen Sie die Anspr\u00fcche an Ihre neue 3CX Telefonanlage schon? Eine moderne 3CX TK-Anlage vereinfacht die Unternehmensprozesse. Optimieren Sie Ihr Unternehmen mit einer aktuellen und flexiblen 3CX TK-Anlage. Die 3CX TK-Anlage die ma\u00dfgeschneidert auf Ihre Erwartungen zugeschnitten ist und mit dem Unternehmen wachsen kann. Eine neue Arbeitswelt ist mobil unterwegs. Telefonieren Sie mit Ihrem Mobiltelefon &hellip; <a href=\"https:\/\/www.kaelberer-online.de\/services\/telefonanlagen\/digitale-telefonanlage-3cx\/\" class=\"more-link\">Continue reading<span class=\"screen-reader-text\"> &#8222;DIGITALE TELEFONANLAGE 3CX Service Tel. 07164 90 97 00&#8220;<\/span><\/a><\/p>\n","protected":false},"author":2,"featured_media":108,"parent":26,"menu_order":0,"comment_status":"closed","ping_status":"closed","template":"","meta":{"footnotes":""},"class_list":["post-107","page","type-page","status-publish","has-post-thumbnail","hentry"],"_links":{"self":[{"href":"https:\/\/www.kaelberer-online.de\/services\/wp-json\/wp\/v2\/pages\/107","targetHints":{"allow":["GET"]}}],"collection":[{"href":"https:\/\/www.kaelberer-online.de\/services\/wp-json\/wp\/v2\/pages"}],"about":[{"href":"https:\/\/www.kaelberer-online.de\/services\/wp-json\/wp\/v2\/types\/page"}],"author":[{"embeddable":true,"href":"https:\/\/www.kaelberer-online.de\/services\/wp-json\/wp\/v2\/users\/2"}],"replies":[{"embeddable":true,"href":"https:\/\/www.kaelberer-online.de\/services\/wp-json\/wp\/v2\/comments?post=107"}],"version-history":[{"count":0,"href":"https:\/\/www.kaelberer-online.de\/services\/wp-json\/wp\/v2\/pages\/107\/revisions"}],"up":[{"embeddable":true,"href":"https:\/\/www.kaelberer-online.de\/services\/wp-json\/wp\/v2\/pages\/26"}],"wp:featuredmedia":[{"embeddable":true,"href":"https:\/\/www.kaelberer-online.de\/services\/wp-json\/wp\/v2\/media\/108"}],"wp:attachment":[{"href":"https:\/\/www.kaelberer-online.de\/services\/wp-json\/wp\/v2\/media?parent=107"}],"curies":[{"name":"wp","href":"https:\/\/api.w.org\/{rel}","templated":true}]}}