{"id":105,"date":"2021-10-13T21:23:48","date_gmt":"2021-10-13T21:23:48","guid":{"rendered":"https:\/\/kaelberer-online.de\/services\/?page_id=105"},"modified":"2021-10-13T21:23:48","modified_gmt":"2021-10-13T21:23:48","slug":"cloud-telefonie-anbieter-3cx","status":"publish","type":"page","link":"https:\/\/www.kaelberer-online.de\/services\/telefonanlagen\/cloud-telefonie-anbieter-3cx\/","title":{"rendered":"CLOUD TELEFONIE ANBIETER 3CX Installation Tel. 07164 90 97 00"},"content":{"rendered":"<h2>\n<p>Kennen Sie die Anspr\u00fcche an Ihre neue <strong><strong>3CX<\/strong><\/strong> <strong><strong>TK-Anlage<\/strong><\/strong> bereits?<\/p>\n<\/h2>\n<p><h3>Die aktuelle <strong>3CX<\/strong> <strong>Telefonanlage<\/strong> erleichtert Ihre Firmenprozesse. Optimieren Sie Ihr Unternehmen mit der brandneuen und flexiblen <strong>3CX<\/strong> Telefonanlage. Eine <strong>3CX<\/strong> <strong>Telefonanlage<\/strong> die individuell auf Ihre Anspr\u00fcche angepasst ist und mit Ihrem Unternehmen gro\u00df werden kann.<\/h3>\n<\/p>\n<p>Eine neue Arbeitswelt ist mobil unterwegs. Telefonieren Sie mit Ihrem Mobiltelefon \u00fcber die <strong>3CX<\/strong> <strong>TK-Anlage<\/strong> mit Ihren Kunden. Selbstverst\u00e4ndlich \u00fcber Ihre Festnetz-Telefonnummer als Absenderkennung. bewahren Sie Ihre Privatsph\u00e4re und zeigen Sie Professionalit\u00e4t.<\/p>\n<p>Unsere <strong>3CX<\/strong> <strong>Telefonanlage<\/strong>n wurden auch f\u00fcr flexibles arbeiten konzipiert. Als zeitgem\u00e4\u00dfe Cloud <strong>3CX<\/strong> <strong>TK-Anlage<\/strong> oder auf der pers\u00f6nlichen Hardware hausintern gehostet. Eine Installation und die Verwaltung ist unkompliziert. Sie bekommen dadurch eine sichere, verl\u00e4ssliche sowie flexible <strong>3CX<\/strong> TK-Anlage.<\/p>\n<h2>G\u00fcnstige Preise f\u00fcr Ihre brandneue 3CX <strong>TK-Anlage<\/strong><\/h2>\n<p>Ein hervorragendes Preis- und Leistungsverh\u00e4ltnis. Richten Sie grenzenlos viele Nebenstellen ein, immer exakt da wo Sie sie gerade brauchen und sparen Sie Kosten.<\/p>\n<h2>St\u00fctzen Sie Ihr Personal.<\/h2>\n<p>Bei Eingang eines Telefonanrufs exakt wissen wer gerade anruft. Informationen sind alles. F\u00fcr Angestellte und die Gesch\u00e4ftsf\u00fchrung. Dadurch wissen Sie genau was l\u00e4uft. W\u00e4hlen Sie mit einem simplen Mausklick aus dem CRM oder Ihrer Firmensoftware jede Telefonnummer.<\/p>\n<p>W\u00e4re es nicht prima, wenn Sie von einer zentralen Oberfl\u00e4che heraus jegliche Anrufe realisieren, annehmen wie auch bearbeiten oder aber den Status Ihrer Arbeitskollegen abfragen, eingehende Livechat-Nachrichten beantworten und Videoanrufe f\u00fchren k\u00f6nnten? Mit einem Webclient als Softphone und der Windows Desktop Applikation wird all das und noch reichlich mehr m\u00f6glich.<\/p>\n<h2>MS 365 Einbindung<\/h2>\n<p>Benutzt Ihre Firma Microsoft 365? In diesem Fall verkn\u00fcpfen Sie dieses bequem mit der <strong>3CX<\/strong> <strong>Telefonanlage<\/strong> und kombinieren Sie s\u00e4mtliche Vorteile beider Systeme! User k\u00f6nnen nahtlos \u00fcber beide Apps arbeiten, Kontakte organisieren und Verfahren verschlanken, um ihre Effektivit\u00e4t zu erh\u00f6hen und Klienten zu begeistern. <\/p>\n<h2>Kontakte mit Ihrem <strong>3CX<\/strong> Telefonbuch synchronisieren<\/h2>\n<h2>MS Teams Telefonie-Verzahnung<\/h2>\n<ol>\n<li>Auswahl eines speziellen g\u00fcnstigen SIP-Providers Ihrer Region<\/li>\n<\/li>\n<li>Realisierung externer Telefonate via <strong>3CX<\/strong> SIP-Trunks<\/li>\n<\/li>\n<li>Eliminieren Microsoft\u00b4s teurer Inlands-\/globaler Tarife<\/li>\n<\/li>\n<\/ol>\n<h3>Wir unterst\u00fctzen, organisieren Hardware und Softwareanwendungen, installieren, konfigurieren, nehmen in Betrieb und Supporten Ihre brandneue <strong>3CX<\/strong> <strong>TK-Anlage<\/strong>. Sie haben Fragen, oder m\u00f6chten unsere aktuelle Liste der Preise anfordern? Sie erreichen uns unter Telefon 07164 909700 sowie per E-Mail-Nachricht unter support@kaelberer-online.de<\/h3>\n<h2>Konnten wir Sie neugierig machen?<\/h2>\n<p>Unz\u00e4hlige weitere interessante Features warten auf Sie.<\/p>\n<ul>\n<li>Einleiten eines Videoanrufs von Ihrem Handy aus<\/li>\n<li>Kostenfreie Office-Anrufe f\u00fcr remote &#038; reisende Angestellte<\/li>\n<li>Abgesicherte Verbindungen gew\u00e4hrleisten Privatsph\u00e4re wie auch Schutz<\/li>\n<li>In Augenblicken Nutzer updaten\/hinzuf\u00fcgen wie auch Mailboxen realisieren<\/li>\n<li>Auf g\u00fcnstigem Raspberry Pi oder MiniPC als Telefonie-Appliance<\/li>\n<li>Wechsel zwischen Sprach- wie auch Video-Anrufe mit einem Fingertipp<\/li>\n<li>Keine Lizenzierung je Nebenstelle, grenzenlos viele Nebenstellen<\/li>\n<li>Abfrage von Klienten- oder Fallnummern, um Agenten Zeit zu sparen<\/li>\n<li>Kontrolle \u00fcber Ihre Leitungen und Telefongespr\u00e4chskosten<\/li>\n<li>Anmeldung am Webclient \u2013 Details in der Willkommens-E-Mail<\/li>\n<li>Update des eigenen Status &#038; Einsicht der Team-Verf\u00fcgbarkeit<\/li>\n<li>Anrufe mit einem einzigen Mausklick geradewegs aus CRM heraus f\u00fchren<\/li>\n<li>Anruf-Protokolle im Kundendatensatz f\u00fcr transparente Anrufhistorie<\/li>\n<li>Eingebundene browserbasierte Videokonferenzen<\/li>\n<li>Fernkonfiguration \u00fcber QR-Code an Stelle umst\u00e4ndliche Einrichtung<\/li>\n<\/ul>\n<h3>Fordern Sie zus\u00e4tzliche Informationen sowie ein Produktangebot bei uns an. Selbstverst\u00e4ndlich stellen wir Ihnen auch eine komplette Leistungs\u00fcbersicht zur Verf\u00fcgung.<\/h3>\n<p>[contact-form-7 id=&#8220;5&#8243; title=&#8220;Contact form 1&#8243;]<\/p>\n","protected":false},"excerpt":{"rendered":"<p>Kennen Sie die Anspr\u00fcche an Ihre neue 3CX TK-Anlage bereits? Die aktuelle 3CX Telefonanlage erleichtert Ihre Firmenprozesse. Optimieren Sie Ihr Unternehmen mit der brandneuen und flexiblen 3CX Telefonanlage. Eine 3CX Telefonanlage die individuell auf Ihre Anspr\u00fcche angepasst ist und mit Ihrem Unternehmen gro\u00df werden kann. Eine neue Arbeitswelt ist mobil unterwegs. Telefonieren Sie mit Ihrem &hellip; <a href=\"https:\/\/www.kaelberer-online.de\/services\/telefonanlagen\/cloud-telefonie-anbieter-3cx\/\" class=\"more-link\">Continue reading<span class=\"screen-reader-text\"> &#8222;CLOUD TELEFONIE ANBIETER 3CX Installation Tel. 07164 90 97 00&#8220;<\/span><\/a><\/p>\n","protected":false},"author":2,"featured_media":106,"parent":26,"menu_order":0,"comment_status":"closed","ping_status":"closed","template":"","meta":{"footnotes":""},"class_list":["post-105","page","type-page","status-publish","has-post-thumbnail","hentry"],"_links":{"self":[{"href":"https:\/\/www.kaelberer-online.de\/services\/wp-json\/wp\/v2\/pages\/105","targetHints":{"allow":["GET"]}}],"collection":[{"href":"https:\/\/www.kaelberer-online.de\/services\/wp-json\/wp\/v2\/pages"}],"about":[{"href":"https:\/\/www.kaelberer-online.de\/services\/wp-json\/wp\/v2\/types\/page"}],"author":[{"embeddable":true,"href":"https:\/\/www.kaelberer-online.de\/services\/wp-json\/wp\/v2\/users\/2"}],"replies":[{"embeddable":true,"href":"https:\/\/www.kaelberer-online.de\/services\/wp-json\/wp\/v2\/comments?post=105"}],"version-history":[{"count":0,"href":"https:\/\/www.kaelberer-online.de\/services\/wp-json\/wp\/v2\/pages\/105\/revisions"}],"up":[{"embeddable":true,"href":"https:\/\/www.kaelberer-online.de\/services\/wp-json\/wp\/v2\/pages\/26"}],"wp:featuredmedia":[{"embeddable":true,"href":"https:\/\/www.kaelberer-online.de\/services\/wp-json\/wp\/v2\/media\/106"}],"wp:attachment":[{"href":"https:\/\/www.kaelberer-online.de\/services\/wp-json\/wp\/v2\/media?parent=105"}],"curies":[{"name":"wp","href":"https:\/\/api.w.org\/{rel}","templated":true}]}}