{"id":103,"date":"2021-10-21T18:13:28","date_gmt":"2021-10-21T18:13:28","guid":{"rendered":"https:\/\/kaelberer-online.de\/services\/?page_id=103"},"modified":"2021-10-21T18:13:28","modified_gmt":"2021-10-21T18:13:28","slug":"telefonanlagen-anbieter-3cx","status":"publish","type":"page","link":"https:\/\/www.kaelberer-online.de\/services\/telefonanlagen\/telefonanlagen-anbieter-3cx\/","title":{"rendered":"TELEFONANLAGEN ANBIETER 3CX Beratung Tel. 07164 90 97 00"},"content":{"rendered":"<h2>\n<p>Wissen Sie die Anforderungen an Ihre neue <strong><strong>3CX<\/strong><\/strong> <strong><strong>Telefonanlage<\/strong><\/strong> schon?<\/p>\n<\/h2>\n<p><h3>Eine aktuelle <strong>3CX<\/strong> <strong>Telefonanlage<\/strong> erleichtert Ihre Gesch\u00e4ftsprozesse. Optimieren Sie Ihre Firma mit einer aktuellen und flexiblen <strong>3CX<\/strong> <strong>TK-Anlage<\/strong>. Die <strong>3CX<\/strong> <strong>TK-Anlage<\/strong> die individuell auf Ihre Anforderungen abgestimmt ist und mit Ihrem Unternehmen gro\u00df werden kann.<\/h3>\n<\/p>\n<p>Die neue Arbeitswelt die mobil unterwegs ist. Kommunizieren Sie mit einem Smartphone \u00fcber die <strong>3CX<\/strong> <strong>TK-Anlage<\/strong> mit Ihren Kunden. Nat\u00fcrlich \u00fcber Ihre Festnetz-Rufnummer als Absenderkennung. Wahren Sie die Privatsph\u00e4re und zeigen Sie Professionalit\u00e4t.<\/p>\n<p>Unsere <strong>3CX<\/strong> <strong>Telefonanlage<\/strong>n werden f\u00fcr flexibles arbeiten konzipiert. Als moderne Cloud <strong>3CX<\/strong> <strong>TK-Anlage<\/strong> oder auf der pers\u00f6nlichen Hardware hausintern gehostet. Die Installation und die Verwaltung ist einfach. Sie erhalten damit eine sichere, zuverl\u00e4ssige wie auch anpassungsf\u00e4hige <strong>3CX<\/strong> TK-Anlage.<\/p>\n<h2>Die preiswerte, variable L\u00f6sung<\/h2>\n<p>Ein unschlagbares Preis- und Leistungsverh\u00e4ltnis. Richten Sie grenzenlos viele Nebenstellen ein, stets genau da wo Sie sie gerade ben\u00f6tigen und sparen Sie Kosten.<\/p>\n<h2>St\u00fctzen Sie Ihr Verkaufspersonal.<\/h2>\n<p>Bei Anrufeingang pr\u00e4zise wissen wer im Moment anruft. Informationen sind alles. F\u00fcr Besch\u00e4ftigte sowie die Leitung. So wissen Sie genau was l\u00e4uft. W\u00e4hlen Sie mit einem einfachen Click aus dem CRM oder Ihrer Business Software jede Telefonnummer.<\/p>\n<p>W\u00e4re es nicht prima, wenn Sie von einer zentralen Oberfl\u00e4che heraus jegliche Anrufe realisieren, entgegen nehmen wie auch bearbeiten oder aber den Status Ihrer Mitarbeiter in Erfahrung bringen, eingehende Chat-News beantworten und Videoanrufe initiieren k\u00f6nnten? Mit einem Webclient als Softphone und der Windows Desktop Applikation ist alles das wie auch noch viel mehr machbar.<\/p>\n<h2>Microsoft 365 Integration<\/h2>\n<p>Verwendet Ihre Firma MS 365? In diesem Fall vernetzen Sie dieses einfach mit der <strong>3CX<\/strong> <strong>TK-Anlage<\/strong> und verschmelzen Sie alle Vorteile beider Systeme! User k\u00f6nnen nahtlos \u00fcber beide Apps arbeiten, Kontakte bearbeiten und Prozesse verschlanken, um ihre Effektivit\u00e4t zu steigern und Kunden zu begeistern. <\/p>\n<h2>Kontakte mit Ihrem <strong>3CX<\/strong> Teilnehmerverzeichnis abgleichen<\/h2>\n<h2>Microsoft Teams Telefonie-Integration<\/h2>\n<ol>\n<li>Ausschalten Microsoft\u00b4s kostspieliger Inlands-\/internationaler Tarife<\/li>\n<\/li>\n<li>Realisierung externer Telefonate via <strong>3CX<\/strong> SIP-Trunks<\/li>\n<\/li>\n<\/ol>\n<h3>Unsere Mitarbeiter beraten, organisieren Hardware sowie Softwarel\u00f6sungen, installieren, konfigurieren, nehmen in Betrieb und Supporten Ihre brandneue <strong>3CX<\/strong> <strong>TK-Anlage<\/strong>. Sie haben Fragen, oder m\u00f6chten die aktuelle Preisliste anfordern? Sie erreichen uns unter Telefon 07164 909700 sowie per Mail unter support@kaelberer-online.de<\/h3>\n<h2>Konnten wir Ihr Aufmerksamkeit wecken?<\/h2>\n<p>Jede Menge zus\u00e4tzliche top Funktionen warten auf Sie.<\/p>\n<ul>\n<li>Automatisierte Anpassung von Firewall-Regularien<\/li>\n<li>Selbst\u00e4ndig Hosten \u00fcber Google, Amazon, Microsoft &#038; mehr<\/li>\n<li>Zeitersparung mittels automatischer Anzeige von Kundendaten<\/li>\n<li>Anruf-Protokolle im Kundendatensatz f\u00fcr transparente Anrufhistorie<\/li>\n<li>Inbegriffen Backups \u00fcber Nacht sowie 24\/7-\u00dcberwachung<\/li>\n<li>Auf g\u00fcnstigem Raspberry Pi sowie MiniPC als Telefonie-Appliance<\/li>\n<li>Einfaches Weitersenden von Anrufen und Chatten mit Kollegen<\/li>\n<li>Zufriedene Kunden und weniger Aufwand f\u00fcr Ihre Kollegen<\/li>\n<li>Einleiten eines Videoanrufs von Ihrem Smartphone aus<\/li>\n<li>M\u00fcheloses Weiterleiten von Kunden an die richtige Abteilung<\/li>\n<li>Vollautomatische Anrufaufzeichnung bereinigt manuelle Eintragungen<\/li>\n<li>Kostenlose Office-Anrufe f\u00fcr remote &#038; reisende Mitarbeiter<\/li>\n<li>Kontrolle \u00fcber Ihre Leitungen und Gespr\u00e4chskosten<\/li>\n<li>Administration von System &#038; Benutzern von beliebigem Standort<\/li>\n<li>Intelligente Nutzerverwaltung spart etliche Stunden Arbeit<\/li>\n<li>Laden Sie die Applikation aus dem Google Play oder App Store runter<\/li>\n<li>Konferenzen, mobile Apps, Chat einbegriffen<\/li>\n<li>Beantwortung von Nachfragen via Livechat, Facebook &#038; SMS via Apps<\/li>\n<li>PBX Express startet Ihre <strong>3CX<\/strong>-Instanz in nur wenigen Minuten<\/li>\n<li>Anwendung \u00f6ffnen, QR Code scannen \u2013 im Nu sind Sie bereit!<\/li>\n<li>Unbegrenzte Menge von Usern kostenfrei in <strong>3CX<\/strong> enthalten<\/li>\n<li>Anrufe mit einem einzigen Click geradewegs aus CRM heraus f\u00fchren<\/li>\n<li>Virtualisieren durch VMware, Hyper-V oder KVM<\/li>\n<\/ul>\n<h3>Bitte fordern Sie erg\u00e4nzende Unterlagen oder ein Produktangebot bei unserer Firma an. Nat\u00fcrlich stellen wir Ihnen auch eine vollst\u00e4ndige Featureliste zur Verf\u00fcgung.<\/h3>\n<p>[contact-form-7 id=&#8220;5&#8243; title=&#8220;Contact form 1&#8243;]<\/p>\n","protected":false},"excerpt":{"rendered":"<p>Wissen Sie die Anforderungen an Ihre neue 3CX Telefonanlage schon? Eine aktuelle 3CX Telefonanlage erleichtert Ihre Gesch\u00e4ftsprozesse. Optimieren Sie Ihre Firma mit einer aktuellen und flexiblen 3CX TK-Anlage. Die 3CX TK-Anlage die individuell auf Ihre Anforderungen abgestimmt ist und mit Ihrem Unternehmen gro\u00df werden kann. Die neue Arbeitswelt die mobil unterwegs ist. Kommunizieren Sie mit &hellip; <a href=\"https:\/\/www.kaelberer-online.de\/services\/telefonanlagen\/telefonanlagen-anbieter-3cx\/\" class=\"more-link\">Continue reading<span class=\"screen-reader-text\"> &#8222;TELEFONANLAGEN ANBIETER 3CX Beratung Tel. 07164 90 97 00&#8220;<\/span><\/a><\/p>\n","protected":false},"author":2,"featured_media":104,"parent":26,"menu_order":0,"comment_status":"closed","ping_status":"closed","template":"","meta":{"footnotes":""},"class_list":["post-103","page","type-page","status-publish","has-post-thumbnail","hentry"],"_links":{"self":[{"href":"https:\/\/www.kaelberer-online.de\/services\/wp-json\/wp\/v2\/pages\/103","targetHints":{"allow":["GET"]}}],"collection":[{"href":"https:\/\/www.kaelberer-online.de\/services\/wp-json\/wp\/v2\/pages"}],"about":[{"href":"https:\/\/www.kaelberer-online.de\/services\/wp-json\/wp\/v2\/types\/page"}],"author":[{"embeddable":true,"href":"https:\/\/www.kaelberer-online.de\/services\/wp-json\/wp\/v2\/users\/2"}],"replies":[{"embeddable":true,"href":"https:\/\/www.kaelberer-online.de\/services\/wp-json\/wp\/v2\/comments?post=103"}],"version-history":[{"count":0,"href":"https:\/\/www.kaelberer-online.de\/services\/wp-json\/wp\/v2\/pages\/103\/revisions"}],"up":[{"embeddable":true,"href":"https:\/\/www.kaelberer-online.de\/services\/wp-json\/wp\/v2\/pages\/26"}],"wp:featuredmedia":[{"embeddable":true,"href":"https:\/\/www.kaelberer-online.de\/services\/wp-json\/wp\/v2\/media\/104"}],"wp:attachment":[{"href":"https:\/\/www.kaelberer-online.de\/services\/wp-json\/wp\/v2\/media?parent=103"}],"curies":[{"name":"wp","href":"https:\/\/api.w.org\/{rel}","templated":true}]}}