{"id":101,"date":"2021-12-11T01:03:18","date_gmt":"2021-12-11T01:03:18","guid":{"rendered":"https:\/\/kaelberer-online.de\/services\/?page_id=101"},"modified":"2021-12-11T01:03:18","modified_gmt":"2021-12-11T01:03:18","slug":"telefonanlagen-test-3cx","status":"publish","type":"page","link":"https:\/\/www.kaelberer-online.de\/services\/telefonanlagen\/telefonanlagen-test-3cx\/","title":{"rendered":"TELEFONANLAGEN TEST 3CX Installation Tel. 07164 90 97 00"},"content":{"rendered":"<h2>\n<p>Kennen Sie die Anspr\u00fcche an Ihre neue <strong><strong>3CX<\/strong><\/strong> <strong><strong>Telefonanlage<\/strong><\/strong> schon?<\/p>\n<\/h2>\n<p><h3>Eine moderne <strong>3CX<\/strong> <strong>Telefonanlage<\/strong> vereinfacht Ihre Gesch\u00e4ftsprozesse. Optimieren Sie Ihre Firma mit einer aktuellen und flexiblen <strong>3CX<\/strong> <strong>TK-Anlage<\/strong>. Die <strong>3CX<\/strong> <strong>TK-Anlage<\/strong> die individuell auf Ihre Anforderungen angepasst ist und mit dem Unternehmen wachsen kann.<\/h3>\n<\/p>\n<p>Die neue Arbeitswelt die mobil unterwegs ist. Telefonieren Sie mit dem Mobiltelefon \u00fcber die <strong>3CX<\/strong> <strong>Telefonanlage<\/strong> mit Ihren Kunden. Nat\u00fcrlich \u00fcber Ihre Festnetz-Rufnummer als Absender-Kennung. bewahren Sie die Privatsph\u00e4re und zeigen Sie Professionalit\u00e4t.<\/p>\n<p>Unsere <strong>3CX<\/strong> <strong>Telefonanlage<\/strong>n wurden auch f\u00fcr mobiles arbeiten entwickelt. Als zeitgem\u00e4\u00dfe Cloud <strong>3CX<\/strong> <strong>Telefonanlage<\/strong> oder auf Ihrer pers\u00f6nlichen Hardware hausintern gehostet. Die Installation und die Konfiguration ist einfach. Sie erhalten damit eine sichere, verl\u00e4ssliche sowie anpassungsf\u00e4hige <strong>3CX<\/strong> TK-Anlage.<\/p>\n<h2>Faire Preise f\u00fcr Ihre brandneue 3CX <strong>TK-Anlage<\/strong><\/h2>\n<p>Ein unschlagbares Preis- und Leistungsverh\u00e4ltnis. Richten Sie unendlich viele Nebenstellen ein, immer exakt da wo Sie sie im Moment ben\u00f6tigen und sparen Sie Kosten.<\/p>\n<h2>St\u00fctzen Sie Ihr Personal.<\/h2>\n<p>Bei Eingang eines Anrufs pr\u00e4zise wissen wer gerade anruft. Informationen sind alles. F\u00fcr Mitarbeiter und die Leitung. Dadurch wissen Sie pr\u00e4zise was geht. W\u00e4hlen Sie mit einem trivialen Click aus Ihrem CRM oder Ihrer Business Software jede Rufnummer.<\/p>\n<p>Ist es nicht genial, wenn Sie von einer zentralen Oberfl\u00e4che heraus alle Anrufe realisieren, entgegen nehmen und bearbeiten oder aber den Status Ihrer Arbeitskollegen abfragen, eingehende Chat-News beantworten und Videoanrufe initiieren k\u00f6nnten? Mit dem Webclient als Softphone sowie der Windows Desktop Applikation ist all das und noch jede Menge mehr m\u00f6glich.<\/p>\n<h2>Microsoft 365 Einbeziehung<\/h2>\n<p>Benutzt Ihre Firma MS 365? In diesem Fall vernetzen Sie dieses m\u00fchelos mit der <strong>3CX<\/strong> <strong>Telefonanlage<\/strong> und kombinieren Sie alle Vorteile beider Systeme! Benutzer k\u00f6nnen \u00fcbergangslos mit beiden Apps arbeiten, Kontakte bearbeiten und Vorg\u00e4nge schlanker machen, um die Effektivit\u00e4t zu steigern und Kunden zu inspirieren. <\/p>\n<h2>Kontakte mit Ihrem <strong>3CX<\/strong> Teilnehmerverzeichnis synchronisieren<\/h2>\n<h2>Microsoft Teams Telefonie-Zusammenf\u00fchrung<\/h2>\n<ol>\n<li>Realisierung externer Telefonate \u00fcber <strong>3CX<\/strong> SIP-Trunks<\/li>\n<\/li>\n<li>Selektion eines speziellen preisg\u00fcnstigen SIP-Dienstleisters Ihrer Region<\/li>\n<\/li>\n<\/ol>\n<h3>Wir informieren, beschaffen Hardware und Software, installieren, konfigurieren, nehmen in Betrieb und Supporten Ihre neue <strong>3CX<\/strong> <strong>Telefonanlage<\/strong>. Sie haben Fragen, oder wollen unsere derzeitige Liste der Preise anfordern? Sie erreichen uns unter Telefon 07164 909700 und per E-Mail-Nachricht unter support@kaelberer-online.de<\/h3>\n<h2>Vermochten wir Ihr Aufmerksamkeit wecken?<\/h2>\n<p>Jede Menge weitere interessante Features warten auf Sie.<\/p>\n<ul>\n<li>Flexible Erreichbarkeit f\u00fcr Promi-Kunden au\u00dferhalb der Gesch\u00e4ftszeiten<\/li>\n<li>Intelligente Verbindung f\u00fcr nahtlosen Wechsel zwischen Netzen<\/li>\n<li>Keinerlei Tischtelefone notwendig \u2013 Nutzen Sie Ihr Handy<\/li>\n<li>Selektieren Sie im Men\u00fc oben das QR-Code-Symbol f\u00fcr dessen Scan<\/li>\n<li>Anrufweiterleitung aufbauend auf Kundennummer oder Anfrage<\/li>\n<li>Keine Lizenzierung pro Nebenstelle, unbeschr\u00e4nkt viele Nebenstellen<\/li>\n<li>Verzahnung von Onlinepr\u00e4senz-Livechat, Facebook-Messaging und SMS<\/li>\n<li>Aktualisierung des eigenen Status &#038; Einsicht der Personal-Verf\u00fcgbarkeit<\/li>\n<li>Freih\u00e4ndiges Kommunizieren dank Siri sowie Bluetooth-Einbindung<\/li>\n<li>Plug &#038; Play mit IP-Telefonen, Gateways &#038; SIP-Trunks<\/li>\n<li>Abfrage von Klienten- und Fallnummern, um Agenten Zeit zu sparen<\/li>\n<li>Einfaches Implementieren und Verwalten ohne Schulungsbedarf<\/li>\n<li>Zuordnung der Anrufer-ID zu dem Datensatz in Ihrem CRM<\/li>\n<li>Zurverf\u00fcgungstellung Ihrer Instanz bei einem Super-Cloud-Provider<\/li>\n<li>Vollautomatische Anrufaufzeichnung bereinigt manuelle Eintragungen<\/li>\n<li>\u00c4ndern des pers\u00f6nlichen Status und Ansicht der Verf\u00fcgbarkeit des Projektteams<\/li>\n<\/ul>\n<h3>Fordern Sie weitere Informationen und ein Produktangebot bei uns an. Nat\u00fcrlich stellen wir Ihnen auch eine vollst\u00e4ndige Leistungs\u00fcbersicht zur Verf\u00fcgung.<\/h3>\n<p>[contact-form-7 id=&#8220;5&#8243; title=&#8220;Contact form 1&#8243;]<\/p>\n","protected":false},"excerpt":{"rendered":"<p>Kennen Sie die Anspr\u00fcche an Ihre neue 3CX Telefonanlage schon? Eine moderne 3CX Telefonanlage vereinfacht Ihre Gesch\u00e4ftsprozesse. Optimieren Sie Ihre Firma mit einer aktuellen und flexiblen 3CX TK-Anlage. Die 3CX TK-Anlage die individuell auf Ihre Anforderungen angepasst ist und mit dem Unternehmen wachsen kann. Die neue Arbeitswelt die mobil unterwegs ist. Telefonieren Sie mit dem &hellip; <a href=\"https:\/\/www.kaelberer-online.de\/services\/telefonanlagen\/telefonanlagen-test-3cx\/\" class=\"more-link\">Continue reading<span class=\"screen-reader-text\"> &#8222;TELEFONANLAGEN TEST 3CX Installation Tel. 07164 90 97 00&#8220;<\/span><\/a><\/p>\n","protected":false},"author":2,"featured_media":102,"parent":26,"menu_order":0,"comment_status":"closed","ping_status":"closed","template":"","meta":{"footnotes":""},"class_list":["post-101","page","type-page","status-publish","has-post-thumbnail","hentry"],"_links":{"self":[{"href":"https:\/\/www.kaelberer-online.de\/services\/wp-json\/wp\/v2\/pages\/101","targetHints":{"allow":["GET"]}}],"collection":[{"href":"https:\/\/www.kaelberer-online.de\/services\/wp-json\/wp\/v2\/pages"}],"about":[{"href":"https:\/\/www.kaelberer-online.de\/services\/wp-json\/wp\/v2\/types\/page"}],"author":[{"embeddable":true,"href":"https:\/\/www.kaelberer-online.de\/services\/wp-json\/wp\/v2\/users\/2"}],"replies":[{"embeddable":true,"href":"https:\/\/www.kaelberer-online.de\/services\/wp-json\/wp\/v2\/comments?post=101"}],"version-history":[{"count":0,"href":"https:\/\/www.kaelberer-online.de\/services\/wp-json\/wp\/v2\/pages\/101\/revisions"}],"up":[{"embeddable":true,"href":"https:\/\/www.kaelberer-online.de\/services\/wp-json\/wp\/v2\/pages\/26"}],"wp:featuredmedia":[{"embeddable":true,"href":"https:\/\/www.kaelberer-online.de\/services\/wp-json\/wp\/v2\/media\/102"}],"wp:attachment":[{"href":"https:\/\/www.kaelberer-online.de\/services\/wp-json\/wp\/v2\/media?parent=101"}],"curies":[{"name":"wp","href":"https:\/\/api.w.org\/{rel}","templated":true}]}}